{"id":905,"date":"2026-04-06T10:45:40","date_gmt":"2026-04-06T10:45:40","guid":{"rendered":"https:\/\/vetexpert.az\/?post_type=product&#038;p=905"},"modified":"2026-04-09T18:03:42","modified_gmt":"2026-04-09T18:03:42","slug":"coprovet-30-kaps","status":"publish","type":"product","link":"https:\/\/vetexpert.az\/az\/index.php\/product\/coprovet-30-kaps\/","title":{"rendered":"CoproVet (30 kaps.)"},"content":{"rendered":"<p>M\u0259hsul itl\u0259r v\u0259 pi\u015fikl\u0259r \u00fc\u00e7\u00fcn m\u0259d\u0259-ba\u011f\u0131rsaq mikrobiomunun d\u00fczg\u00fcn funksiyas\u0131n\u0131 d\u0259st\u0259kl\u0259m\u0259k \u00fc\u00e7\u00fcn t\u00f6vsiy\u0259 olunur. Bu, qeyri-adi h\u0259zmd\u0259n qaynaqlanan koprofagiya riskini azald\u0131r.<\/p>\n<p><strong>BROMELAIN<\/strong> \u2013 iltihab \u0259leyhin\u0259, fibrinolitik, x\u0259r\u00e7\u0259ng \u0259leyhin\u0259 aktivlik v\u0259 immunomodulyator t\u0259sir g\u00f6st\u0259r\u0259n tan\u0131nm\u0131\u015f ferment qar\u0131\u015f\u0131\u011f\u0131.<\/p>\n<p><strong>ENTEROCOCCUS FAECIUM, LACTOBACILLUS ACIDOPHILUS<\/strong> \u2013 itl\u0259r v\u0259 pi\u015fikl\u0259r \u00fc\u00e7\u00fcn spesifik olan bakteriyalar\u0131n canl\u0131 kulturalar\u0131 h\u0259zm sistemind\u0259 ya\u015fayan mikrofloran\u0131n optimalla\u015fd\u0131r\u0131lmas\u0131na birba\u015fa v\u0259 dolay\u0131 yolla t\u0259sir g\u00f6st\u0259rir: birba\u015fa \u2013 faydal\u0131 bakteriyalar\u0131n \u00fcst\u00fcnl\u00fck t\u0259\u015fkil ed\u0259n b\u00f6y\u00fcm\u0259si v\u0259 patogen bakteriyalar\u0131n b\u00f6y\u00fcm\u0259sinin m\u0259hdudla\u015fd\u0131r\u0131lmas\u0131 n\u0259tic\u0259sind\u0259 \u2013 dolay\u0131 yolla \u2013 ba\u011f\u0131rsaq epitel h\u00fcceyr\u0259l\u0259ri il\u0259 qar\u015f\u0131l\u0131ql\u0131 t\u0259sir yolu il\u0259 v\u0259 ba\u011f\u0131rsaq epitel immun sistemi vasit\u0259sil\u0259.<\/p>\n<p><strong>FRUKTOOL\u0130QOSAXAR\u0130DL\u018fR (FOS)<\/strong> \u2013 simbiotik floran\u0131n b\u00f6y\u00fcm\u0259sini stimulla\u015fd\u0131r\u0131r v\u0259 ba\u011f\u0131rsaq pH-\u0131na t\u0259sir g\u00f6st\u0259rir, Clostridium perfringens, Escherichia coli, Salmonella enterica \u00fc\u00e7\u00fcn \u0259lveri\u015fsiz \u015f\u0259rait yarad\u0131r.<\/p>\n<p><strong>YUCCA SCHIDIGERA<\/strong> t\u0259rkibind\u0259 saponinl\u0259r, fenollar v\u0259 iltihab \u0259leyhin\u0259, antioksidant v\u0259 antimikrob x\u00fcsusiyy\u0259tl\u0259rin\u0259 malik antioksidantlar kimi birl\u0259\u015fm\u0259l\u0259r var. H\u0259m\u00e7inin xolesterol s\u0259viyy\u0259sini azaltmaqda, immun funksiyas\u0131n\u0131 yax\u015f\u0131la\u015fd\u0131rmaqda, eyni zamanda qoxular\u0131 azaltmaqda v\u0259 h\u0259zmi yax\u015f\u0131la\u015fd\u0131rmaqda potensial faydalar\u0131 \u00f6yr\u0259nilmi\u015fdir.<\/p>\n<p><strong>D\u00fczg\u00fcn istifad\u0259 qaydalar\u0131:<\/strong> G\u00fcnd\u0259 1-2 kapsul.<\/p>\n<p>Kaps\u00fcll\u0259r birba\u015fa a\u011f\u0131za v\u0259 ya t\u0259rkibind\u0259kil\u0259ri qida il\u0259 qar\u0131\u015fd\u0131rmaqla yeridil\u0259 bil\u0259r. Yeml\u0259m\u0259zd\u0259n \u0259vv\u0259l birba\u015fa verin. Heyvanlar\u0131n h\u0259mi\u015f\u0259 t\u0259miz suya \u00e7\u0131x\u0131\u015f\u0131 olmal\u0131d\u0131r.<\/p>\n<p><strong>T\u0259rkibi:<\/strong> 13.1.6 quru ananas, 13.2.11 fruktooliqosaxaridl\u0259r (FOS), 7.12.1 Yucca schidigera Roezl. 13.3.1 kartof ni\u015fastas\u0131, 13.6.4 maqnezium stearat.<\/p>\n<p><strong>Zootexniki \u0259lav\u0259l\u0259r (kapsul ba\u015f\u0131na):<\/strong> 4b1707 Enterococcus faecium 25 mq (2.5 x 109 CFU), 4b1715 Lactobacillus acidophilus 25 mq (2.5 x 109 CFU).<\/p>\n<p><strong>Texnoloji \u0259lav\u0259l\u0259r (kapsul ba\u015f\u0131na):<\/strong> 1E460 mikrokristallik sell\u00fcloza 80 mq, 1E551b kolloid silisium 4 mq.<\/p>\n","protected":false},"excerpt":{"rendered":"<div class=\"d-flex ft__prod--sizes fix_sizes_1\">\n<div class=\"pe-3\">\n<p>M\u0259hsul itl\u0259r v\u0259 pi\u015fikl\u0259r \u00fc\u00e7\u00fcn m\u0259d\u0259-ba\u011f\u0131rsaq mikrobiomunun d\u00fczg\u00fcn funksiyas\u0131n\u0131 d\u0259st\u0259kl\u0259m\u0259k \u00fc\u00e7\u00fcn t\u00f6vsiy\u0259 olunur. Bu, qeyri-adi h\u0259zmd\u0259n qaynaqlanan koprofagiya riskini azald\u0131r.<\/p>\n<\/div>\n<\/div>\n","protected":false},"featured_media":927,"comment_status":"open","ping_status":"closed","template":"","meta":[],"product_brand":[],"product_cat":[18],"product_tag":[],"class_list":{"0":"post-905","1":"product","2":"type-product","3":"status-publish","4":"has-post-thumbnail","6":"product_cat-products","8":"first","9":"instock","10":"shipping-taxable","11":"product-type-simple"},"_links":{"self":[{"href":"https:\/\/vetexpert.az\/az\/index.php\/wp-json\/wp\/v2\/product\/905","targetHints":{"allow":["GET"]}}],"collection":[{"href":"https:\/\/vetexpert.az\/az\/index.php\/wp-json\/wp\/v2\/product"}],"about":[{"href":"https:\/\/vetexpert.az\/az\/index.php\/wp-json\/wp\/v2\/types\/product"}],"replies":[{"embeddable":true,"href":"https:\/\/vetexpert.az\/az\/index.php\/wp-json\/wp\/v2\/comments?post=905"}],"wp:featuredmedia":[{"embeddable":true,"href":"https:\/\/vetexpert.az\/az\/index.php\/wp-json\/wp\/v2\/media\/927"}],"wp:attachment":[{"href":"https:\/\/vetexpert.az\/az\/index.php\/wp-json\/wp\/v2\/media?parent=905"}],"wp:term":[{"taxonomy":"product_brand","embeddable":true,"href":"https:\/\/vetexpert.az\/az\/index.php\/wp-json\/wp\/v2\/product_brand?post=905"},{"taxonomy":"product_cat","embeddable":true,"href":"https:\/\/vetexpert.az\/az\/index.php\/wp-json\/wp\/v2\/product_cat?post=905"},{"taxonomy":"product_tag","embeddable":true,"href":"https:\/\/vetexpert.az\/az\/index.php\/wp-json\/wp\/v2\/product_tag?post=905"}],"curies":[{"name":"wp","href":"https:\/\/api.w.org\/{rel}","templated":true}]}}