{"id":904,"date":"2026-04-06T10:45:40","date_gmt":"2026-04-06T10:45:40","guid":{"rendered":"https:\/\/vetexpert.az\/?post_type=product&#038;p=904"},"modified":"2026-04-09T18:47:51","modified_gmt":"2026-04-09T18:47:51","slug":"urinovet-dog-30-tabl","status":"publish","type":"product","link":"https:\/\/vetexpert.az\/az\/index.php\/product\/urinovet-dog-30-tabl\/","title":{"rendered":"Urinovet Dog (30 tabl.)"},"content":{"rendered":"<p>M\u0259hsul itl\u0259r \u00fc\u00e7\u00fcn sidik sisteminin d\u00fczg\u00fcn funksiyalar\u0131n\u0131 d\u0259st\u0259kl\u0259m\u0259k \u00fc\u00e7\u00fcn t\u00f6vsiy\u0259 olunur.<\/p>\n<p>Qurudulmu\u015f <strong>CRANBERYY<\/strong> meyv\u0259si (Vaccinum macrocarpon) mikroorqanizml\u0259rin sidik kis\u0259si epitelin\u0259 yap\u0131\u015fmas\u0131n\u0131 azald\u0131r, sidik pH-n\u0131 normalla\u015fd\u0131r\u0131r.<\/p>\n<p>Qurudulmu\u015f C\u0259f\u0259ri k\u00f6k\u00fc (Petroselinum sativum Hoffm.) sidikqovucu t\u0259siri say\u0259sind\u0259 ifraz olunan sidik miqdar\u0131n\u0131 art\u0131r\u0131r.<\/p>\n<p><strong>QL\u00dcKOSAM\u0130N<\/strong> sidik kis\u0259si epitelini sidik komponentl\u0259rinin q\u0131c\u0131qland\u0131r\u0131c\u0131 t\u0259sirl\u0259rind\u0259n qoruyur.<\/p>\n<p><strong>D\u00fczg\u00fcn istifad\u0259 \u00fc\u00e7\u00fcn t\u0259limat:<\/strong> G\u00fcnd\u0259lik h\u0259r 10 kq b\u0259d\u0259n \u00e7\u0259kisin\u0259 1 tablet.<\/p>\n<p>Yem\u0259kd\u0259n \u0259vv\u0259l v\u0259 ya yem\u0259k zaman\u0131 q\u0259bul edilir. Tabletl\u0259r \u0259zilmi\u015f \u015f\u0259kild\u0259 q\u0259bul edil\u0259 bil\u0259r. G\u00fcnd\u0259lik doza bir ne\u00e7\u0259 tabletin q\u0259bulunu t\u0259min edirs\u0259, onu 2-3 porsiyaya b\u00f6lm\u0259k olar. K\u00f6p\u0259kl\u0259rin h\u0259mi\u015f\u0259 t\u0259miz suya \u00e7\u0131x\u0131\u015f\u0131 olmal\u0131d\u0131r.<\/p>\n<p><strong>T\u0259rkibi:<\/strong> 13.1.7 qurudulmu\u015f zo\u011fal meyv\u0259si (Vaccinium macrocarpon), 13.1.7 qurudulmu\u015f c\u0259f\u0259ri k\u00f6k\u00fc (Petroselinum sativum Hoffm.), 13.2.8 heyvan toxumalar\u0131ndan al\u0131nan ql\u00fckozamin, 13.6.4 maqnezium stearat, 11.2.1 maqnezium oksidi.<\/p>\n<p><strong>Texnoloji \u0259lav\u0259l\u0259r (q\/kq):<\/strong> 1E460 mikrokristallik sell\u00fcloza 239.1 q.<\/p>\n","protected":false},"excerpt":{"rendered":"<div class=\"d-flex ft__prod--sizes fix_sizes_1\">\n<div class=\"pe-3\">M\u0259hsul itl\u0259r \u00fc\u00e7\u00fcn sidik sisteminin d\u00fczg\u00fcn funksiyalar\u0131n\u0131 d\u0259st\u0259kl\u0259m\u0259k \u00fc\u00e7\u00fcn t\u00f6vsiy\u0259 olunur.<\/div>\n<\/div>\n","protected":false},"featured_media":925,"comment_status":"open","ping_status":"closed","template":"","meta":[],"product_brand":[],"product_cat":[18],"product_tag":[],"class_list":{"0":"post-904","1":"product","2":"type-product","3":"status-publish","4":"has-post-thumbnail","6":"product_cat-products","8":"first","9":"instock","10":"shipping-taxable","11":"product-type-simple"},"_links":{"self":[{"href":"https:\/\/vetexpert.az\/az\/index.php\/wp-json\/wp\/v2\/product\/904","targetHints":{"allow":["GET"]}}],"collection":[{"href":"https:\/\/vetexpert.az\/az\/index.php\/wp-json\/wp\/v2\/product"}],"about":[{"href":"https:\/\/vetexpert.az\/az\/index.php\/wp-json\/wp\/v2\/types\/product"}],"replies":[{"embeddable":true,"href":"https:\/\/vetexpert.az\/az\/index.php\/wp-json\/wp\/v2\/comments?post=904"}],"wp:featuredmedia":[{"embeddable":true,"href":"https:\/\/vetexpert.az\/az\/index.php\/wp-json\/wp\/v2\/media\/925"}],"wp:attachment":[{"href":"https:\/\/vetexpert.az\/az\/index.php\/wp-json\/wp\/v2\/media?parent=904"}],"wp:term":[{"taxonomy":"product_brand","embeddable":true,"href":"https:\/\/vetexpert.az\/az\/index.php\/wp-json\/wp\/v2\/product_brand?post=904"},{"taxonomy":"product_cat","embeddable":true,"href":"https:\/\/vetexpert.az\/az\/index.php\/wp-json\/wp\/v2\/product_cat?post=904"},{"taxonomy":"product_tag","embeddable":true,"href":"https:\/\/vetexpert.az\/az\/index.php\/wp-json\/wp\/v2\/product_tag?post=904"}],"curies":[{"name":"wp","href":"https:\/\/api.w.org\/{rel}","templated":true}]}}