{"id":903,"date":"2026-04-06T10:45:40","date_gmt":"2026-04-06T10:45:40","guid":{"rendered":"https:\/\/vetexpert.az\/?post_type=product&#038;p=903"},"modified":"2026-04-09T18:23:12","modified_gmt":"2026-04-09T18:23:12","slug":"hepatiale-forte-small-breed-cats-40-kaps-toff","status":"publish","type":"product","link":"https:\/\/vetexpert.az\/az\/index.php\/product\/hepatiale-forte-small-breed-cats-40-kaps-toff\/","title":{"rendered":"Hepatiale Forte Small Breed &#038; Cats (40 kaps. toff)"},"content":{"rendered":"<p>M\u0259hsul ki\u00e7ik cinsli itl\u0259r v\u0259 pi\u015fikl\u0259r \u00fc\u00e7\u00fcn qaraciy\u0259rin d\u00fczg\u00fcn funksiyas\u0131n\u0131 d\u0259st\u0259kl\u0259m\u0259k \u00fc\u00e7\u00fcn t\u00f6vsiy\u0259 olunur.<\/p>\n<p><strong>Soya paxlas\u0131nda<\/strong> olan LESIT\u0130N fosfolipidl\u0259rin m\u0259nb\u0259yidir. Fosfolipidl\u0259r ya\u011f tur\u015fular\u0131 il\u0259 z\u0259ngindir v\u0259 qaraciy\u0259r, beyin v\u0259 \u00fcr\u0259k h\u00fcceyr\u0259l\u0259rinin membranlar\u0131n\u0131n tikinti bloklar\u0131n\u0131 t\u0259\u015fkil edir. \u018fn vacib fosfolipid qaraciy\u0259r h\u00fcceyr\u0259l\u0259rinin, y\u0259ni hepatositl\u0259rin membran\u0131n\u0131 t\u0259\u015fkil ed\u0259n b\u00fct\u00fcn fosfolipidl\u0259rin t\u0259xmin\u0259n 40%-ni t\u0259\u015fkil ed\u0259n fosfatidilkolindir. Fosfatidilkolin ya\u011flar\u0131n metabolizmas\u0131nda i\u015ftirak edir, hepatositl\u0259r\u0259 qoruyucu t\u0259sir g\u00f6st\u0259rir, hepatosit h\u00fcceyr\u0259 membranlar\u0131n\u0131n b\u0259rpas\u0131 v\u0259 sabitl\u0259\u015fm\u0259si prosesl\u0259rini d\u0259st\u0259kl\u0259yir v\u0259 qaraciy\u0259ri z\u0259d\u0259l\u0259nm\u0259d\u0259n qoruyur.<\/p>\n<p><strong>ARG\u0130N\u0130N<\/strong> qaraciy\u0259rd\u0259 bir s\u0131ra metabolik prosesl\u0259rd\u0259 i\u015ftirak ed\u0259n ekzogen protein amin tur\u015fusudur. Onun \u0259sas funksiyas\u0131 karbamid d\u00f6vr\u00fc vasit\u0259sil\u0259 azot v\u0259 ammonyak\u0131n da\u015f\u0131nmas\u0131, toplanmas\u0131 v\u0259 ifraz\u0131 il\u0259 \u0259laq\u0259dard\u0131r. Arginin yuxar\u0131da qeyd olunan karbamid d\u00f6vr\u00fcnd\u0259 ornitinin s\u0259l\u0259fidir. H\u0259m\u00e7inin metabolik stress v\u0259 y\u00fcks\u0259k proteinli p\u0259hrizl\u0259rd\u0259 \u015f\u0259rti olaraq vacib amin tur\u015fusudur.<\/p>\n<p><strong>QLUTAM\u0130N<\/strong> katabolik stress \u015f\u0259raitind\u0259 \u015f\u0259rti olaraq vacib hala g\u0259l\u0259n bir amin tur\u015fusudur. Onun \u0259sas funksiyas\u0131 qaraciy\u0259rd\u0259 ba\u015f ver\u0259n ql\u00fckoneogenez \u00fc\u00e7\u00fcn substrat t\u0259min etm\u0259kdir. O, h\u0259m\u00e7inin ornitinin s\u0259l\u0259fidir v\u0259 bel\u0259likl\u0259, azot metabolizmas\u0131nda m\u00fch\u00fcm rol oynay\u0131r v\u0259 z\u00fclal metabolizmas\u0131 n\u0259tic\u0259sind\u0259 \u0259m\u0259l\u0259 g\u0259l\u0259n ammonyak\u0131n b\u0259d\u0259nd\u0259n \u00e7\u0131xar\u0131lmas\u0131na k\u00f6m\u0259k edir.<\/p>\n<p><strong>D\u00fczg\u00fcn istifad\u0259 \u00fc\u00e7\u00fcn t\u0259limat:<\/strong><\/p>\n<p>Pi\u015fikl\u0259r \u2013 g\u00fcnd\u0259 1 kapsul. \u0130tl\u0259r \u2013 g\u00fcnd\u0259 h\u0259r 5 kq b\u0259d\u0259n \u00e7\u0259kisin\u0259 1 kapsul.<\/p>\n<p>Kaps\u00fcl\u00fcn ucu burulmal\u0131 v\u0259 ya k\u0259silm\u0259li, i\u00e7ind\u0259kil\u0259r s\u0131x\u0131lmal\u0131 v\u0259 qida il\u0259 qar\u0131\u015fd\u0131r\u0131lmal\u0131 v\u0259 ya birba\u015fa a\u011f\u0131za verilm\u0259lidir. Heyvanlar\u0131n h\u0259mi\u015f\u0259 t\u0259miz suya \u00e7\u0131x\u0131\u015f\u0131 olmal\u0131d\u0131r.<\/p>\n<p><strong>T\u0259rkibi:<\/strong> 2.20.1 t\u0259mizl\u0259nmi\u015f soya ya\u011f\u0131 maks. (L.) Merr., 2.21.1 xam lesitinl\u0259r, 9.6.1 L-arginin, 12.3.2 L-ql\u00fctamin, 9.3.1 ar\u0131 mumu.<\/p>\n<p><strong>Texnoloji \u0259lav\u0259l\u0259r (q\/kq):<\/strong> 1E551b kolloid silisium 9.7 q.<\/p>\n","protected":false},"excerpt":{"rendered":"<div class=\"d-flex ft__prod--sizes fix_sizes_1\">\n<div class=\"pe-3\">M\u0259hsul ki\u00e7ik cinsli itl\u0259r v\u0259 pi\u015fikl\u0259r \u00fc\u00e7\u00fcn qaraciy\u0259rin d\u00fczg\u00fcn funksiyas\u0131n\u0131 d\u0259st\u0259kl\u0259m\u0259k \u00fc\u00e7\u00fcn t\u00f6vsiy\u0259 olunur.<\/div>\n<\/div>\n","protected":false},"featured_media":921,"comment_status":"open","ping_status":"closed","template":"","meta":[],"product_brand":[],"product_cat":[18],"product_tag":[],"class_list":{"0":"post-903","1":"product","2":"type-product","3":"status-publish","4":"has-post-thumbnail","6":"product_cat-products","8":"first","9":"instock","10":"shipping-taxable","11":"product-type-simple"},"_links":{"self":[{"href":"https:\/\/vetexpert.az\/az\/index.php\/wp-json\/wp\/v2\/product\/903","targetHints":{"allow":["GET"]}}],"collection":[{"href":"https:\/\/vetexpert.az\/az\/index.php\/wp-json\/wp\/v2\/product"}],"about":[{"href":"https:\/\/vetexpert.az\/az\/index.php\/wp-json\/wp\/v2\/types\/product"}],"replies":[{"embeddable":true,"href":"https:\/\/vetexpert.az\/az\/index.php\/wp-json\/wp\/v2\/comments?post=903"}],"wp:featuredmedia":[{"embeddable":true,"href":"https:\/\/vetexpert.az\/az\/index.php\/wp-json\/wp\/v2\/media\/921"}],"wp:attachment":[{"href":"https:\/\/vetexpert.az\/az\/index.php\/wp-json\/wp\/v2\/media?parent=903"}],"wp:term":[{"taxonomy":"product_brand","embeddable":true,"href":"https:\/\/vetexpert.az\/az\/index.php\/wp-json\/wp\/v2\/product_brand?post=903"},{"taxonomy":"product_cat","embeddable":true,"href":"https:\/\/vetexpert.az\/az\/index.php\/wp-json\/wp\/v2\/product_cat?post=903"},{"taxonomy":"product_tag","embeddable":true,"href":"https:\/\/vetexpert.az\/az\/index.php\/wp-json\/wp\/v2\/product_tag?post=903"}],"curies":[{"name":"wp","href":"https:\/\/api.w.org\/{rel}","templated":true}]}}