{"id":902,"date":"2026-04-06T10:45:40","date_gmt":"2026-04-06T10:45:40","guid":{"rendered":"https:\/\/vetexpert.az\/?post_type=product&#038;p=902"},"modified":"2026-04-09T18:41:24","modified_gmt":"2026-04-09T18:41:24","slug":"stomaferin-ultra-30-ml","status":"publish","type":"product","link":"https:\/\/vetexpert.az\/az\/index.php\/product\/stomaferin-ultra-30-ml\/","title":{"rendered":"Stomaferin Ultra (30 ml)"},"content":{"rendered":"<p>Stomaferin <strong>ULTRA<\/strong> \u2013 itl\u0259rin v\u0259 ya pi\u015fikl\u0259rin a\u011f\u0131z sa\u011flaml\u0131\u011f\u0131n\u0131n qorunmas\u0131 \u00fc\u00e7\u00fcn h\u0259rt\u0259r\u0259fli v\u0259 rahat d\u0259st\u0259k. A\u011f\u0131z bo\u015flu\u011funun dezinfeksiyas\u0131na v\u0259 yerli immun reaksiyas\u0131n\u0131n stimulla\u015fd\u0131r\u0131lmas\u0131na k\u00f6m\u0259k edir.<br \/>\nM\u0259hsul iki aktiv madd\u0259nin unikal kombinasiyas\u0131 say\u0259sind\u0259 ikit\u0259r\u0259fli t\u0259sir g\u00f6st\u0259rir: xlorheksidin v\u0259 laktoferrin.<\/p>\n<p><strong>XLORHEKS\u0130D\u0130N<\/strong> \u2013 di\u015fl\u0259rd\u0259 bakterial l\u00f6vh\u0259nin \u0259m\u0259l\u0259 g\u0259lm\u0259sini azaltma\u011fa k\u00f6m\u0259k edir v\u0259 Stomaferin Ultra-n\u0131n problemin s\u0259b\u0259bin\u0259 istiqam\u0259tli reaksiya verm\u0259sin\u0259 k\u00f6m\u0259k edir. Uzunm\u00fcdd\u0259tli antibakterial t\u0259sir g\u00f6st\u0259rir (8 saatdan h\u0259tta 12 saata q\u0259d\u0259r*)1, o c\u00fcml\u0259d\u0259n:<\/p>\n<p>di\u015f s\u0259thind\u0259 bakteriyalar\u0131n kolonizasiyas\u0131n\u0131 v\u0259 b\u00f6y\u00fcm\u0259sini mane\u0259 t\u00f6r\u0259dir<br \/>\nl\u00f6vh\u0259nin \u00e7\u00f6km\u0259sini 60%-\u0259 q\u0259d\u0259r azald\u0131r<br \/>\nt\u00fcp\u00fcrc\u0259kd\u0259ki bakteriyalar\u0131n miqdar\u0131n\u0131 95%-\u0259 q\u0259d\u0259r azald\u0131r<br \/>\n<strong>LAKTOFERR\u0130N<\/strong> \u2013 t\u0259rkibi bakterial l\u00f6vh\u0259nin \u0259m\u0259l\u0259 g\u0259lm\u0259sinin m\u0259nfi t\u0259sirl\u0259rini azald\u0131r v\u0259 iltihaba s\u0259b\u0259b olur**. Bel\u0259likl\u0259, Stomaferin Ultra problemin \u00f6z\u00fcn\u0259 d\u0259 istiqam\u0259tli reaksiya verir. Laktoferrin immunomodulyator t\u0259sir\u0259 malikdir v\u0259 di\u015f \u0259ti hipertrofiyas\u0131n\u0131n qar\u015f\u0131s\u0131n\u0131 alma\u011fa k\u00f6m\u0259k edir.<\/p>\n<p>*preparat yatmazdan \u0259vv\u0259l t\u0259tbiq edildikd\u0259, g\u00fcn \u0259rzind\u0259 t\u0259xmin\u0259n 8 saata, gec\u0259 is\u0259 12 saata q\u0259d\u0259r t\u0259sir g\u00f6st\u0259rir.<\/p>\n<p>**m\u0259hsulun he\u00e7 bir terapevtik x\u00fcsusiyy\u0259ti yoxdur. 1. De Spain Eden Bec y, Chapter 16: Prevention Strategies for Periodontal Diseases in Prevention in Clinical Ora\u0142 Health Gare, 2008: 213-229<\/p>\n<p>D\u00fczg\u00fcn istifad\u0259 qaydalar\u0131: Preparat\u0131 a\u011f\u0131z bo\u015flu\u011funun selikli qi\u015fas\u0131na \u00e7\u0259n\u0259 buca\u011f\u0131ndan v\u0259 ya birba\u015fa di\u015f \u0259tinin \u00fcz\u0259rin\u0259 \u00e7\u0259kin, aplikatoru selikli qi\u015fadan t\u0259xmin\u0259n 1-2 sm m\u0259saf\u0259d\u0259 saxlay\u0131n. \u0130stifad\u0259d\u0259n \u0259vv\u0259l silk\u0259l\u0259yin. Bir nasosla aktivl\u0259\u015fdirm\u0259 0,2 ml preparat verir. G\u00fcnd\u0259 1-2 d\u0259f\u0259 istifad\u0259 edin. Bir nahiy\u0259y\u0259 t\u0259k nasosla aktivl\u0259\u015fdirm\u0259 yolu il\u0259 veril\u0259n dozadan art\u0131q t\u0259tbiq etm\u0259yin.<\/p>\n<p>Aplikatorun ucunu a\u011f\u0131za daxil ed\u0259rk\u0259n m\u0259hsul a\u011f\u0131z bo\u015flu\u011funun selikli qi\u015fas\u0131na d\u0259qiq \u015f\u0259kild\u0259 t\u0259tbiq oluna bil\u0259r.<\/p>\n<p>Gel formulu mayed\u0259n daha yax\u015f\u0131 yap\u0131\u015f\u0131r v\u0259 daha t\u0259sirli olur.<\/p>\n<p><strong>Vacibdir:<\/strong> T\u0259z\u0259, qanayan yaralara v\u0259 xlorheksidin hiperh\u0259ssasl\u0131\u011f\u0131 olan heyvanlara t\u0259tbiq etm\u0259yin.<\/p>\n<p><strong>T\u0259rkibi:<\/strong> su, qliserol, laktoferrin, xlorheksidin diql\u00fckonat, ksantan saqq\u0131z\u0131, kalium sorbat.<\/p>\n","protected":false},"excerpt":{"rendered":"<div class=\"d-flex ft__prod--sizes fix_sizes_1\">\n<div class=\"pe-3\">Stomaferin Ultra \u2013 itl\u0259rin v\u0259 ya pi\u015fikl\u0259rin a\u011f\u0131z sa\u011flaml\u0131\u011f\u0131n\u0131n qorunmas\u0131 \u00fc\u00e7\u00fcn h\u0259rt\u0259r\u0259fli v\u0259 rahat d\u0259st\u0259k.<\/div>\n<\/div>\n","protected":false},"featured_media":920,"comment_status":"open","ping_status":"closed","template":"","meta":[],"product_brand":[],"product_cat":[18],"product_tag":[],"class_list":{"0":"post-902","1":"product","2":"type-product","3":"status-publish","4":"has-post-thumbnail","6":"product_cat-products","8":"first","9":"instock","10":"shipping-taxable","11":"product-type-simple"},"_links":{"self":[{"href":"https:\/\/vetexpert.az\/az\/index.php\/wp-json\/wp\/v2\/product\/902","targetHints":{"allow":["GET"]}}],"collection":[{"href":"https:\/\/vetexpert.az\/az\/index.php\/wp-json\/wp\/v2\/product"}],"about":[{"href":"https:\/\/vetexpert.az\/az\/index.php\/wp-json\/wp\/v2\/types\/product"}],"replies":[{"embeddable":true,"href":"https:\/\/vetexpert.az\/az\/index.php\/wp-json\/wp\/v2\/comments?post=902"}],"wp:featuredmedia":[{"embeddable":true,"href":"https:\/\/vetexpert.az\/az\/index.php\/wp-json\/wp\/v2\/media\/920"}],"wp:attachment":[{"href":"https:\/\/vetexpert.az\/az\/index.php\/wp-json\/wp\/v2\/media?parent=902"}],"wp:term":[{"taxonomy":"product_brand","embeddable":true,"href":"https:\/\/vetexpert.az\/az\/index.php\/wp-json\/wp\/v2\/product_brand?post=902"},{"taxonomy":"product_cat","embeddable":true,"href":"https:\/\/vetexpert.az\/az\/index.php\/wp-json\/wp\/v2\/product_cat?post=902"},{"taxonomy":"product_tag","embeddable":true,"href":"https:\/\/vetexpert.az\/az\/index.php\/wp-json\/wp\/v2\/product_tag?post=902"}],"curies":[{"name":"wp","href":"https:\/\/api.w.org\/{rel}","templated":true}]}}