{"id":901,"date":"2026-04-06T10:45:40","date_gmt":"2026-04-06T10:45:40","guid":{"rendered":"https:\/\/vetexpert.az\/?post_type=product&#038;p=901"},"modified":"2026-04-09T18:45:58","modified_gmt":"2026-04-09T18:45:58","slug":"urinovet-cat-dilution-45-twist-off","status":"publish","type":"product","link":"https:\/\/vetexpert.az\/az\/index.php\/product\/urinovet-cat-dilution-45-twist-off\/","title":{"rendered":"Urinovet Cat Dilution 45 twist off"},"content":{"rendered":"<p>M\u0259hsul pi\u015fikl\u0259r \u00fc\u00e7\u00fcn sidik sisteminin optimal funksiyalar\u0131n\u0131 d\u0259st\u0259kl\u0259m\u0259k \u00fc\u00e7\u00fcn t\u00f6vsiy\u0259 olunur. Sidik tur\u015fula\u015fd\u0131r\u0131c\u0131 madd\u0259l\u0259r ehtiva edir. G\u00fccl\u00fc sidik tur\u015fula\u015fd\u0131r\u0131c\u0131 x\u00fcsusiyy\u0259tl\u0259ri olan dig\u0259r m\u0259hsullar v\u0259 ya p\u0259hriz yeml\u0259ri il\u0259 birlikd\u0259 istifad\u0259 etm\u0259yin.<\/p>\n<p><strong>DL-METION\u0130N<\/strong>, sidiyi tur\u015fula\u015fd\u0131ran bir amin tur\u015fusudur v\u0259 bu da sidik yollar\u0131nda kristallar\u0131n v\u0259 da\u015flar\u0131n \u0259m\u0259l\u0259 g\u0259lm\u0259sinin qar\u015f\u0131s\u0131n\u0131 alma\u011fa k\u00f6m\u0259k ed\u0259 bil\u0259r.<\/p>\n<p><strong>C V\u0130TAM\u0130N\u0130<\/strong>, sidik yollar\u0131ndak\u0131 h\u00fcceyr\u0259l\u0259ri z\u0259d\u0259l\u0259nm\u0259d\u0259n qoruma\u011fa k\u00f6m\u0259k ed\u0259 bil\u0259n bir antioksidand\u0131r. H\u0259m\u00e7inin sidiyi tur\u015fula\u015fd\u0131rma\u011fa k\u00f6m\u0259k ed\u0259 bil\u0259r ki, bu da kristallar\u0131n v\u0259 da\u015flar\u0131n \u0259m\u0259l\u0259 g\u0259lm\u0259sinin qar\u015f\u0131s\u0131n\u0131 alma\u011fa k\u00f6m\u0259k ed\u0259 bil\u0259r.<\/p>\n<p><strong>Z\u018fNG\u0130L\u0130 EKSTRAKTI<\/strong> bakteriyalar\u0131n sidik yollar\u0131n\u0131n divarlar\u0131na yap\u0131\u015fmas\u0131n\u0131n qar\u015f\u0131s\u0131n\u0131 alaraq i\u015fl\u0259yir.<\/p>\n<p><strong>C\u018fFT\u018fN EKSTRAKTI<\/strong>, sidik ifraz\u0131n\u0131 art\u0131rma\u011fa k\u00f6m\u0259k ed\u0259 bil\u0259n bir sidikqovucudur v\u0259 bu da sidik yollar\u0131n\u0131 t\u0259mizl\u0259m\u0259y\u0259 v\u0259 kristallar\u0131n v\u0259 da\u015flar\u0131n \u0259m\u0259l\u0259 g\u0259lm\u0259sinin qar\u015f\u0131s\u0131n\u0131 alma\u011fa k\u00f6m\u0259k ed\u0259 bil\u0259r.<\/p>\n<p><strong>VALER\u0130AN EKSTRAKTI,<\/strong> pi\u015fikl\u0259rd\u0259 stress v\u0259 narahatl\u0131\u011f\u0131 azaltma\u011fa k\u00f6m\u0259k ed\u0259 bil\u0259n t\u0259bii bir sakitl\u0259\u015fdiricidir. Bu, stressd\u0259n qaynaqlanan sistitd\u0259n \u0259ziyy\u0259t \u00e7\u0259k\u0259n pi\u015fikl\u0259r \u00fc\u00e7\u00fcn faydal\u0131 ola bil\u0259r.<\/p>\n<p><strong>G\u0130C\u0130D\u018fN YARPA\u011eI EKSTRAKTI<\/strong> sidik yollar\u0131nda iltihab\u0131 azaltma\u011fa k\u00f6m\u0259k ed\u0259 bil\u0259n t\u0259bii iltihab \u0259leyhin\u0259 vasit\u0259dir. H\u0259m\u00e7inin sidikqovucu t\u0259sir\u0259 malik ola bil\u0259r ki, bu da sidik yollar\u0131n\u0131 t\u0259mizl\u0259m\u0259y\u0259 k\u00f6m\u0259k ed\u0259 bil\u0259r.<\/p>\n<p><strong>D\u00fczg\u00fcn istifad\u0259 \u00fc\u00e7\u00fcn t\u0259limat:<\/strong> G\u00fcnd\u0259 2 kapsul (m\u0259s\u0259l\u0259n, s\u0259h\u0259r v\u0259 ax\u015fam biri).<\/p>\n<p>Kaps\u00fcl\u00fcn ucu burulmal\u0131 v\u0259 ya k\u0259silm\u0259li, i\u00e7ind\u0259kil\u0259r s\u0131x\u0131lmal\u0131 v\u0259 qida il\u0259 qar\u0131\u015fd\u0131r\u0131lmal\u0131 v\u0259 ya birba\u015fa a\u011f\u0131za verilm\u0259lidir. Pi\u015fik h\u0259mi\u015f\u0259 t\u0259miz suya \u00e7\u0131x\u0131\u015f\u0131 olmal\u0131d\u0131r.<\/p>\n<p><strong>T\u0259rkibi:<\/strong> 2.20.1 T\u0259mizl\u0259nmi\u015f soya ya\u011f\u0131 maks. Qlisin. (L.) Merr., 2.20.1 t\u0259mizl\u0259nmi\u015f palma ya\u011f\u0131, 13.1.7 qurudulmu\u015f zo\u011fal meyv\u0259si (Vaccinium macrocarpon), 13.2.8 heyvan toxumalar\u0131ndan al\u0131nan ql\u00fckozamin, 2.21.1 xam lesitinl\u0259r, 13.6.2 qliserin monostearat, 13.1.7 qurudulmu\u015f c\u0259f\u0259ri k\u00f6k\u00fc (Petroselinum sativum Hoffm.).<\/p>\n<p><strong>Qida \u0259lav\u0259l\u0259ri (q\/kq):<\/strong> 3c301 DL-metionin 228.9 q, 3a300 C vitamini 68.7 q, 3a831 B6 vitamini 2.7 q.<\/p>\n<p><strong>Hiss \u0259lav\u0259l\u0259ri (q\/kq):<\/strong> 2b valerian k\u00f6k ekstrakt\u0131 (Valeriana officinalis L.) 9.2 q, 2b adi gicitk\u0259n ekstrakt\u0131 (Urtica dioica L.) 9.2 q.<\/p>\n<p><strong>Texnoloji \u0259lav\u0259l\u0259r (q\/kq):<\/strong> 1E551b kolloid silisium 4.9 q.<\/p>\n","protected":false},"excerpt":{"rendered":"<div class=\"d-flex ft__prod--sizes fix_sizes_1\">\n<div class=\"pe-3\">M\u0259hsul pi\u015fikl\u0259r \u00fc\u00e7\u00fcn sidik sisteminin optimal funksiyalar\u0131n\u0131 d\u0259st\u0259kl\u0259m\u0259k \u00fc\u00e7\u00fcn t\u00f6vsiy\u0259 olunur. Sidik tur\u015fula\u015fd\u0131r\u0131c\u0131 madd\u0259l\u0259r ehtiva edir.<\/div>\n<\/div>\n","protected":false},"featured_media":919,"comment_status":"open","ping_status":"closed","template":"","meta":[],"product_brand":[],"product_cat":[18],"product_tag":[],"class_list":{"0":"post-901","1":"product","2":"type-product","3":"status-publish","4":"has-post-thumbnail","6":"product_cat-products","8":"first","9":"instock","10":"shipping-taxable","11":"product-type-simple"},"_links":{"self":[{"href":"https:\/\/vetexpert.az\/az\/index.php\/wp-json\/wp\/v2\/product\/901","targetHints":{"allow":["GET"]}}],"collection":[{"href":"https:\/\/vetexpert.az\/az\/index.php\/wp-json\/wp\/v2\/product"}],"about":[{"href":"https:\/\/vetexpert.az\/az\/index.php\/wp-json\/wp\/v2\/types\/product"}],"replies":[{"embeddable":true,"href":"https:\/\/vetexpert.az\/az\/index.php\/wp-json\/wp\/v2\/comments?post=901"}],"wp:featuredmedia":[{"embeddable":true,"href":"https:\/\/vetexpert.az\/az\/index.php\/wp-json\/wp\/v2\/media\/919"}],"wp:attachment":[{"href":"https:\/\/vetexpert.az\/az\/index.php\/wp-json\/wp\/v2\/media?parent=901"}],"wp:term":[{"taxonomy":"product_brand","embeddable":true,"href":"https:\/\/vetexpert.az\/az\/index.php\/wp-json\/wp\/v2\/product_brand?post=901"},{"taxonomy":"product_cat","embeddable":true,"href":"https:\/\/vetexpert.az\/az\/index.php\/wp-json\/wp\/v2\/product_cat?post=901"},{"taxonomy":"product_tag","embeddable":true,"href":"https:\/\/vetexpert.az\/az\/index.php\/wp-json\/wp\/v2\/product_tag?post=901"}],"curies":[{"name":"wp","href":"https:\/\/api.w.org\/{rel}","templated":true}]}}