{"id":900,"date":"2026-04-06T10:45:40","date_gmt":"2026-04-06T10:45:40","guid":{"rendered":"https:\/\/vetexpert.az\/?post_type=product&#038;p=900"},"modified":"2026-04-09T18:16:07","modified_gmt":"2026-04-09T18:16:07","slug":"hemovet-60-tabl","status":"publish","type":"product","link":"https:\/\/vetexpert.az\/az\/index.php\/product\/hemovet-60-tabl\/","title":{"rendered":"Hemovet 60 tabl."},"content":{"rendered":"<p>M\u0259hsul qan h\u00fcceyr\u0259l\u0259rinin v\u0259 hematopoetik sistemin optimal f\u0259aliyy\u0259tini d\u0259st\u0259kl\u0259m\u0259k \u00fc\u00e7\u00fcn itl\u0259r\u0259 t\u00f6vsiy\u0259 olunur.<\/p>\n<p>M\u0259hsulun t\u0259rkibind\u0259ki komponentl\u0259r hematopoez (q\u0131rm\u0131z\u0131 qan h\u00fcceyr\u0259l\u0259rinin istehsal\u0131) prosesind\u0259 i\u015ftirak edir.<\/p>\n<p><strong>D\u0259mir<\/strong> b\u0259d\u0259nd\u0259 oksigen da\u015f\u0131nmas\u0131 \u00fc\u00e7\u00fcn vacib olan hemoglobin v\u0259 mioqlobinin istehsal\u0131 \u00fc\u00e7\u00fcn vacibdir. Hem \u015f\u0259klind\u0259 \u00fczvi d\u0259mirin t\u0259rkibi qeyri-\u00fczvi d\u0259mird\u0259n daha y\u00fcks\u0259k biom\u0259nims\u0259nilm\u0259 qabiliyy\u0259tin\u0259 malik \u0259n \u00e7ox m\u0259nims\u0259nil\u0259n d\u0259mir formas\u0131d\u0131r.<\/p>\n<p><strong>C vitamini<\/strong> s\u00fcm\u00fck iliyind\u0259ki hematopoetik h\u00fcceyr\u0259l\u0259rin differensiasiyas\u0131nda i\u015ftirak edir v\u0259 onlar\u0131n oksidl\u0259\u015fdirici stressd\u0259n qorunmas\u0131n\u0131 d\u0259st\u0259kl\u0259yir.<\/p>\n<p><strong>Mis<\/strong> d\u0259mirin q\u0131rm\u0131z\u0131 qan h\u00fcceyr\u0259l\u0259rinin \u0259m\u0259l\u0259 g\u0259ldiyi s\u00fcm\u00fck iliyin\u0259 da\u015f\u0131nmas\u0131 \u00fc\u00e7\u00fcn vacibdir. Q\u0131rm\u0131z\u0131 qan h\u00fcceyr\u0259l\u0259rinin d\u00fczg\u00fcn istehsal\u0131na t\u0259sir g\u00f6st\u0259rir.<\/p>\n<p><strong>B6 vitamini<\/strong> (piridoksal) hemoglobinin \u0259sas komponenti olan hem istehsal\u0131nda istifad\u0259 olunur.<\/p>\n<p><strong>Fol tur\u015fusu<\/strong> v\u0259 <strong>B12<\/strong> vitamini s\u00fcm\u00fck iliyind\u0259 hematopoetik h\u00fcceyr\u0259 differensiasiyas\u0131 prosesl\u0259rini d\u0259st\u0259kl\u0259m\u0259kl\u0259 q\u0131rm\u0131z\u0131 qan h\u00fcceyr\u0259l\u0259rinin d\u00fczg\u00fcn istehsal\u0131na k\u00f6m\u0259k edir.<\/p>\n<p><strong>D\u00fczg\u00fcn istifad\u0259 qaydalar\u0131:<\/strong> G\u00fcnd\u0259lik 10 kq b\u0259d\u0259n \u00e7\u0259kisin\u0259 1 tablet.<\/p>\n<p>Yem\u0259kd\u0259n \u0259vv\u0259l v\u0259 ya yem\u0259k zaman\u0131 q\u0259bul edilir. Tabletl\u0259r \u0259zilmi\u015f \u015f\u0259kild\u0259 q\u0259bul edil\u0259 bil\u0259r. G\u00fcnd\u0259lik doza bir ne\u00e7\u0259 tabletin q\u0259bulunu n\u0259z\u0259rd\u0259 tutursa, onu 2-3 porsiyaya b\u00f6lm\u0259k olar. K\u00f6p\u0259kl\u0259rin h\u0259mi\u015f\u0259 t\u0259miz suya \u00e7\u0131x\u0131\u015f\u0131 olmal\u0131d\u0131r.<\/p>\n<p><strong>T\u0259rkibi:<\/strong> 9.8.1 Donuz qan\u0131 m\u0259hsullar\u0131 (hem d\u0259mir m\u0259nb\u0259yi kimi), 13.6.4 Maqnezium stearat.<\/p>\n<p><strong>Qida \u0259lav\u0259l\u0259ri (q\/kq):<\/strong> 3a300 C vitamini 146.3 q, 3b415 mis (II) qlisin hidrat\u0131n\u0131n xelat\u0131 (b\u0259rk) 98.5 q, 3a831 B6 vitamini 2.9 q, 3a835 B12 vitamini 0.02 q, 3a316 fol tur\u015fusu 0.1 q.<\/p>\n<p><strong>Texnoloji \u0259lav\u0259l\u0259r (q\/kq):<\/strong> 1E460 mikrokristallik sell\u00fcloza 586,3 q.<\/p>\n","protected":false},"excerpt":{"rendered":"<div class=\"d-flex ft__prod--sizes fix_sizes_1\">\n<div class=\"pe-3\">M\u0259hsul qan h\u00fcceyr\u0259l\u0259rinin v\u0259 hematopoetik sistemin optimal f\u0259aliyy\u0259tini d\u0259st\u0259kl\u0259m\u0259k \u00fc\u00e7\u00fcn itl\u0259r\u0259 t\u00f6vsiy\u0259 olunur.<\/div>\n<\/div>\n","protected":false},"featured_media":918,"comment_status":"open","ping_status":"closed","template":"","meta":[],"product_brand":[],"product_cat":[18],"product_tag":[],"class_list":{"0":"post-900","1":"product","2":"type-product","3":"status-publish","4":"has-post-thumbnail","6":"product_cat-products","8":"first","9":"instock","10":"shipping-taxable","11":"product-type-simple"},"_links":{"self":[{"href":"https:\/\/vetexpert.az\/az\/index.php\/wp-json\/wp\/v2\/product\/900","targetHints":{"allow":["GET"]}}],"collection":[{"href":"https:\/\/vetexpert.az\/az\/index.php\/wp-json\/wp\/v2\/product"}],"about":[{"href":"https:\/\/vetexpert.az\/az\/index.php\/wp-json\/wp\/v2\/types\/product"}],"replies":[{"embeddable":true,"href":"https:\/\/vetexpert.az\/az\/index.php\/wp-json\/wp\/v2\/comments?post=900"}],"wp:featuredmedia":[{"embeddable":true,"href":"https:\/\/vetexpert.az\/az\/index.php\/wp-json\/wp\/v2\/media\/918"}],"wp:attachment":[{"href":"https:\/\/vetexpert.az\/az\/index.php\/wp-json\/wp\/v2\/media?parent=900"}],"wp:term":[{"taxonomy":"product_brand","embeddable":true,"href":"https:\/\/vetexpert.az\/az\/index.php\/wp-json\/wp\/v2\/product_brand?post=900"},{"taxonomy":"product_cat","embeddable":true,"href":"https:\/\/vetexpert.az\/az\/index.php\/wp-json\/wp\/v2\/product_cat?post=900"},{"taxonomy":"product_tag","embeddable":true,"href":"https:\/\/vetexpert.az\/az\/index.php\/wp-json\/wp\/v2\/product_tag?post=900"}],"curies":[{"name":"wp","href":"https:\/\/api.w.org\/{rel}","templated":true}]}}