{"id":899,"date":"2026-04-06T10:45:40","date_gmt":"2026-04-06T10:45:40","guid":{"rendered":"https:\/\/vetexpert.az\/?post_type=product&#038;p=899"},"modified":"2026-04-17T12:32:08","modified_gmt":"2026-04-17T12:32:08","slug":"hepatiale-forte-advanced-30-tabl-turcja","status":"publish","type":"product","link":"https:\/\/vetexpert.az\/az\/index.php\/product\/hepatiale-forte-advanced-30-tabl-turcja\/","title":{"rendered":"Hepatiale Forte Advanced (30 Tabl.)-Turcja"},"content":{"rendered":"<p>M\u0259hsul itl\u0259r v\u0259 pi\u015fikl\u0259r \u00fc\u00e7\u00fcn qaraciy\u0259rin d\u00fczg\u00fcn funksiyas\u0131n\u0131 d\u0259st\u0259kl\u0259m\u0259k \u00fc\u00e7\u00fcn t\u00f6vsiy\u0259 olunur.<\/p>\n<p><strong>Soya<\/strong> paxlas\u0131ndan al\u0131nan lesitin fosfolipidl\u0259rin m\u0259nb\u0259yidir. Bu birl\u0259\u015fm\u0259l\u0259r t\u0259bii olaraq b\u00fct\u00fcn h\u00fcceyr\u0259 membranlar\u0131nda olur v\u0259 b\u0259d\u0259n\u0259 xaricd\u0259n t\u0259min edilm\u0259lidir. Fosfolipidl\u0259r ya\u011f tur\u015fular\u0131 il\u0259 z\u0259ngindir v\u0259 qaraciy\u0259r, beyin v\u0259 \u00fcr\u0259k h\u00fcceyr\u0259l\u0259rinin membranlar\u0131n\u0131n tikinti bloklar\u0131n\u0131 t\u0259\u015fkil edir. \u018fn vacib fosfolipid qaraciy\u0259r h\u00fcceyr\u0259l\u0259rinin, y\u0259ni hepatositl\u0259rin membran\u0131n\u0131 t\u0259\u015fkil ed\u0259n b\u00fct\u00fcn fosfolipidl\u0259rin t\u0259xmin\u0259n 40%-ni t\u0259\u015fkil ed\u0259n fosfatidilkolindir. Fosfatidilkolin ya\u011flar\u0131n metabolizmas\u0131nda i\u015ftirak edir, hepatositl\u0259r\u0259 qoruyucu t\u0259sir g\u00f6st\u0259rir, hepatosit h\u00fcceyr\u0259 membranlar\u0131n\u0131n b\u0259rpas\u0131 v\u0259 sabitl\u0259\u015fm\u0259si prosesl\u0259rini d\u0259st\u0259kl\u0259yir v\u0259 qaraciy\u0259ri z\u0259d\u0259l\u0259nm\u0259d\u0259n qoruyur.<\/p>\n<p><strong>Arginin<\/strong> qaraciy\u0259rd\u0259 bir s\u0131ra metabolik prosesl\u0259rd\u0259 i\u015ftirak ed\u0259n ekzogen protein amin tur\u015fusudur. Onun \u0259sas funksiyas\u0131 karbamid d\u00f6vr\u00fc vasit\u0259sil\u0259 azot v\u0259 ammonyak\u0131n da\u015f\u0131nmas\u0131, y\u0131\u011f\u0131lmas\u0131 v\u0259 ifraz\u0131 il\u0259 \u0259laq\u0259dard\u0131r. Arginin, yuxar\u0131da qeyd olunan karbamid d\u00f6vr\u0259sind\u0259 ornitinin s\u0259l\u0259fidir. O, h\u0259m\u00e7inin metabolik stress hallar\u0131nda v\u0259 y\u00fcks\u0259k proteinli p\u0259hrizl\u0259rd\u0259 \u015f\u0259rti olaraq vacib amin tur\u015fusudur.<\/p>\n<p><strong>Qlutamin<\/strong> katabolik stress \u015f\u0259raitind\u0259 \u015f\u0259rti olaraq vacib hala g\u0259l\u0259n qeyri-vacib amin tur\u015fusudur. Onun \u0259sas funksiyas\u0131 qaraciy\u0259rd\u0259 ba\u015f ver\u0259n ql\u00fckoneogenez \u00fc\u00e7\u00fcn substrat t\u0259min etm\u0259kdir. O, h\u0259m\u00e7inin ornitinin s\u0259l\u0259fidir v\u0259 bel\u0259likl\u0259, azot metabolizmas\u0131nda m\u00fch\u00fcm rol oynay\u0131r v\u0259 protein metabolizmas\u0131 n\u0259tic\u0259sind\u0259 \u0259m\u0259l\u0259 g\u0259l\u0259n ammonyak\u0131n b\u0259d\u0259nd\u0259n \u00e7\u0131xar\u0131lmas\u0131na k\u00f6m\u0259k edir.<\/p>\n<p><strong>Betain<\/strong> (trimetilqlisin) qlisinin t\u00f6r\u0259m\u0259si v\u0259 \u0259sas metil qrupu donorudur. Metil qrupu ba\u011f\u0131\u015flayaraq, betain t\u0259bii antioksidant olan S-adenosilmetioninin (SAM) sintezind\u0259 i\u015ftirak edir. Bundan \u0259lav\u0259, o, s\u0259rb\u0259st radikallardan h\u00fcceyr\u0259l\u0259rin qorunmas\u0131n\u0131 da t\u0259\u015fviq ed\u0259n ql\u00fctationun konsentrasiyas\u0131n\u0131 art\u0131r\u0131r.<\/p>\n<p><strong>S\u00fcd tikan\u0131n\u0131n ekstrakt\u0131<\/strong> (Silybum marianum) silibin, silidiamin, silikristin v\u0259 izosilibinin daxil olmaqla 4 flavonolignandan ibar\u0259t aktiv kompleks olan silymarin ehtiva edir. Silymarin qaraciy\u0259r h\u00fcceyr\u0259l\u0259rin\u0259 qoruyucu v\u0259 sabitl\u0259\u015fdirici t\u0259sir g\u00f6st\u0259rir, y\u0259ni hepatoprotektiv t\u0259sir g\u00f6st\u0259rir. Bu kompleks hepatositl\u0259rin membranlar\u0131n\u0131 m\u00f6h\u00fcrl\u0259yir v\u0259 onlar\u0131 toksinl\u0259rin n\u00fcfuz etm\u0259sind\u0259n qoruyur. Silymarin g\u00fccl\u00fc antioksidan x\u00fcsusiyy\u0259tl\u0259r\u0259 malikdir, qaraciy\u0259r h\u00fcceyr\u0259l\u0259rind\u0259 y\u00fcks\u0259k ql\u00fctation konsentrasiyas\u0131n\u0131 saxlay\u0131r, RNT v\u0259 DNT sintezin\u0259 t\u0259sir g\u00f6st\u0259rir, qaraciy\u0259r h\u00fcceyr\u0259l\u0259rind\u0259 z\u00fclal biosintezind\u0259 i\u015ftirak edir. Silibinin fosfolipidl\u0259rl\u0259 birl\u0259\u015fm\u0259si qaraciy\u0259r\u0259 \u00e7ox g\u00fccl\u00fc qoruyucu t\u0259sir g\u00f6st\u0259rir.<\/p>\n<p><strong>Sink<\/strong> qaraciy\u0259r kimi b\u0259d\u0259n orqanlar\u0131n\u0131n d\u00fczg\u00fcn i\u015fl\u0259m\u0259si \u00fc\u00e7\u00fcn z\u0259ruri olan bir \u00e7ox fermentin t\u0259rkib hiss\u0259sidir. Qaraciy\u0259rd\u0259 sink ql\u00fckoza v\u0259 ya\u011flar\u0131n metabolizmas\u0131n\u0131 d\u0259st\u0259kl\u0259yir, el\u0259c\u0259 d\u0259 qaraciy\u0259r h\u00fcceyr\u0259l\u0259rini par\u00e7alanma prosesl\u0259rind\u0259n qoruyur. Sink h\u00fcceyr\u0259 strukturlar\u0131n\u0131 sabitl\u0259\u015fdirir, h\u00fcceyr\u0259l\u0259ri s\u0259rb\u0259st radikallardan qoruyur v\u0259 bir \u00e7ox immun h\u00fcceyr\u0259l\u0259rinin d\u00fczg\u00fcn i\u015fl\u0259m\u0259si \u00fc\u00e7\u00fcn vacibdir.<\/p>\n<p><strong>D\u00fczg\u00fcn istifad\u0259 qaydalar\u0131:<\/strong><\/p>\n<p>10 kq b\u0259d\u0259n \u00e7\u0259kisin\u0259 q\u0259d\u0259r pi\u015fikl\u0259r v\u0259 itl\u0259r \u00fc\u00e7\u00fcn \u2013 h\u0259r iki g\u00fcnd\u0259n bir 1 tablet.<\/p>\n<p>10 kq-dan \u00e7ox b\u0259d\u0259n \u00e7\u0259kisin\u0259 malik itl\u0259r \u00fc\u00e7\u00fcn \u2013 h\u0259r 10 kq b\u0259d\u0259n \u00e7\u0259kisin\u0259 g\u00fcnd\u0259 1 tablet.<\/p>\n<p>Yem\u0259kd\u0259n \u0259vv\u0259l v\u0259 ya yem\u0259k zaman\u0131 q\u0259bul edilir. Tabletl\u0259r \u0259zilmi\u015f \u015f\u0259kild\u0259 q\u0259bul edil\u0259 bil\u0259r. G\u00fcnd\u0259lik doza bir ne\u00e7\u0259 tabletin q\u0259bulunu n\u0259z\u0259rd\u0259 tutursa, onu 2-3 porsiyaya b\u00f6lm\u0259k olar. Heyvanlar\u0131n h\u0259mi\u015f\u0259 t\u0259miz suya \u00e7\u0131x\u0131\u015f\u0131 olmal\u0131d\u0131r.<\/p>\n<p><strong>T\u0259rkibi:<\/strong> 9.6.1 L-arginin, 12.3.2 L-ql\u00fctamin, 2.18.11 soya paxlas\u0131, maks. (L.) Merr., 11.3.1 dikalsium fosfat, 13.6.4 maqnezium stearat.<\/p>\n<p><strong>Qida \u0259lav\u0259l\u0259ri (q\/kq):<\/strong> 3a920 susuz betain 126.6 q, 3b603 sink oksid 0.7 q.<\/p>\n<p><strong>Sensor \u0259lav\u0259l\u0259ri (q\/kq):<\/strong> 2b s\u00fcd qandal\u0131 Silybum marianum (L.) Gaertn. ekstrakt\u0131 90.4 q.<\/p>\n<p><strong>Texnoloji \u0259lav\u0259l\u0259r (q\/kq):<\/strong> 1E460 mikrokristallik sell\u00fcloza 217.2 q, 1E551b kolloid silisium 10.8 q<\/p>\n","protected":false},"excerpt":{"rendered":"<div class=\"d-flex ft__prod--sizes fix_sizes_1\">\n<div class=\"pe-3\">M\u0259hsul itl\u0259r v\u0259 pi\u015fikl\u0259r \u00fc\u00e7\u00fcn qaraciy\u0259rin d\u00fczg\u00fcn funksiyas\u0131n\u0131 d\u0259st\u0259kl\u0259m\u0259k \u00fc\u00e7\u00fcn t\u00f6vsiy\u0259 olunur.<\/div>\n<\/div>\n","protected":false},"featured_media":917,"comment_status":"open","ping_status":"closed","template":"","meta":[],"product_brand":[],"product_cat":[18],"product_tag":[],"class_list":{"0":"post-899","1":"product","2":"type-product","3":"status-publish","4":"has-post-thumbnail","6":"product_cat-products","8":"first","9":"instock","10":"shipping-taxable","11":"product-type-simple"},"_links":{"self":[{"href":"https:\/\/vetexpert.az\/az\/index.php\/wp-json\/wp\/v2\/product\/899","targetHints":{"allow":["GET"]}}],"collection":[{"href":"https:\/\/vetexpert.az\/az\/index.php\/wp-json\/wp\/v2\/product"}],"about":[{"href":"https:\/\/vetexpert.az\/az\/index.php\/wp-json\/wp\/v2\/types\/product"}],"replies":[{"embeddable":true,"href":"https:\/\/vetexpert.az\/az\/index.php\/wp-json\/wp\/v2\/comments?post=899"}],"wp:featuredmedia":[{"embeddable":true,"href":"https:\/\/vetexpert.az\/az\/index.php\/wp-json\/wp\/v2\/media\/917"}],"wp:attachment":[{"href":"https:\/\/vetexpert.az\/az\/index.php\/wp-json\/wp\/v2\/media?parent=899"}],"wp:term":[{"taxonomy":"product_brand","embeddable":true,"href":"https:\/\/vetexpert.az\/az\/index.php\/wp-json\/wp\/v2\/product_brand?post=899"},{"taxonomy":"product_cat","embeddable":true,"href":"https:\/\/vetexpert.az\/az\/index.php\/wp-json\/wp\/v2\/product_cat?post=899"},{"taxonomy":"product_tag","embeddable":true,"href":"https:\/\/vetexpert.az\/az\/index.php\/wp-json\/wp\/v2\/product_tag?post=899"}],"curies":[{"name":"wp","href":"https:\/\/api.w.org\/{rel}","templated":true}]}}