{"id":898,"date":"2026-04-06T10:45:40","date_gmt":"2026-04-06T10:45:40","guid":{"rendered":"https:\/\/vetexpert.az\/?post_type=product&#038;p=898"},"modified":"2026-04-09T18:39:33","modified_gmt":"2026-04-09T18:39:33","slug":"specialist-shampoo-250-ml","status":"publish","type":"product","link":"https:\/\/vetexpert.az\/az\/index.php\/product\/specialist-shampoo-250-ml\/","title":{"rendered":"Specialist Shampoo 250 ml"},"content":{"rendered":"<p>Bakterial v\u0259 g\u00f6b\u0259l\u0259k infeksiyalar\u0131na meylli d\u0259ri \u00fc\u00e7\u00fcn dermokosmetik \u015fampun, bakteriya v\u0259 g\u00f6b\u0259l\u0259kl\u0259rin yaratd\u0131\u011f\u0131 d\u0259ri x\u0259st\u0259likl\u0259rinin m\u00fcalic\u0259sin\u0259 d\u0259st\u0259k olmaq \u00fc\u00e7\u00fcn istifad\u0259 edil\u0259 bil\u0259r.<br \/>\nAktiv madd\u0259l\u0259r d\u0259rini v\u0259 t\u00fckl\u0259ri t\u0259mizl\u0259yir v\u0259 normal pH s\u0259viyy\u0259sini qoruma\u011fa k\u00f6m\u0259k edir.<\/p>\n<p><strong>M\u00dcLAY\u0130M K\u00d6P\u00dcKL\u018fND\u0130R\u0130C\u0130 AGENTL\u018fR<\/strong> v\u0259 diqq\u0259tl\u0259 se\u00e7ilmi\u015f madd\u0259l\u0259r t\u00fckl\u0259rin keyfiyy\u0259tini yax\u015f\u0131la\u015fd\u0131r\u0131r v\u0259 b\u0259rpas\u0131n\u0131 s\u00fcr\u0259tl\u0259ndirir.<\/p>\n<p><strong>XLORHEKS\u0130D\u0130N<\/strong> \u2013 \u0259la antiseptik x\u00fcsusiyy\u0259tl\u0259r\u0259 malikdir v\u0259 it d\u0259risinin bakterial v\u0259 maya infeksiyalar\u0131n\u0131n \u0259ks\u0259riyy\u0259tini aradan qald\u0131rmaqda y\u00fcks\u0259k effektivlik g\u00f6st\u0259rir. B\u0259d\u0259n\u0259 hopmur v\u0259 d\u0259rid\u0259 qal\u0131r. Bakterisid t\u0259siri m\u0259nfi y\u00fckl\u00fc bakterial h\u00fcceyr\u0259 divar\u0131 il\u0259 bu kation \u0259laq\u0259sinin n\u0259tic\u0259sidir.<\/p>\n<p><strong>KETOKONAZOL<\/strong> \u2013 dermatofitl\u0259r, maya g\u00f6b\u0259l\u0259kl\u0259ri v\u0259 polimorf g\u00f6b\u0259l\u0259kl\u0259r d\u0259 daxil olmaqla geni\u015f spektrli bir g\u00f6b\u0259l\u0259k \u0259leyhin\u0259 agentdir. Qa\u015f\u0131nman\u0131 azald\u0131r v\u0259 d\u0259ri iltihab\u0131 il\u0259 \u0259laq\u0259li d\u0259ri lezyonlar\u0131n\u0131n \u015fidd\u0259tini azald\u0131r. Bu h\u0259r\u0259k\u0259t h\u00fcceyr\u0259 membran\u0131n\u0131n ke\u00e7iriciliyinin artmas\u0131na, qoruyucu funksiyalar\u0131n\u0131n itirilm\u0259sin\u0259, b\u00f6y\u00fcm\u0259nin qar\u015f\u0131s\u0131n\u0131 alma\u011fa v\u0259 n\u0259tic\u0259d\u0259 g\u00f6b\u0259l\u0259yin \u00f6l\u00fcm\u00fcn\u0259 s\u0259b\u0259b olur.<\/p>\n<p><strong>D\u00fczg\u00fcn istifad\u0259 qaydalar\u0131:<\/strong> Sa\u00e7lar\u0131 il\u0131q su il\u0259 islad\u0131n, sa\u00e7lara \u015fampun \u00e7\u0259kin (ki\u00e7ik q\u0131sa t\u00fckl\u00fc pi\u015fikl\u0259r &#8211; t\u0259xmin\u0259n 2 ml, b\u00f6y\u00fck uzun t\u00fckl\u00fc pi\u015fikl\u0259r &#8211; t\u0259xmin\u0259n 30 ml; bir x\u00f6r\u0259k qa\u015f\u0131\u011f\u0131 10 ml ehtiva edir), k\u00f6p\u00fck haz\u0131rlay\u0131n, t\u0259xmin\u0259n 5 d\u0259qiq\u0259 masaj edin. \u00c7im\u0259rk\u0259n ev heyvan\u0131n\u0131n g\u00f6zl\u0259rini v\u0259 qulaqlar\u0131n\u0131 qoruyun. Yax\u015f\u0131ca yuyun. Laz\u0131m g\u0259l\u0259rs\u0259, proseduru t\u0259krarlay\u0131n.<\/p>\n<p><strong>T\u0259rkibi:<\/strong> Su, Kokamidopropil Betain, Desil Ql\u00fckozid, PEG-90 Qliseril \u0130zostearat, Qliseril Oleat, Koko-Ql\u00fckozid, Qliserin, Xlorheksidin, Diql\u00fckonat, Trietanolamin, Limon Tur\u015fusu, Polisorbat 20, Ketokonazol, Lauret-2, Natrium Xlorid, Pantenol, Hidrogenl\u0259\u015fdirilmi\u015f Palma Qliseridl\u0259ri Sitrat, Tokoferol, Maqnezium Xlorid, Maqnezium Nitrat, Metilxloroizotiazoli-non, Metilizotiazolinon.<\/p>\n","protected":false},"excerpt":{"rendered":"<div class=\"d-flex ft__prod--sizes fix_sizes_1\">\n<div class=\"pe-3\">\n<p>Bakteriya v\u0259 ya g\u00f6b\u0259l\u0259kl\u0259rin yaratd\u0131\u011f\u0131 iltihabdan t\u0259sirl\u0259n\u0259n d\u0259ri \u00fc\u00e7\u00fcn antibakterial v\u0259 g\u00f6b\u0259l\u0259k \u0259leyhin\u0259 \u015fampun.<\/p>\n<\/div>\n<\/div>\n","protected":false},"featured_media":916,"comment_status":"open","ping_status":"closed","template":"","meta":[],"product_brand":[],"product_cat":[18],"product_tag":[],"class_list":{"0":"post-898","1":"product","2":"type-product","3":"status-publish","4":"has-post-thumbnail","6":"product_cat-products","8":"first","9":"instock","10":"shipping-taxable","11":"product-type-simple"},"_links":{"self":[{"href":"https:\/\/vetexpert.az\/az\/index.php\/wp-json\/wp\/v2\/product\/898","targetHints":{"allow":["GET"]}}],"collection":[{"href":"https:\/\/vetexpert.az\/az\/index.php\/wp-json\/wp\/v2\/product"}],"about":[{"href":"https:\/\/vetexpert.az\/az\/index.php\/wp-json\/wp\/v2\/types\/product"}],"replies":[{"embeddable":true,"href":"https:\/\/vetexpert.az\/az\/index.php\/wp-json\/wp\/v2\/comments?post=898"}],"wp:featuredmedia":[{"embeddable":true,"href":"https:\/\/vetexpert.az\/az\/index.php\/wp-json\/wp\/v2\/media\/916"}],"wp:attachment":[{"href":"https:\/\/vetexpert.az\/az\/index.php\/wp-json\/wp\/v2\/media?parent=898"}],"wp:term":[{"taxonomy":"product_brand","embeddable":true,"href":"https:\/\/vetexpert.az\/az\/index.php\/wp-json\/wp\/v2\/product_brand?post=898"},{"taxonomy":"product_cat","embeddable":true,"href":"https:\/\/vetexpert.az\/az\/index.php\/wp-json\/wp\/v2\/product_cat?post=898"},{"taxonomy":"product_tag","embeddable":true,"href":"https:\/\/vetexpert.az\/az\/index.php\/wp-json\/wp\/v2\/product_tag?post=898"}],"curies":[{"name":"wp","href":"https:\/\/api.w.org\/{rel}","templated":true}]}}