{"id":897,"date":"2026-04-06T10:45:39","date_gmt":"2026-04-06T10:45:39","guid":{"rendered":"https:\/\/vetexpert.az\/?post_type=product&#038;p=897"},"modified":"2026-04-09T18:25:11","modified_gmt":"2026-04-09T18:25:11","slug":"hypoallergenic-shampoo-250-ml","status":"publish","type":"product","link":"https:\/\/vetexpert.az\/az\/index.php\/product\/hypoallergenic-shampoo-250-ml\/","title":{"rendered":"Hypoallergenic Shampoo 250 ml"},"content":{"rendered":"<p>H\u0259ssas d\u0259rili, q\u0131c\u0131qlanmaya, allergiyaya, qurulu\u011fa meylli v\u0259 ya dig\u0259r \u015fampunlara qar\u015f\u0131 d\u00f6z\u00fcms\u00fcz pi\u015fikl\u0259r v\u0259 itl\u0259r \u00fc\u00e7\u00fcn t\u00f6vsiy\u0259 olunan dermokosmetik \u015fampun. Heyvan yeti\u015fdirm\u0259sind\u0259 t\u0259hl\u00fck\u0259siz \u015f\u0259kild\u0259 istifad\u0259 edil\u0259 bil\u0259r.<br \/>\n\u015eampun \u00e7ox m\u00fclayim s\u0259thi aktiv madd\u0259l\u0259r v\u0259 yum\u015fald\u0131c\u0131 madd\u0259l\u0259r, el\u0259c\u0259 d\u0259 bir s\u0131ra yum\u015fald\u0131c\u0131 v\u0259 n\u0259ml\u0259ndirici madd\u0259l\u0259r ehtiva edir.<\/p>\n<p><strong>YULAF Z\u00dcLALLARI<\/strong> \u2013 kondisionerl\u0259\u015fdirici, t\u0259b\u0259q\u0259 \u0259m\u0259l\u0259 g\u0259tir\u0259n x\u00fcsusiyy\u0259tl\u0259r\u0259 malik t\u0259rkib hiss\u0259sidir v\u0259 bel\u0259likl\u0259, suyun s\u0259thd\u0259n h\u0259ddind\u0259n art\u0131q buxarlanmas\u0131n\u0131n qar\u015f\u0131s\u0131n\u0131 al\u0131r. Bel\u0259likl\u0259, dolay\u0131 yolla n\u0259ml\u0259ndirici t\u0259sir g\u00f6st\u0259rir, yum\u015fald\u0131r v\u0259 hamarla\u015fd\u0131r\u0131r.<\/p>\n<p><strong>ALOE EKSTRAKTI<\/strong> \u2013 d\u0259rinin q\u0131zart\u0131s\u0131n\u0131 azaldan n\u0259ml\u0259ndirici, sakitl\u0259\u015fdirici v\u0259 iltihab \u0259leyhin\u0259 x\u00fcsusiyy\u0259tl\u0259r\u0259 malikdir.<\/p>\n<p><strong>LANOLIN<\/strong> \u2013 d\u0259rini m\u00fck\u0259mm\u0259l \u015f\u0259kild\u0259 ya\u011flayan v\u0259 xarici elementl\u0259rd\u0259n qoruyan yum\u015fald\u0131c\u0131.<\/p>\n<p><strong>PANTENOL<\/strong> \u2013 regenerasiyan\u0131 s\u00fcr\u0259tl\u0259ndirir v\u0259 z\u0259d\u0259l\u0259rin b\u0259rpas\u0131n\u0131 d\u0259st\u0259kl\u0259yir.<\/p>\n<p><strong>ALLANTOIN<\/strong> \u2013 sakitl\u0259\u015fdirir v\u0259 b\u0259rpa edir.<\/p>\n<p><strong>H\u0130DROL\u0130ZL\u018f\u015eD\u0130R\u0130LM\u0130\u015e KERAT\u0130N<\/strong> \u2013 sa\u00e7\u0131n strukturunu g\u00fccl\u0259ndirir, q\u00fcsurlar\u0131 b\u0259rpa edir v\u0259 s\u0259thind\u0259 kondisionerl\u0259\u015fdirici t\u0259b\u0259q\u0259 yarad\u0131r, onu z\u0259d\u0259l\u0259nm\u0259d\u0259n v\u0259 q\u0131r\u0131lmadan qoruyur. Parlaql\u0131q v\u0259 sa\u011flam g\u00f6r\u00fcn\u00fc\u015f \u0259lav\u0259 edir. Suyu ba\u011flamaq kimi inan\u0131lmaz qabiliyy\u0259ti say\u0259sind\u0259 laz\u0131mi n\u0259ml\u0259ndirm\u0259ni qoruma\u011fa k\u00f6m\u0259k edir.<\/p>\n<p><strong>D\u00fczg\u00fcn istifad\u0259 qaydalar\u0131:<\/strong> Sa\u00e7\u0131n\u0131z\u0131 il\u0131q su il\u0259 islad\u0131n, sa\u00e7\u0131n\u0131za az miqdarda \u015fampun \u00e7\u0259kin, k\u00f6p\u00fckl\u0259ndirin, t\u0259xmin\u0259n 5 d\u0259qiq\u0259 masaj edin. \u00c7im\u0259rk\u0259n ev heyvan\u0131n\u0131z\u0131n g\u00f6zl\u0259rini v\u0259 qulaqlar\u0131n\u0131 qoruyun. Yax\u015f\u0131ca yuyun. Laz\u0131m g\u0259l\u0259rs\u0259, proseduru t\u0259krarlay\u0131n.<\/p>\n<p><strong>T\u0259rkibi:<\/strong> Su, Natrium Lauroil Sarkozinat, Kokamidopropil Betain, PEG-90 Qliseril \u0130zostearat, Qliserin, Pantenol, Polisorbat 20, Aloe Barbadensis Yarpaq \u015eir\u0259si, Allantoin, Keratin, Hidroliz Edilmi\u015f Keratin, Avena Sativa \u00c7\u0259yird\u0259yi Ekstrakt\u0131, Lanolin, Laureth-2, Natrium Xlorid, Maqnezium Xlorid, Maqnezium Nitrat, Metilxloroizotiazolinon, Metilizotiazolinon, Fenoksietanol, Natrium Benzoat, Kalium Sorbat, Limon Tur\u015fusu, BHT.<\/p>\n","protected":false},"excerpt":{"rendered":"<div class=\"d-flex ft__prod--sizes fix_sizes_1\">\n<div class=\"pe-3\">H\u0259ssas d\u0259rili, q\u0131c\u0131qlanmaya, allergiyaya, qurulu\u011fa meylli v\u0259 ya dig\u0259r \u015fampunlara qar\u015f\u0131 d\u00f6z\u00fcms\u00fcz pi\u015fikl\u0259r v\u0259 itl\u0259r \u00fc\u00e7\u00fcn t\u00f6vsiy\u0259 olunan dermokosmetik \u015fampun. Heyvan yeti\u015fdirm\u0259sind\u0259 t\u0259hl\u00fck\u0259siz \u015f\u0259kild\u0259 istifad\u0259 edil\u0259 bil\u0259r.<\/div>\n<\/div>\n","protected":false},"featured_media":923,"comment_status":"open","ping_status":"closed","template":"","meta":[],"product_brand":[],"product_cat":[18],"product_tag":[],"class_list":{"0":"post-897","1":"product","2":"type-product","3":"status-publish","4":"has-post-thumbnail","6":"product_cat-products","8":"first","9":"instock","10":"shipping-taxable","11":"product-type-simple"},"_links":{"self":[{"href":"https:\/\/vetexpert.az\/az\/index.php\/wp-json\/wp\/v2\/product\/897","targetHints":{"allow":["GET"]}}],"collection":[{"href":"https:\/\/vetexpert.az\/az\/index.php\/wp-json\/wp\/v2\/product"}],"about":[{"href":"https:\/\/vetexpert.az\/az\/index.php\/wp-json\/wp\/v2\/types\/product"}],"replies":[{"embeddable":true,"href":"https:\/\/vetexpert.az\/az\/index.php\/wp-json\/wp\/v2\/comments?post=897"}],"wp:featuredmedia":[{"embeddable":true,"href":"https:\/\/vetexpert.az\/az\/index.php\/wp-json\/wp\/v2\/media\/923"}],"wp:attachment":[{"href":"https:\/\/vetexpert.az\/az\/index.php\/wp-json\/wp\/v2\/media?parent=897"}],"wp:term":[{"taxonomy":"product_brand","embeddable":true,"href":"https:\/\/vetexpert.az\/az\/index.php\/wp-json\/wp\/v2\/product_brand?post=897"},{"taxonomy":"product_cat","embeddable":true,"href":"https:\/\/vetexpert.az\/az\/index.php\/wp-json\/wp\/v2\/product_cat?post=897"},{"taxonomy":"product_tag","embeddable":true,"href":"https:\/\/vetexpert.az\/az\/index.php\/wp-json\/wp\/v2\/product_tag?post=897"}],"curies":[{"name":"wp","href":"https:\/\/api.w.org\/{rel}","templated":true}]}}