{"id":896,"date":"2026-04-06T10:45:39","date_gmt":"2026-04-06T10:45:39","guid":{"rendered":"https:\/\/vetexpert.az\/?post_type=product&#038;p=896"},"modified":"2026-04-09T18:31:00","modified_gmt":"2026-04-09T18:31:00","slug":"otiflush-ear-solution-125-ml","status":"publish","type":"product","link":"https:\/\/vetexpert.az\/az\/index.php\/product\/otiflush-ear-solution-125-ml\/","title":{"rendered":"Otiflush Ear Solution 125 ml"},"content":{"rendered":"<p>\u0130tl\u0259rd\u0259 v\u0259 pi\u015fikl\u0259rd\u0259 qulaq sulama \u00fc\u00e7\u00fcn maye.<\/p>\n<p>M\u0259hsulun t\u0259rkibind\u0259 qulaq kirinin v\u0259 \u00e7irkl\u0259rin qulaqdan t\u0259mizl\u0259nm\u0259sin\u0259 k\u00f6m\u0259k ed\u0259n xlorheksidin diql\u00fckonat var. TRIS-EDTA-n\u0131n \u0259lav\u0259 edilm\u0259si qulaq kanal\u0131ndak\u0131 m\u00fchitin d\u0259yi\u015fm\u0259sin\u0259 t\u0259sir g\u00f6st\u0259rir v\u0259 bel\u0259likl\u0259, xlorheksidinin effektivliyini art\u0131r\u0131r. O, h\u0259m\u00e7inin qula\u011f\u0131n t\u0259bii balans\u0131n\u0131n b\u0259rpas\u0131n\u0131 d\u0259st\u0259kl\u0259yir.<\/p>\n<p>T\u0259rkibini z\u0259nginl\u0259\u015fdir\u0259n pantenol n\u0259ml\u0259ndirici x\u00fcsusiyy\u0259tl\u0259r\u0259 malikdir v\u0259 qulaq d\u0259risinin qoruyucu baryerini g\u00fccl\u0259ndirir.<\/p>\n<p>S\u00fcd tur\u015fusu qulaq daxilind\u0259 d\u00fczg\u00fcn pH balans\u0131n\u0131 qoruma\u011fa k\u00f6m\u0259k edir, karbamid is\u0259 epidermisi yum\u015fald\u0131r, n\u0259ml\u0259ndirir v\u0259 ya\u011flay\u0131r.<\/p>\n<p>Salisil tur\u015fusu keratolitik t\u0259sir\u0259 malikdir. Formul qula\u011f\u0131 s\u0259rinl\u0259d\u0259n v\u0259 t\u0259rav\u0259tl\u0259ndir\u0259n mentol il\u0259 tamamlan\u0131r.<\/p>\n<p><strong>OTIFLUSH QULAQ M\u018fHLULUNUN<\/strong> <strong>faydalar\u0131:<\/strong><br \/>\n\u2013 Qulaq kanallar\u0131n\u0131n iltihab\u0131na meylli qulaqlar \u00fc\u00e7\u00fcn qulaq gigiyenas\u0131n\u0131 d\u0259st\u0259kl\u0259yir.<br \/>\n\u2013 Qulaq kanal\u0131nda d\u00fczg\u00fcn mikrobiom balans\u0131n\u0131 qoruma\u011fa k\u00f6m\u0259k ed\u0259n xlorheksidin ehtiva edir.<br \/>\n\u2013 Yum\u015faq v\u0259 elastik uclu aplikatorla t\u0259chiz olunmu\u015fdur ki, bu da m\u0259hsulu istifad\u0259ni rahat v\u0259 t\u0259hl\u00fck\u0259siz edir.<br \/>\n\u2013 TRIS-EDTA qulaq kanal\u0131ndak\u0131 m\u00fchiti d\u0259yi\u015fdirir, xlorheksidinin effektivliyini art\u0131r\u0131r. Qula\u011f\u0131n t\u0259bii tarazl\u0131\u011f\u0131n\u0131 b\u0259rpa etm\u0259y\u0259 k\u00f6m\u0259k edir.<\/p>\n<p><strong>D\u00fczg\u00fcn istifad\u0259 qaydalar\u0131:<\/strong> Xarici qulaq kanal\u0131na az miqdarda maye vurulmal\u0131d\u0131r. T\u0259tbiqd\u0259n sonra qulaq dibinin diqq\u0259tl\u0259 masaj edilm\u0259si t\u00f6vsiy\u0259 olunur. H\u0259ddind\u0259n art\u0131q miqdarda maye pamb\u0131q \u00e7ubuqla \u00e7\u0131xar\u0131lmal\u0131d\u0131r.<\/p>\n<p><strong>T\u0259rkibi:<\/strong> SU, PROP\u0130LEN QL\u0130KOL, QL\u0130SER\u0130N, NATR\u0130UM LAURO\u0130L SARKOS\u0130NAT, PANTENOLOM\u0130N, TRIETANOLAM\u0130N, S\u00dcD TUR\u015eUSU, KARBAD, MENTOL, ALLANTO\u0130N, KSANTAN SAQQIZI, XLORHEKS\u0130D\u0130N D\u0130QL\u00dcKONAT, SAL\u0130S\u0130L TUR\u015eUSU, NATR\u0130UM XLOR\u0130D, TROMETAM\u0130N, D\u0130NATRIUM EDTA.<\/p>\n","protected":false},"excerpt":{"rendered":"<div class=\"d-flex ft__prod--sizes fix_sizes_1\">\n<div class=\"pe-3\">K\u00f6p\u0259kl\u0259rd\u0259 v\u0259 pi\u015fikl\u0259rd\u0259 qulaq sulama \u00fc\u00e7\u00fcn maye. Optimal pH-a (pH 5) malikdir v\u0259 bu da m\u0259hsulun m\u00fcxt\u0259lif m\u0259n\u015f\u0259li otit xarici hallarda istifad\u0259sin\u0259 imkan verir.<\/div>\n<\/div>\n","protected":false},"featured_media":928,"comment_status":"open","ping_status":"closed","template":"","meta":[],"product_brand":[],"product_cat":[18],"product_tag":[],"class_list":{"0":"post-896","1":"product","2":"type-product","3":"status-publish","4":"has-post-thumbnail","6":"product_cat-products","8":"first","9":"instock","10":"shipping-taxable","11":"product-type-simple"},"_links":{"self":[{"href":"https:\/\/vetexpert.az\/az\/index.php\/wp-json\/wp\/v2\/product\/896","targetHints":{"allow":["GET"]}}],"collection":[{"href":"https:\/\/vetexpert.az\/az\/index.php\/wp-json\/wp\/v2\/product"}],"about":[{"href":"https:\/\/vetexpert.az\/az\/index.php\/wp-json\/wp\/v2\/types\/product"}],"replies":[{"embeddable":true,"href":"https:\/\/vetexpert.az\/az\/index.php\/wp-json\/wp\/v2\/comments?post=896"}],"wp:featuredmedia":[{"embeddable":true,"href":"https:\/\/vetexpert.az\/az\/index.php\/wp-json\/wp\/v2\/media\/928"}],"wp:attachment":[{"href":"https:\/\/vetexpert.az\/az\/index.php\/wp-json\/wp\/v2\/media?parent=896"}],"wp:term":[{"taxonomy":"product_brand","embeddable":true,"href":"https:\/\/vetexpert.az\/az\/index.php\/wp-json\/wp\/v2\/product_brand?post=896"},{"taxonomy":"product_cat","embeddable":true,"href":"https:\/\/vetexpert.az\/az\/index.php\/wp-json\/wp\/v2\/product_cat?post=896"},{"taxonomy":"product_tag","embeddable":true,"href":"https:\/\/vetexpert.az\/az\/index.php\/wp-json\/wp\/v2\/product_tag?post=896"}],"curies":[{"name":"wp","href":"https:\/\/api.w.org\/{rel}","templated":true}]}}