{"id":873,"date":"2026-04-06T10:27:20","date_gmt":"2026-04-06T10:27:20","guid":{"rendered":"https:\/\/vetexpert.az\/?post_type=product&#038;p=873"},"modified":"2026-04-09T19:38:05","modified_gmt":"2026-04-09T19:38:05","slug":"viewvet-45-caps-twist-off","status":"publish","type":"product","link":"https:\/\/vetexpert.az\/az\/index.php\/product\/viewvet-45-caps-twist-off\/","title":{"rendered":"ViewVet  45 caps. Twist off"},"content":{"rendered":"<p>G\u00f6z\u00fcn optimal funksiyalar\u0131n\u0131 d\u0259st\u0259kl\u0259m\u0259k \u00fc\u00e7\u00fcn itl\u0259r v\u0259 pi\u015fikl\u0259r \u00fc\u00e7\u00fcn t\u00f6vsiy\u0259 olunan antioksidantlar kompleksi ehtiva ed\u0259n m\u0259hsul.<\/p>\n<p><strong>KURKUM\u0130N<\/strong> \u00e7ox g\u00fccl\u00fc antioksidand\u0131r. \u018fsas m\u0259nb\u0259yi Curcuma longa qurudulmu\u015f k\u00f6k\u00fcd\u00fcr. Lipid peroksidaz\u0131n\u0131 \u0259h\u0259miyy\u0259tli d\u0259r\u0259c\u0259d\u0259 azald\u0131r, antioksidant fermentl\u0259ri v\u0259 &#8220;radikal tutucular\u0131&#8221; t\u0259nziml\u0259yir. H\u0259m\u00e7inin antioksidant funksiya il\u0259 birl\u0259\u015fdirildikd\u0259 bir \u00e7ox terapiyan\u0131 d\u0259st\u0259kl\u0259m\u0259k \u00fc\u00e7\u00fcn istifad\u0259 edil\u0259n iltihab \u0259leyhin\u0259 aktivlik g\u00f6st\u0259rir.<\/p>\n<p><strong>YA\u015eIL \u00c7AY YARPAQLARI<\/strong> \u2013 t\u0259bii antioksidantlar olan katexinl\u0259ri ehtiva edir v\u0259 bunlara daxildir: epigallocatechin gallusan (EGCG), epikatechin (EC), epikatechin-3-gallate (ECG) v\u0259 epigallocatechin (EGC). Bunlar \u0259sas antioksidant fermentl\u0259rin aktivliyinin artmas\u0131na, el\u0259c\u0259 d\u0259 a\u015fa\u011f\u0131 molekulyar \u00e7\u0259kili antioksidantlar\u0131n (C v\u0259 E vitamini, glutation v\u0259 ya beta-karoten) regenerasiyas\u0131na v\u0259 oksigenl\u0259\u015fm\u0259sinin inhib\u0259 edilm\u0259sin\u0259 s\u0259b\u0259b olur.<\/p>\n<p><strong>VITIS VINIFERA<\/strong> \u2013 \u00fcz\u00fcm \u015f\u0259rab\u0131n\u0131n meyv\u0259l\u0259ri v\u0259 yarpaqlar\u0131 a\u015fa\u011f\u0131dak\u0131lar\u0131 ehtiva edir: meyv\u0259 tur\u015fular\u0131, minerallar, taninl\u0259r, antosiyaninl\u0259r, flavonoidl\u0259r, stilbenl\u0259r (resveratrol), mum, vitaminl\u0259r, prosianidinl\u0259r, pektinl\u0259r, polisaxaridl\u0259r, aromatik madd\u0259l\u0259r v\u0259 karotenoidl\u0259r. Vitis vinifera ekstrakt\u0131 \u0259n \u00e7ox istifad\u0259 edil\u0259ndir v\u0259 antioksidant aktivliy\u0259 \u0259lav\u0259 olaraq, antibakterial, iltihab \u0259leyhin\u0259 v\u0259 antihistaminik t\u0259sir g\u00f6st\u0259rir.<\/p>\n<p><strong>MALPHIGIA GLABRA<\/strong> \u2013 aserola meyv\u0259 ekstrakt\u0131 antioksidantlar\u0131n \u00e7ox z\u0259ngin m\u0259nb\u0259yidir. T\u0259rkibind\u0259 B-karotin v\u0259 C vitamini d\u0259 daxil olmaqla 17 m\u00fcxt\u0259lif karotenoid var. C vitamininin antioksidant t\u0259siri tez-tez heyvanlar \u00fc\u00e7\u00fcn \u0259lav\u0259l\u0259r haz\u0131rlamaq \u00fc\u00e7\u00fcn istifad\u0259 olunur. Aserola t\u0259rkib hiss\u0259l\u0259rinin antioksidant aktivliyi diabet (\u0259sas\u0259n II tip), piyl\u0259nm\u0259, d\u0259ri x\u0259st\u0259likl\u0259ri v\u0259 ya sinir sistemi x\u0259st\u0259likl\u0259ri kimi metabolik x\u0259st\u0259likl\u0259rin m\u00fcalic\u0259sin\u0259 d\u0259st\u0259k olmaq \u00fc\u00e7\u00fcn istifad\u0259 olunur.<\/p>\n<p><strong>TAGETES ERECTA<\/strong> \u2013 kalendula t\u0259bii antioksidan m\u0259nb\u0259yidir, t\u0259rkibind\u0259 ksantofil efirl\u0259ri, kriptoksantinl\u0259r v\u0259 beta karotenl\u0259r d\u0259 daxil olmaqla m\u00fcxt\u0259lif karotenoidl\u0259r var. Lutein v\u0259 zeaksantin sa\u011flaml\u0131\u011f\u0131 yax\u015f\u0131la\u015fd\u0131ran \u0259lav\u0259l\u0259rd\u0259 istifad\u0259 bax\u0131m\u0131ndan \u0259n vacib komponentl\u0259rdir. Onlar\u0131n f\u0259aliyy\u0259ti b\u0259d\u0259nd\u0259 topland\u0131qlar\u0131 h\u0259d\u0259f nahiy\u0259y\u0259 &#8211; g\u00f6z\u00fcn makula luteas\u0131na y\u00f6n\u0259lmi\u015fdir.<\/p>\n<p><strong>D\u00fczg\u00fcn istifad\u0259 \u00fc\u00e7\u00fcn t\u0259limat:<\/strong><\/p>\n<p>\u0130tl\u0259r v\u0259 pi\u015fikl\u0259r \u2013 g\u00fcnd\u0259 10 kq b\u0259d\u0259n \u00e7\u0259kisin\u0259 1 kapsul.<\/p>\n<p>Kapsula ucu burulmal\u0131 v\u0259 ya k\u0259silm\u0259li, i\u00e7ind\u0259kil\u0259r s\u0131x\u0131lmal\u0131 v\u0259 qida il\u0259 qar\u0131\u015fd\u0131r\u0131lmal\u0131 v\u0259 ya birba\u015fa a\u011f\u0131za verilm\u0259lidir. Heyvanlar\u0131n h\u0259mi\u015f\u0259 t\u0259miz suya \u00e7\u0131x\u0131\u015f\u0131 olmal\u0131d\u0131r.<\/p>\n<p><strong>T\u0259rkibi:<\/strong> 10.4.6 bal\u0131q ya\u011f\u0131, 13.6.3 stearin tur\u015fusunun mono-, di- v\u0259 triqliseridl\u0259ri, 13.1.7 qurudulmu\u015f aserola (Malpighia glabra L.), 13.1.7 qurudulmu\u015f astek hal\u0131g\u00fcl\u00fc (Tagetes erecta L.) \u2013 l\u00fctein v\u0259 zeaksantin m\u0259nb\u0259yi, 2.21.1 xam lesitinl\u0259r. Qida \u0259lav\u0259l\u0259ri (q\/kq): 3a160(a) beta-karotin 9.0 q, 3a700 E vitamini 22 420 BV, 3a370 taurin 4.5 q, 3b603 sink oksidi 2.24 q, 3a835 B12 vitamini 2.2 mq, 3a315 niasinamid 1.1 q, 3a841 kalsium-D-pantotenat 0.9 q, 3a672b A vitamini 356 991 BV, 3a820 B1 vitamini 0.1 q, 3a831 B6 vitamini 0.09 q, 3a316 fol tur\u015fusu 0.02 mq, 3a880 biotin 0.01 mq, 3b801 natrium selenit 0.0004 mq.<\/p>\n<p><strong>Sensor \u0259lav\u0259l\u0259ri (q\/kq):<\/strong> 2b \u00fcz\u00fcm d\u0259risi ekstrakt\u0131 (Vitis vinifera L.) 53.8 q, 2b \u00e7ay ekstrakt\u0131 (Camellia sinensis (L.) O. Kuntze) 32.6 q, 2b163-ex qurudulmu\u015f rizomlar Curcuma longa L. ekstrakt\u0131 31.4 q.<\/p>\n<p><strong>Texnoloji \u0259lav\u0259l\u0259r (q\/kq):<\/strong> E551b kolloid silisium 4.3 q<\/p>\n","protected":false},"excerpt":{"rendered":"<div class=\"d-flex ft__prod--sizes fix_sizes_1\">\n<div class=\"pe-3\">Antioksidantlar kompleksi ehtiva ed\u0259n m\u0259hsul, g\u00f6z\u00fcn optimal funksiyalar\u0131n\u0131 d\u0259st\u0259kl\u0259m\u0259k \u00fc\u00e7\u00fcn itl\u0259r v\u0259 pi\u015fikl\u0259r \u00fc\u00e7\u00fcn t\u00f6vsiy\u0259 olunur.<\/div>\n<\/div>\n","protected":false},"featured_media":922,"comment_status":"open","ping_status":"closed","template":"","meta":[],"product_brand":[],"product_cat":[18],"product_tag":[],"class_list":{"0":"post-873","1":"product","2":"type-product","3":"status-publish","4":"has-post-thumbnail","6":"product_cat-products","8":"first","9":"instock","10":"shipping-taxable","11":"product-type-simple"},"_links":{"self":[{"href":"https:\/\/vetexpert.az\/az\/index.php\/wp-json\/wp\/v2\/product\/873","targetHints":{"allow":["GET"]}}],"collection":[{"href":"https:\/\/vetexpert.az\/az\/index.php\/wp-json\/wp\/v2\/product"}],"about":[{"href":"https:\/\/vetexpert.az\/az\/index.php\/wp-json\/wp\/v2\/types\/product"}],"replies":[{"embeddable":true,"href":"https:\/\/vetexpert.az\/az\/index.php\/wp-json\/wp\/v2\/comments?post=873"}],"wp:featuredmedia":[{"embeddable":true,"href":"https:\/\/vetexpert.az\/az\/index.php\/wp-json\/wp\/v2\/media\/922"}],"wp:attachment":[{"href":"https:\/\/vetexpert.az\/az\/index.php\/wp-json\/wp\/v2\/media?parent=873"}],"wp:term":[{"taxonomy":"product_brand","embeddable":true,"href":"https:\/\/vetexpert.az\/az\/index.php\/wp-json\/wp\/v2\/product_brand?post=873"},{"taxonomy":"product_cat","embeddable":true,"href":"https:\/\/vetexpert.az\/az\/index.php\/wp-json\/wp\/v2\/product_cat?post=873"},{"taxonomy":"product_tag","embeddable":true,"href":"https:\/\/vetexpert.az\/az\/index.php\/wp-json\/wp\/v2\/product_tag?post=873"}],"curies":[{"name":"wp","href":"https:\/\/api.w.org\/{rel}","templated":true}]}}