{"id":872,"date":"2026-04-06T10:27:19","date_gmt":"2026-04-06T10:27:19","guid":{"rendered":"https:\/\/vetexpert.az\/?post_type=product&#038;p=872"},"modified":"2026-04-17T14:22:36","modified_gmt":"2026-04-17T14:22:36","slug":"vetoskin-60-twist-off","status":"publish","type":"product","link":"https:\/\/vetexpert.az\/az\/index.php\/product\/vetoskin-60-twist-off\/","title":{"rendered":"Vetoskin 60 twist off"},"content":{"rendered":"<p>M\u0259hsul optimal d\u0259ri v\u0259ziyy\u0259tini v\u0259 t\u00fck keyfiyy\u0259tini qorumaq \u00fc\u00e7\u00fcn itl\u0259r v\u0259 pi\u015fikl\u0259r \u00fc\u00e7\u00fcn t\u00f6vsiy\u0259 olunur. Quru d\u0259rili v\u0259 sol\u011fun t\u00fckl\u00fc, el\u0259c\u0259 d\u0259 h\u0259ddind\u0259n art\u0131q t\u00fck t\u00f6k\u00fclm\u0259si olan heyvanlarda istifad\u0259 edin.<\/p>\n<p><strong>Linoleik tur\u015fu (LA)<\/strong> v\u0259 qamma-linolenik tur\u015fu (GLA) kimi <strong>OMEQA-6 YA\u011e TUR\u015eULARI<\/strong> d\u0259rinin su mane\u0259sini d\u0259st\u0259kl\u0259yir. Onlar epidermal h\u00fcceyr\u0259l\u0259r aras\u0131nda suyun s\u0131zmas\u0131n\u0131n qar\u015f\u0131s\u0131n\u0131 almaq \u00fc\u00e7\u00fcn h\u00fcceyr\u0259 xaricind\u0259 x\u00fcsusi bir astar \u0259m\u0259l\u0259 g\u0259tir\u0259n keramidl\u0259rin tikinti bloklar\u0131 kimi xidm\u0259t edir. Bu, quru d\u0259rinin qar\u015f\u0131s\u0131n\u0131 alma\u011fa k\u00f6m\u0259k edir v\u0259 kifay\u0259t q\u0259d\u0259r n\u0259m v\u0259 elastiklik t\u0259min edir. Omeqa-6 ya\u011f tur\u015fular\u0131n\u0131n \u0259n yax\u015f\u0131 m\u0259nb\u0259l\u0259ri borage ya\u011f\u0131 v\u0259 ax\u015fam novruzg\u00fcl\u00fc ya\u011f\u0131d\u0131r.<\/p>\n<p>Suda h\u0259ll olan B vitaminl\u0259ri sinfini t\u0259\u015fkil ed\u0259n <strong>TIAM\u0130N H\u0130DROKLOR\u0130D (V\u0130TAM\u0130N B1), R\u0130BOFLAV\u0130N (V\u0130TAM\u0130N B2), PURIDOKS\u0130N H\u0130DROKLOR\u0130D (V\u0130TAM\u0130N B6) v\u0259 S\u0130ANOKOBALAM\u0130N (V\u0130TAM\u0130N B12)<\/strong> \u0259sas omeqa-6 v\u0259 omeqa-3 ya\u011f tur\u015fular\u0131n\u0131n metabolizmas\u0131nda \u0259sas rol oynay\u0131r. Onlar h\u0259m\u00e7inin d\u0259ri baryerinin funksiyas\u0131n\u0131 d\u0259st\u0259kl\u0259yirl\u0259r.<\/p>\n<p>S\u0130NK yaralar\u0131n b\u0259rpas\u0131nda, d\u0259ri h\u00fcceyr\u0259l\u0259rinin \u00e7oxalmas\u0131nda v\u0259 b\u00f6l\u00fcnm\u0259sind\u0259 i\u015ftirak ed\u0259n \u0259sas mikroelementdir v\u0259 d\u0259ri lezyonlar\u0131n\u0131n m\u00fcalic\u0259sind\u0259 m\u00fch\u00fcm rol oynay\u0131r. Onun \u00e7at\u0131\u015fmazl\u0131\u011f\u0131 ciddi d\u0259ri x\u0259st\u0259likl\u0259ri, y\u0259ni dermatozlarla \u0259laq\u0259l\u0259ndirilir.<\/p>\n<p>Eikosapentaenoik tur\u015fusu (EPA) v\u0259 dokosaheksaenoik tur\u015fusu (DHA) kimi <strong>OMEQA-3 YA\u011e TUR\u015eULARI<\/strong> iltihab \u0259leyhin\u0259 v\u0259 \u00f6dem \u0259leyhin\u0259 x\u00fcsusiyy\u0259tl\u0259r\u0259 malikdir v\u0259 h\u00fcceyr\u0259 membranlar\u0131n\u0131n ax\u0131c\u0131l\u0131\u011f\u0131n\u0131 v\u0259 elastikliyini t\u0259min edir. P\u0259hriz\u0259 daxil edil\u0259n omeqa-3 ya\u011f tur\u015fular\u0131, qa\u015f\u0131nma \u0259leyhin\u0259 m\u00fcalic\u0259d\u0259 geni\u015f istifad\u0259 olunan steroidl\u0259r d\u0259 daxil olmaqla, iltihab \u0259leyhin\u0259 d\u0259rmanlar\u0131n dozas\u0131n\u0131 azaltma\u011fa imkan verir. Omeqa-3 tur\u015fular\u0131n\u0131n \u0259n yax\u015f\u0131 m\u0259nb\u0259yi bal\u0131q ya\u011f\u0131 v\u0259 k\u0259tan ya\u011f\u0131d\u0131r.<\/p>\n<p><strong>B\u0130OT\u0130N B V\u0130TAM\u0130N\u0130 K\u0130M\u0130,<\/strong> a\u011f\u0131zdan q\u0259bul edildikd\u0259 ya\u011f v\u0259zil\u0259rin\u0259 \u00e7at\u0131r v\u0259 sonra d\u0259rinin s\u0259thin\u0259 xaric olur. Onun olmas\u0131 sebum ifraz\u0131n\u0131 qism\u0259n azald\u0131r v\u0259 ya\u011fl\u0131 d\u0259rini azald\u0131r ki, bu da x\u00fcsusil\u0259 seboreyal\u0131 itl\u0259rd\u0259 faydal\u0131d\u0131r.<\/p>\n<p><strong>D\u00fczg\u00fcn istifad\u0259 qaydalar\u0131:<\/strong><\/p>\n<p>15 kq-a q\u0259d\u0259r \u00e7\u0259kid\u0259 olan pi\u015fikl\u0259r v\u0259 itl\u0259r \u2013 g\u00fcnd\u0259 1 kapsul.<\/p>\n<p>15 kq-dan \u00e7ox \u00e7\u0259kid\u0259 olan itl\u0259r \u2013 g\u00fcnd\u0259 2 kapsul.<\/p>\n<p>Kaps\u00fcl\u00fcn ucu burulmal\u0131 v\u0259 ya k\u0259silm\u0259li, i\u00e7ind\u0259kil\u0259r s\u0131x\u0131lmal\u0131 v\u0259 qida il\u0259 qar\u0131\u015fd\u0131r\u0131lmal\u0131 v\u0259 ya birba\u015fa a\u011f\u0131za verilm\u0259lidir. Heyvanlar\u0131n h\u0259mi\u015f\u0259 t\u0259miz suya \u00e7\u0131x\u0131\u015f\u0131 olmal\u0131d\u0131r. M\u0259hsulun \u0259n az\u0131 2 ay v\u0259 ya optimal effekt \u0259ld\u0259 edil\u0259n\u0259 q\u0259d\u0259r istifad\u0259 edilm\u0259si t\u00f6vsiy\u0259 olunur. Twist off texnologiyas\u0131 praktik v\u0259 istifad\u0259\u00e7i dostudur. Doymam\u0131\u015f ya\u011f tur\u015fular\u0131n\u0131n davaml\u0131l\u0131\u011f\u0131n\u0131 v\u0259 y\u00fcks\u0259k keyfiyy\u0259tini t\u0259min edir.<\/p>\n<p><strong>T\u0259rkibi:<\/strong> 2.20.1 T\u0259mizl\u0259nmi\u015f boraj ya\u011f\u0131 Borago officinalis**, 10.4.6 bal\u0131q ya\u011f\u0131*, 2.20.1 T\u0259mizl\u0259nmi\u015f soya ya\u011f\u0131 Qlisin maksimum (L.) Merr., 9.3.1 ar\u0131 mumu, 2.21.1 xam lesitinl\u0259r.<\/p>\n<p><strong>Qida \u0259lav\u0259l\u0259ri (q\/kq):<\/strong> 3a835 vitamin B12 0.01 q, 3a880 biotin 2.15 q, 3a825ii vitamin B2 1.08 q, 3b603 sink oksid 0.84 q, 3a831 vitamin B6 0.43 q, 3a820 vitamin B1 0.43 q.<\/p>\n","protected":false},"excerpt":{"rendered":"<div class=\"d-flex ft__prod--sizes fix_sizes_1\">\n<div class=\"pe-3\">M\u0259hsul optimal d\u0259ri v\u0259ziyy\u0259tini v\u0259 t\u00fck keyfiyy\u0259tini qorumaq \u00fc\u00e7\u00fcn itl\u0259r v\u0259 pi\u015fikl\u0259r \u00fc\u00e7\u00fcn t\u00f6vsiy\u0259 olunur.<\/div>\n<\/div>\n","protected":false},"featured_media":807,"comment_status":"open","ping_status":"closed","template":"","meta":[],"product_brand":[],"product_cat":[18],"product_tag":[],"class_list":{"0":"post-872","1":"product","2":"type-product","3":"status-publish","4":"has-post-thumbnail","6":"product_cat-products","8":"first","9":"instock","10":"shipping-taxable","11":"product-type-simple"},"_links":{"self":[{"href":"https:\/\/vetexpert.az\/az\/index.php\/wp-json\/wp\/v2\/product\/872","targetHints":{"allow":["GET"]}}],"collection":[{"href":"https:\/\/vetexpert.az\/az\/index.php\/wp-json\/wp\/v2\/product"}],"about":[{"href":"https:\/\/vetexpert.az\/az\/index.php\/wp-json\/wp\/v2\/types\/product"}],"replies":[{"embeddable":true,"href":"https:\/\/vetexpert.az\/az\/index.php\/wp-json\/wp\/v2\/comments?post=872"}],"wp:featuredmedia":[{"embeddable":true,"href":"https:\/\/vetexpert.az\/az\/index.php\/wp-json\/wp\/v2\/media\/807"}],"wp:attachment":[{"href":"https:\/\/vetexpert.az\/az\/index.php\/wp-json\/wp\/v2\/media?parent=872"}],"wp:term":[{"taxonomy":"product_brand","embeddable":true,"href":"https:\/\/vetexpert.az\/az\/index.php\/wp-json\/wp\/v2\/product_brand?post=872"},{"taxonomy":"product_cat","embeddable":true,"href":"https:\/\/vetexpert.az\/az\/index.php\/wp-json\/wp\/v2\/product_cat?post=872"},{"taxonomy":"product_tag","embeddable":true,"href":"https:\/\/vetexpert.az\/az\/index.php\/wp-json\/wp\/v2\/product_tag?post=872"}],"curies":[{"name":"wp","href":"https:\/\/api.w.org\/{rel}","templated":true}]}}