{"id":871,"date":"2026-04-06T10:27:19","date_gmt":"2026-04-06T10:27:19","guid":{"rendered":"https:\/\/vetexpert.az\/?post_type=product&#038;p=871"},"modified":"2026-04-09T19:33:36","modified_gmt":"2026-04-09T19:33:36","slug":"vetomune-60-twist-off","status":"publish","type":"product","link":"https:\/\/vetexpert.az\/az\/index.php\/product\/vetomune-60-twist-off\/","title":{"rendered":"Vetomune 60 twist off"},"content":{"rendered":"<p>M\u0259hsul qeyri-spesifik immunitet mexanizml\u0259rini d\u0259st\u0259kl\u0259m\u0259k \u00fc\u00e7\u00fcn itl\u0259r v\u0259 pi\u015fikl\u0259r \u00fc\u00e7\u00fcn t\u00f6vsiy\u0259 olunur. M\u0259hsul ya\u015fl\u0131 heyvanlarda, b\u00f6y\u00fcy\u0259n bala itl\u0259rd\u0259, sa\u011falma d\u00f6vr\u00fcnd\u0259 olan heyvanlarda, hamil\u0259 qad\u0131n di\u015fil\u0259rd\u0259 immun sisteminin f\u0259aliyy\u0259tini optimalla\u015fd\u0131rmaq \u00fc\u00e7\u00fcn istifad\u0259 edil\u0259 bil\u0259r.<\/p>\n<p><strong>D\u00fczg\u00fcn istifad\u0259 \u00fc\u00e7\u00fcn t\u0259limat:<\/strong><\/p>\n<p>10 kq b\u0259d\u0259n \u00e7\u0259kisin\u0259 q\u0259d\u0259r itl\u0259r v\u0259 pi\u015fikl\u0259r \u2013 g\u00fcnd\u0259 1 kapsul. 10 kq b\u0259d\u0259n \u00e7\u0259kisind\u0259n \u00e7ox olan itl\u0259r \u2013 g\u00fcnd\u0259 10 kq b\u0259d\u0259n \u00e7\u0259kisin\u0259 1 kapsul.<\/p>\n<p>Kaps\u00fcl\u00fcn ucu burulmal\u0131 v\u0259 ya k\u0259silm\u0259li, i\u00e7ind\u0259kil\u0259r s\u0131x\u0131lmal\u0131 v\u0259 qida il\u0259 qar\u0131\u015fd\u0131r\u0131lmal\u0131 v\u0259 ya birba\u015fa a\u011f\u0131za verilm\u0259lidir. Heyvanlar\u0131n h\u0259mi\u015f\u0259 t\u0259miz suya \u00e7\u0131x\u0131\u015f\u0131 olmal\u0131d\u0131r.<\/p>\n<p><strong>T\u0259rkibi:<\/strong> 2.20.1 T\u0259mizl\u0259nmi\u015f soya ya\u011f\u0131, maksimum qlisin (L.) Merr., 12.1.5 maya (beta-ql\u00fckan), 11.1.11 CaHMB (kalsium \u03b2-hidroksi-\u03b2-metilbutirat), 13.6.2 qliserol monostearat, 2.21.1 xam lesitinl\u0259r.<\/p>\n<p><strong>Sensor \u0259lav\u0259l\u0259ri (q\/kq):<\/strong> 2b valerian k\u00f6k ekstrakt\u0131 (Valeriana officinalis L.) 21.3<\/p>\n","protected":false},"excerpt":{"rendered":"<div class=\"d-flex ft__prod--sizes fix_sizes_1\">\n<div class=\"pe-3\">M\u0259hsul qeyri-spesifik immunitet mexanizml\u0259rini d\u0259st\u0259kl\u0259m\u0259k \u00fc\u00e7\u00fcn itl\u0259r v\u0259 pi\u015fikl\u0259r \u00fc\u00e7\u00fcn t\u00f6vsiy\u0259 olunur.<\/div>\n<\/div>\n","protected":false},"featured_media":929,"comment_status":"open","ping_status":"closed","template":"","meta":[],"product_brand":[],"product_cat":[18],"product_tag":[],"class_list":{"0":"post-871","1":"product","2":"type-product","3":"status-publish","4":"has-post-thumbnail","6":"product_cat-products","8":"first","9":"instock","10":"shipping-taxable","11":"product-type-simple"},"_links":{"self":[{"href":"https:\/\/vetexpert.az\/az\/index.php\/wp-json\/wp\/v2\/product\/871","targetHints":{"allow":["GET"]}}],"collection":[{"href":"https:\/\/vetexpert.az\/az\/index.php\/wp-json\/wp\/v2\/product"}],"about":[{"href":"https:\/\/vetexpert.az\/az\/index.php\/wp-json\/wp\/v2\/types\/product"}],"replies":[{"embeddable":true,"href":"https:\/\/vetexpert.az\/az\/index.php\/wp-json\/wp\/v2\/comments?post=871"}],"wp:featuredmedia":[{"embeddable":true,"href":"https:\/\/vetexpert.az\/az\/index.php\/wp-json\/wp\/v2\/media\/929"}],"wp:attachment":[{"href":"https:\/\/vetexpert.az\/az\/index.php\/wp-json\/wp\/v2\/media?parent=871"}],"wp:term":[{"taxonomy":"product_brand","embeddable":true,"href":"https:\/\/vetexpert.az\/az\/index.php\/wp-json\/wp\/v2\/product_brand?post=871"},{"taxonomy":"product_cat","embeddable":true,"href":"https:\/\/vetexpert.az\/az\/index.php\/wp-json\/wp\/v2\/product_cat?post=871"},{"taxonomy":"product_tag","embeddable":true,"href":"https:\/\/vetexpert.az\/az\/index.php\/wp-json\/wp\/v2\/product_tag?post=871"}],"curies":[{"name":"wp","href":"https:\/\/api.w.org\/{rel}","templated":true}]}}