{"id":870,"date":"2026-04-06T10:27:19","date_gmt":"2026-04-06T10:27:19","guid":{"rendered":"https:\/\/vetexpert.az\/?post_type=product&#038;p=870"},"modified":"2026-04-17T14:19:29","modified_gmt":"2026-04-17T14:19:29","slug":"vetexpertveterinary-diet-renal-dog-chicken-rice-400g-can","status":"publish","type":"product","link":"https:\/\/vetexpert.az\/az\/index.php\/product\/vetexpertveterinary-diet-renal-dog-chicken-rice-400g-can\/","title":{"rendered":"Vetexpertveterinary Diet Renal Dog Chicken &#038; Rice 400g Can"},"content":{"rendered":"<p>Yetkin itl\u0259r \u00fc\u00e7\u00fcn tam v\u0259 balansla\u015fd\u0131r\u0131lm\u0131\u015f p\u0259hriz qidas\u0131, xroniki b\u00f6yr\u0259k \u00e7at\u0131\u015fmazl\u0131\u011f\u0131 hallar\u0131nda b\u00f6yr\u0259k funksiyas\u0131n\u0131 d\u0259st\u0259kl\u0259m\u0259k \u00fc\u00e7\u00fcn n\u0259z\u0259rd\u0259 tutulmu\u015fdur. B\u00f6yr\u0259k it p\u0259hriz qidas\u0131 azalm\u0131\u015f protein t\u0259rkibi v\u0259 a\u015fa\u011f\u0131 natrium v\u0259 fosfor s\u0259viyy\u0259l\u0259ri il\u0259 xarakteriz\u0259 olunur.<\/p>\n<p><strong>P\u0259hriz g\u00f6st\u0259ri\u015fl\u0259ri:<\/strong> Xroniki b\u00f6yr\u0259k \u00e7at\u0131\u015fmazl\u0131\u011f\u0131nda d\u0259st\u0259kl\u0259yici terapiya kimi<\/p>\n<p><strong>NATR\u0130UM\/FOSFOR<\/strong> \u2013 A\u015fa\u011f\u0131 natrium v\u0259 fosfor s\u0259viyy\u0259l\u0259ri ikincili hiperparatiroidizm riskini azaltma\u011fa v\u0259 sistemik hipertenziyan\u0131n qar\u015f\u0131s\u0131n\u0131 alma\u011fa k\u00f6m\u0259k edir.<\/p>\n<p><strong>SAD\u018f V\u018f QISA FORMULYAS\u0130YA<\/strong> \u2013 M\u0259hdud sayda t\u0259rkib hiss\u0259si qida komponentl\u0259rin\u0259 qar\u015f\u0131 ist\u0259nm\u0259y\u0259n reaksiyalar\u0131 minimuma endirm\u0259y\u0259 k\u00f6m\u0259k edir.<\/p>\n<p><strong>Y\u00dcKS\u018fK KEYF\u0130YY\u018fTL\u0130 Z\u00dcLAL<\/strong> \u2013 Y\u00fcks\u0259k keyfiyy\u0259tli heyvan m\u0259n\u015f\u0259li protein, b\u00f6yr\u0259kl\u0259ri metabolik yan m\u0259hsullarla h\u0259ddind\u0259n art\u0131q y\u00fckl\u0259m\u0259d\u0259n optimal amin tur\u015fusu istifad\u0259sin\u0259 imkan verir.<\/p>\n<p><strong>QL\u00dcTENS\u0130Z P\u018fHR\u0130Z<\/strong> \u2013 Yegan\u0259 karbohidrat m\u0259nb\u0259yi kimi d\u00fcy\u00fc tax\u0131llara qar\u015f\u0131 ist\u0259nm\u0259y\u0259n reaksiyalar riskini minimuma endirir.<\/p>\n<p><strong>D\u00fczg\u00fcn istifad\u0259 \u00fc\u00e7\u00fcn t\u0259limat:<\/strong> Xroniki b\u00f6yr\u0259k \u00e7at\u0131\u015fmazl\u0131\u011f\u0131 s\u0259b\u0259bind\u0259n t\u00f6vsiy\u0259 olunan p\u0259hriz yeminin m\u00fcdd\u0259ti 6 aydan \u00e7ox olmamal\u0131d\u0131r. G\u00fcnd\u0259lik yem hiss\u0259si doza c\u0259dv\u0259lind\u0259 t\u0259qdim edilmi\u015fdir. \u0130stifad\u0259d\u0259n \u0259vv\u0259l v\u0259 istifad\u0259 m\u00fcdd\u0259tini uzatmadan \u0259vv\u0259l baytarla m\u0259sl\u0259h\u0259tl\u0259\u015fm\u0259k t\u00f6vsiy\u0259 olunur. \u0130t \u00fc\u00e7\u00fcn su h\u0259r zaman m\u00f6vcud olmal\u0131d\u0131r.<\/p>\n<p><strong>Qidalanma t\u0259limat\u0131:<\/strong><\/p>\n<table class=\"table\" border=\"0\">\n<tbody>\n<tr>\n<td>YETK\u0130N \u0130T\u0130N B\u018fD\u018fN \u00c7\u018fK\u0130S\u0130 (KQ)<\/td>\n<td>G\u00dcND\u018fL\u0130K PORSIYA (KAN\/G\u00dcN)<\/td>\n<td>G\u00dcND\u018fL\u0130K PORSIYA (Q\/G\u00dcN)<\/td>\n<\/tr>\n<tr>\n<td>2,5-5<\/td>\n<td>1\/2 \u2013 3\/4<\/td>\n<td>180-300<\/td>\n<\/tr>\n<tr>\n<td>5-10<\/td>\n<td>3\/4 \u2013 1 1\/4<\/td>\n<td>300-500<\/td>\n<\/tr>\n<tr>\n<td>10-20<\/td>\n<td>1 1\/4 \u2013 2<\/td>\n<td>500-850<\/td>\n<\/tr>\n<tr>\n<td>20-40<\/td>\n<td>2 \u2013 3 1\/2<\/td>\n<td>850-1430<\/td>\n<\/tr>\n<tr>\n<td>40-60<\/td>\n<td>3 1\/2 \u2013 5<\/td>\n<td>1430-1950<\/td>\n<\/tr>\n<\/tbody>\n<\/table>\n<p><strong>T\u0259rkibi:<\/strong> \u0259t v\u0259 heyvan m\u0259n\u015f\u0259li m\u0259hsullar (42% toyuq), d\u0259nli bitkil\u0259r (5% \u00fcy\u00fcd\u00fclm\u00fc\u015f d\u00fcy\u00fc), minerallar (1%).<\/p>\n<p><strong>Z\u00fclal m\u0259nb\u0259yi:<\/strong> toyuq.<\/p>\n<p><strong>Analitik t\u0259rkib hiss\u0259l\u0259ri:<\/strong> xam z\u00fclal 6.3%, xam ya\u011f 9%, xam k\u00fcl 2%, xam lif 0.3%, n\u0259mlik 77%, kalsium 0.17%, fosfor 0.07%, natrium 0.07%, kalium 0.2%, Omega-3 v\u0259 Omega-6 ya\u011f tur\u015fular\u0131 2.2%. Metaboliz\u0259 olunan enerji (kkal\/100 q): 122.<\/p>\n<p><strong>Kq \u00fc\u00e7\u00fcn qida \u0259lav\u0259l\u0259ri:<\/strong> Vitaminl\u0259r: D3 vitamini (3a671) 200 BV. \u0130z elementl\u0259ri: sink (3b605) 25 mq, manqan (3b503) 1.4 mq, yod (3b202) 0.75 mq, mis (3b405) 2 mq.<\/p>\n","protected":false},"excerpt":{"rendered":"<div class=\"ft__prod--descTitle pb-2\">\n<div class=\"d-flex ft__prod--sizes fix_sizes_1\">\n<div class=\"pe-3\">Xroniki b\u00f6yr\u0259k \u00e7at\u0131\u015fmazl\u0131\u011f\u0131 zaman\u0131 b\u00f6yr\u0259k funksiyas\u0131n\u0131 d\u0259st\u0259kl\u0259y\u0259n yetkin itl\u0259r \u00fc\u00e7\u00fcn tam p\u0259hrizli yem.<\/div>\n<\/div>\n<\/div>\n","protected":false},"featured_media":968,"comment_status":"open","ping_status":"closed","template":"","meta":[],"product_brand":[],"product_cat":[18],"product_tag":[],"class_list":{"0":"post-870","1":"product","2":"type-product","3":"status-publish","4":"has-post-thumbnail","6":"product_cat-products","8":"first","9":"instock","10":"shipping-taxable","11":"product-type-simple"},"_links":{"self":[{"href":"https:\/\/vetexpert.az\/az\/index.php\/wp-json\/wp\/v2\/product\/870","targetHints":{"allow":["GET"]}}],"collection":[{"href":"https:\/\/vetexpert.az\/az\/index.php\/wp-json\/wp\/v2\/product"}],"about":[{"href":"https:\/\/vetexpert.az\/az\/index.php\/wp-json\/wp\/v2\/types\/product"}],"replies":[{"embeddable":true,"href":"https:\/\/vetexpert.az\/az\/index.php\/wp-json\/wp\/v2\/comments?post=870"}],"wp:featuredmedia":[{"embeddable":true,"href":"https:\/\/vetexpert.az\/az\/index.php\/wp-json\/wp\/v2\/media\/968"}],"wp:attachment":[{"href":"https:\/\/vetexpert.az\/az\/index.php\/wp-json\/wp\/v2\/media?parent=870"}],"wp:term":[{"taxonomy":"product_brand","embeddable":true,"href":"https:\/\/vetexpert.az\/az\/index.php\/wp-json\/wp\/v2\/product_brand?post=870"},{"taxonomy":"product_cat","embeddable":true,"href":"https:\/\/vetexpert.az\/az\/index.php\/wp-json\/wp\/v2\/product_cat?post=870"},{"taxonomy":"product_tag","embeddable":true,"href":"https:\/\/vetexpert.az\/az\/index.php\/wp-json\/wp\/v2\/product_tag?post=870"}],"curies":[{"name":"wp","href":"https:\/\/api.w.org\/{rel}","templated":true}]}}