{"id":869,"date":"2026-04-06T10:27:19","date_gmt":"2026-04-06T10:27:19","guid":{"rendered":"https:\/\/vetexpert.az\/?post_type=product&#038;p=869"},"modified":"2026-04-09T19:28:06","modified_gmt":"2026-04-09T19:28:06","slug":"vetexpert-veterinary-diet-urinary-dog-400g-can","status":"publish","type":"product","link":"https:\/\/vetexpert.az\/az\/index.php\/product\/vetexpert-veterinary-diet-urinary-dog-400g-can\/","title":{"rendered":"Vetexpert Veterinary Diet Urinary Dog 400g Can"},"content":{"rendered":"<p>Yetkin itl\u0259r \u00fc\u00e7\u00fcn tam v\u0259 balansla\u015fd\u0131r\u0131lm\u0131\u015f p\u0259hriz qidas\u0131, struvit da\u015flar\u0131n\u0131 h\u0259ll etm\u0259k v\u0259 yenid\u0259n \u0259m\u0259l\u0259 g\u0259lm\u0259sinin qar\u015f\u0131s\u0131n\u0131 almaq \u00fc\u00e7\u00fcn t\u00f6vsiy\u0259 olunur. P\u0259hriz qidas\u0131 sidiyi tur\u015fula\u015fd\u0131rmaq (DL-metionin \u0259lav\u0259 etm\u0259k, heyvan z\u00fclal\u0131n\u0131n orta s\u0259viyy\u0259d\u0259 olmas\u0131), struvit doymam\u0131\u015f sidik \u0259m\u0259l\u0259 g\u0259lm\u0259sin\u0259 \u00fcst\u00fcnl\u00fck verm\u0259k v\u0259 ya struvitl\u0259 \u0259laq\u0259li metastabilizasiya x\u00fcsusiyy\u0259tl\u0259rin\u0259 malikdir.<\/p>\n<p><strong>P\u0259hriz g\u00f6st\u0259ri\u015fl\u0259ri:<\/strong> Struvit da\u015flar\u0131n\u0131 h\u0259ll etm\u0259k, struvit da\u015f\u0131n\u0131n t\u0259krarlanmas\u0131n\u0131n azald\u0131lmas\u0131.<\/p>\n<p><strong>MONOPROTE\u0130N TOYUQ<\/strong> \u2013 diqq\u0259tl\u0259 se\u00e7ilmi\u015f, heyvan m\u0259n\u015f\u0259li y\u00fcks\u0259k keyfiyy\u0259tli z\u00fclal\u0131n t\u0259k m\u0259nb\u0259yi t\u0259rkib hiss\u0259l\u0259rin\u0259 v\u0259 qida madd\u0259l\u0259rin\u0259 qar\u015f\u0131 d\u00f6z\u00fcms\u00fczl\u00fck riskini azald\u0131r.<\/p>\n<p><strong>Z\u018fNG\u0130L\u0130 \u2013<\/strong> mikroorqanizml\u0259rin sidik yollar\u0131n\u0131n epitelin\u0259 yap\u0131\u015fmas\u0131n\u0131 azald\u0131r, ikincili bakterial infeksiyalar riskini azald\u0131r.<\/p>\n<p><strong>DL-METION\u0130N<\/strong> \u2013 sidiyin tur\u015fula\u015fmas\u0131na s\u0259b\u0259b olur ki, bu da onun struvit doymam\u0131\u015f sidik x\u00fcsusiyy\u0259tl\u0259rini qazanmas\u0131na v\u0259 ya struvitl\u0259 \u0259laq\u0259li metastabilizasiya x\u00fcsusiyy\u0259tl\u0259rin\u0259 malik olmas\u0131na s\u0259b\u0259b olur.<\/p>\n<p><strong>D\u00fczg\u00fcn istifad\u0259 \u00fc\u00e7\u00fcn t\u0259limat:<\/strong> P\u0259hriz yetkin itin g\u00fcnd\u0259lik qidalanma t\u0259l\u0259bat\u0131n\u0131 \u00f6d\u0259yir. C\u0259dv\u0259ld\u0259 t\u0259qdim olunan g\u00fcnd\u0259lik dozalar heyvan\u0131n haz\u0131rk\u0131 b\u0259d\u0259n \u00e7\u0259kisind\u0259n, sa\u011flaml\u0131q v\u0259ziyy\u0259tind\u0259n v\u0259 b\u0259d\u0259n v\u0259ziyy\u0259tind\u0259n, el\u0259c\u0259 d\u0259 fiziki f\u0259aliyy\u0259tind\u0259n as\u0131l\u0131d\u0131r. Bunlardan as\u0131l\u0131 olaraq t\u00f6vsiy\u0259 olunan dozalar d\u0259yi\u015f\u0259 bil\u0259r. G\u00fcnd\u0259lik doza m\u00fcnt\u0259z\u0259m olaraq veril\u0259n 2-4 yem\u0259y\u0259 b\u00f6l\u00fcnm\u0259lidir. Struvit urolitiaz\u0131n\u0131n qar\u015f\u0131s\u0131n\u0131n al\u0131nmas\u0131 \u00fc\u00e7\u00fcn sidik pH-n\u0131 d\u0259yi\u015fdir\u0259n daha ki\u00e7ik, lakin tez-tez veril\u0259n qida porsiyalar\u0131 t\u0259qdim etm\u0259k t\u00f6vsiy\u0259 olunur. P\u0259hrizl\u0259 ba\u011fl\u0131 b\u00fct\u00fcn d\u0259yi\u015fiklikl\u0259r (p\u0259hriz se\u00e7imi, dozas\u0131, yem\u0259k tezliyi) h\u0259mi\u015f\u0259 baytarla m\u0259sl\u0259h\u0259tl\u0259\u015fm\u0259lidir.<\/p>\n<p>Struvit urolitiaz\u0131n\u0131n qar\u015f\u0131s\u0131n\u0131n al\u0131nmas\u0131nda p\u0259hrizin ilkin t\u00f6vsiy\u0259 olunan m\u00fcdd\u0259ti 6 aydan \u00e7ox olmamal\u0131d\u0131r.<\/p>\n<p><strong>Qidalanma t\u0259limat\u0131:<\/strong><\/p>\n<table class=\"table\" border=\"0\">\n<tbody>\n<tr>\n<td>\u0130T\u0130N B\u018fD\u018fN \u00c7\u018fK\u0130S\u0130 (KQ)<\/td>\n<td>5-10<\/td>\n<td>10-15<\/td>\n<td>15-20<\/td>\n<td>20-30<\/td>\n<td>30-40<\/td>\n<td>40-50<\/td>\n<\/tr>\n<tr>\n<td>G\u00dcND\u018fL\u0130K PORSIYA (Q\/G\u00dcN)<\/td>\n<td>3\/4 \u2013 1 1\/2<\/td>\n<td>1 1\/2 \u2013 1 3\/4<\/td>\n<td>2-3<\/td>\n<td>3-3 1\/2<\/td>\n<td>3 1\/2 \u2013 4 1\/2<\/td>\n<td>4 1\/2 \u2013 5 1\/2<\/td>\n<\/tr>\n<\/tbody>\n<\/table>\n<p><strong>T\u0259rkibi:<\/strong> toyuq (64%), d\u00fcy\u00fc (4%), zo\u011fal (2%), minerallar (1%).<\/p>\n<p><strong>Analitik t\u0259rkib hiss\u0259l\u0259ri:<\/strong> xam protein 9%; xam ya\u011f 6,4%; xam k\u00fcl 1,9%; xam lif 0,3%; karbohidratlar 2,4%; n\u0259mlik 80%; Ca 0,2%; P 0,14%; Na 0,1%; K 0,2%; Cl 0,26%; Mg 0,03%; S 0,2%; Omega-6 FA 0,9%; Omega-3 FA 0,1%; Metabolik enerji: 97,4 kkal\/100 q<\/p>\n<p><strong>Kq ba\u015f\u0131na qida \u0259lav\u0259l\u0259ri:<\/strong> D3 vitamini (3a671): 200 I.E:, Sink sink sulfat monohidrat (3b605): 25 mq; Manqan manqan sulfat monohidrat (3b503): 1,4 mq; Yod kalsium yodat susuz (3b202): 0,75 mq; Mis mis (II) sulfat pentahidrat (3b405): 1 mq; DL metionin (3c301): 1000 mq.<\/p>\n<p>&nbsp;<\/p>\n","protected":false},"excerpt":{"rendered":"<div class=\"d-flex ft__prod--sizes fix_sizes_1\">\n<div class=\"pe-3\">Yetkin itl\u0259r \u00fc\u00e7\u00fcn tam v\u0259 balansla\u015fd\u0131r\u0131lm\u0131\u015f p\u0259hriz qidas\u0131, struvit da\u015flar\u0131n\u0131 h\u0259ll etm\u0259k v\u0259 yenid\u0259n \u0259m\u0259l\u0259 g\u0259lm\u0259sinin qar\u015f\u0131s\u0131n\u0131 almaq \u00fc\u00e7\u00fcn t\u00f6vsiy\u0259 olunur.<\/p>\n<\/div>\n<\/div>\n","protected":false},"featured_media":882,"comment_status":"open","ping_status":"closed","template":"","meta":[],"product_brand":[],"product_cat":[18],"product_tag":[],"class_list":{"0":"post-869","1":"product","2":"type-product","3":"status-publish","4":"has-post-thumbnail","6":"product_cat-products","8":"first","9":"instock","10":"shipping-taxable","11":"product-type-simple"},"_links":{"self":[{"href":"https:\/\/vetexpert.az\/az\/index.php\/wp-json\/wp\/v2\/product\/869","targetHints":{"allow":["GET"]}}],"collection":[{"href":"https:\/\/vetexpert.az\/az\/index.php\/wp-json\/wp\/v2\/product"}],"about":[{"href":"https:\/\/vetexpert.az\/az\/index.php\/wp-json\/wp\/v2\/types\/product"}],"replies":[{"embeddable":true,"href":"https:\/\/vetexpert.az\/az\/index.php\/wp-json\/wp\/v2\/comments?post=869"}],"wp:featuredmedia":[{"embeddable":true,"href":"https:\/\/vetexpert.az\/az\/index.php\/wp-json\/wp\/v2\/media\/882"}],"wp:attachment":[{"href":"https:\/\/vetexpert.az\/az\/index.php\/wp-json\/wp\/v2\/media?parent=869"}],"wp:term":[{"taxonomy":"product_brand","embeddable":true,"href":"https:\/\/vetexpert.az\/az\/index.php\/wp-json\/wp\/v2\/product_brand?post=869"},{"taxonomy":"product_cat","embeddable":true,"href":"https:\/\/vetexpert.az\/az\/index.php\/wp-json\/wp\/v2\/product_cat?post=869"},{"taxonomy":"product_tag","embeddable":true,"href":"https:\/\/vetexpert.az\/az\/index.php\/wp-json\/wp\/v2\/product_tag?post=869"}],"curies":[{"name":"wp","href":"https:\/\/api.w.org\/{rel}","templated":true}]}}