{"id":868,"date":"2026-04-06T10:27:19","date_gmt":"2026-04-06T10:27:19","guid":{"rendered":"https:\/\/vetexpert.az\/?post_type=product&#038;p=868"},"modified":"2026-04-09T19:25:08","modified_gmt":"2026-04-09T19:25:08","slug":"vetexpert-veterinary-diet-urinary-cat-100g-pouch","status":"publish","type":"product","link":"https:\/\/vetexpert.az\/az\/index.php\/product\/vetexpert-veterinary-diet-urinary-cat-100g-pouch\/","title":{"rendered":"Vetexpert Veterinary Diet Urinary Cat 100g Pouch"},"content":{"rendered":"<p>Yetkin pi\u015fikl\u0259r \u00fc\u00e7\u00fcn struvit da\u015flar\u0131n\u0131 h\u0259ll etm\u0259k v\u0259 struvit da\u015flar\u0131n\u0131n t\u0259krarlanmas\u0131n\u0131 azaltmaq \u00fc\u00e7\u00fcn tam p\u0259hriz yemi. Struvit v\u0259\/v\u0259 ya sidik tur\u015fula\u015fd\u0131r\u0131c\u0131 x\u00fcsusiyy\u0259tl\u0259ri \u00fc\u00e7\u00fcn sidik doymam\u0131\u015f v\u0259 ya metastabill\u0259\u015fdirici x\u00fcsusiyy\u0259tl\u0259ri.<\/p>\n<p><strong>CRANBERY<\/strong> \u2013 Mikroorqanizml\u0259rin sidik yollar\u0131n\u0131n epitelin\u0259 yap\u0131\u015fmas\u0131n\u0131 azald\u0131r, ikincili bakterial infeksiyalar riskini azald\u0131r.<\/p>\n<p><strong>DL-METION\u0130N<\/strong> \u2013 struvit doymam\u0131\u015f sidik \u0259m\u0259l\u0259 g\u0259lm\u0259sini t\u0259\u015fviq ed\u0259n v\u0259\/v\u0259 ya struvit \u00fc\u00e7\u00fcn metastabill\u0259\u015fdirici x\u00fcsusiyy\u0259tl\u0259r\u0259 malik sidik tur\u015fula\u015fd\u0131r\u0131c\u0131 x\u00fcsusiyy\u0259tl\u0259rin\u0259 malikdir.<\/p>\n<p><strong>KALSIUM, KALIUM, MAQNEZ\u0130UM V\u018f NATR\u0130UMUN N\u018fZAR\u018fT OLUNAN S\u018fV\u0130YY\u018fL\u018fR\u0130 \u2013<\/strong> \u0130onlar\u0131n m\u0259hdud t\u0259rkibi kristalla\u015fma prosesi v\u0259 m\u00f6vcud kristallar\u0131n aqreqasiyas\u0131 \u00fc\u00e7\u00fcn z\u0259ruri olan potensial komponentl\u0259ri m\u0259hdudla\u015fd\u0131rma\u011fa imkan verir.<\/p>\n<p><strong>D\u00fczg\u00fcn istifad\u0259 qaydalar\u0131:<\/strong> Stuvit da\u015flar\u0131n\u0131n \u0259rim\u0259si s\u0259b\u0259bind\u0259n istifad\u0259 edil\u0259n p\u0259hriz yeminin t\u00f6vsiy\u0259 olunan m\u00fcdd\u0259ti 5-12 h\u0259ft\u0259 olmal\u0131d\u0131r, lakin stuvit da\u015f\u0131n\u0131n t\u0259krarlanmas\u0131n\u0131n azalmas\u0131 hal\u0131nda t\u00f6vsiy\u0259 olunan q\u0259bul m\u00fcdd\u0259ti \u0259vv\u0259lc\u0259 6 aya q\u0259d\u0259r olmal\u0131d\u0131r. \u0130stifad\u0259d\u0259n \u0259vv\u0259l v\u0259 istifad\u0259 m\u00fcdd\u0259tini uzatmazdan \u0259vv\u0259l baytarla m\u0259sl\u0259h\u0259tl\u0259\u015fm\u0259k t\u00f6vsiy\u0259 olunur. Yem\u0259k otaq temperaturunda verilm\u0259lidir. A\u00e7\u0131ld\u0131qdan sonra paket soyuducuda saxlan\u0131lmal\u0131d\u0131r. Heyvan\u0131n daimi olaraq t\u0259z\u0259, t\u0259miz suya \u00e7\u0131x\u0131\u015f\u0131 olmal\u0131d\u0131r.<\/p>\n<p><strong>Qidalanma t\u0259limat\u0131:<\/strong><\/p>\n<table class=\"table\" border=\"0\">\n<tbody>\n<tr>\n<td>P\u0130\u015e\u0130K B\u018fD\u018fN \u00c7\u018fK\u0130S\u0130 (KQ)<\/td>\n<td><2<\/td>\n<td>2-4<\/td>\n<td>4-6<\/td>\n<td>6-8<\/td>\n<\/tr>\n<tr>\n<td>PASE\/G\u00dcN<\/td>\n<td><1<\/td>\n<td>1 \u2013 1\u00bd<\/td>\n<td>1\u00bd \u2013 2<\/td>\n<td>2 \u2013 2\u00bd<\/td>\n<\/tr>\n<tr>\n<td>G\u00dcND\u018fL\u0130K PORSIYA (Q\/G\u00dcN)<\/td>\n<td><100<\/td>\n<td>100-150<\/td>\n<td>150-200<\/td>\n<td>200-250<\/td>\n<\/tr>\n<\/tbody>\n<\/table>\n<p><strong>T\u0259rkibi:<\/strong> Mal \u0259ti (34%), hindu\u015fka (34%), zo\u011fal (2%), minerallar (1%), q\u0131z\u0131lbal\u0131q ya\u011f\u0131 (0.2%)<\/p>\n<p><strong>Analitik t\u0259rkib hiss\u0259l\u0259ri:<\/strong> xam protein 10,60%; xam ya\u011f 6,10%; xam k\u00fcl 2,10%; xam lif 0,40%; n\u0259mlik 77%; P 0,21%; Ca 0,14%; Na 0,10%; K 0,22%; Mg 0,04%; Cl 0,23%; S 0,21%; EM: 108,4 kkal\/100 q.<\/p>\n<p><strong>Qida \u0259lav\u0259l\u0259ri\/kq:<\/strong> Vitaminl\u0259r: D3 vitamini (3a671): 200 BV; Minerallar: Sink sink sulfat monohidrat kimi (3b605): 25 mq; Manqan manqan sulfat monohidrat kimi (3b503): 1,4 mq; Mis mis (II) sulfat pentahidrat kimi (3b405): 1,0 mq; Yod kalsium yodat kimi susuz (3b202): 0,75 mq; Amin tur\u015fular\u0131, onlar\u0131n duzlar\u0131 v\u0259 ox\u015far m\u0259hsullar: DL-Metionin (3c301) (sidik tur\u015fula\u015fd\u0131r\u0131c\u0131s\u0131): 2500 mq; Provitaminl\u0259r: Taurin (3a370): 1500 mq.<\/p>\n","protected":false},"excerpt":{"rendered":"<div class=\"d-flex ft__prod--sizes fix_sizes_1\">\n<div class=\"pe-3\">Yetkin pi\u015fikl\u0259r \u00fc\u00e7\u00fcn struvit da\u015flar\u0131n\u0131 h\u0259ll etm\u0259k v\u0259 struvit da\u015flar\u0131n\u0131n t\u0259krarlanmas\u0131n\u0131 azaltmaq \u00fc\u00e7\u00fcn tam p\u0259hriz yemi. Struvit v\u0259\/v\u0259 ya sidik tur\u015fula\u015fd\u0131r\u0131c\u0131 x\u00fcsusiyy\u0259tl\u0259ri \u00fc\u00e7\u00fcn sidik doymam\u0131\u015f v\u0259 ya metastabill\u0259\u015fdirici x\u00fcsusiyy\u0259tl\u0259ri<\/div>\n<\/div>\n","protected":false},"featured_media":881,"comment_status":"open","ping_status":"closed","template":"","meta":[],"product_brand":[],"product_cat":[18],"product_tag":[],"class_list":{"0":"post-868","1":"product","2":"type-product","3":"status-publish","4":"has-post-thumbnail","6":"product_cat-products","8":"first","9":"instock","10":"shipping-taxable","11":"product-type-simple"},"_links":{"self":[{"href":"https:\/\/vetexpert.az\/az\/index.php\/wp-json\/wp\/v2\/product\/868","targetHints":{"allow":["GET"]}}],"collection":[{"href":"https:\/\/vetexpert.az\/az\/index.php\/wp-json\/wp\/v2\/product"}],"about":[{"href":"https:\/\/vetexpert.az\/az\/index.php\/wp-json\/wp\/v2\/types\/product"}],"replies":[{"embeddable":true,"href":"https:\/\/vetexpert.az\/az\/index.php\/wp-json\/wp\/v2\/comments?post=868"}],"wp:featuredmedia":[{"embeddable":true,"href":"https:\/\/vetexpert.az\/az\/index.php\/wp-json\/wp\/v2\/media\/881"}],"wp:attachment":[{"href":"https:\/\/vetexpert.az\/az\/index.php\/wp-json\/wp\/v2\/media?parent=868"}],"wp:term":[{"taxonomy":"product_brand","embeddable":true,"href":"https:\/\/vetexpert.az\/az\/index.php\/wp-json\/wp\/v2\/product_brand?post=868"},{"taxonomy":"product_cat","embeddable":true,"href":"https:\/\/vetexpert.az\/az\/index.php\/wp-json\/wp\/v2\/product_cat?post=868"},{"taxonomy":"product_tag","embeddable":true,"href":"https:\/\/vetexpert.az\/az\/index.php\/wp-json\/wp\/v2\/product_tag?post=868"}],"curies":[{"name":"wp","href":"https:\/\/api.w.org\/{rel}","templated":true}]}}