{"id":867,"date":"2026-04-06T10:27:19","date_gmt":"2026-04-06T10:27:19","guid":{"rendered":"https:\/\/vetexpert.az\/?post_type=product&#038;p=867"},"modified":"2026-04-09T19:21:45","modified_gmt":"2026-04-09T19:21:45","slug":"vetexpert-veterinary-diet-renal-cat-100g-pouch","status":"publish","type":"product","link":"https:\/\/vetexpert.az\/az\/index.php\/product\/vetexpert-veterinary-diet-renal-cat-100g-pouch\/","title":{"rendered":"VetExpert Veterinary Diet Renal cat 100g pouch"},"content":{"rendered":"<p>Yetkin pi\u015fikl\u0259r \u00fc\u00e7\u00fcn tam v\u0259 balansla\u015fd\u0131r\u0131lm\u0131\u015f p\u0259hriz yemi, xroniki \u00e7at\u0131\u015fmazl\u0131\u011f\u0131 hal\u0131nda b\u00f6yr\u0259k funksiyas\u0131n\u0131 d\u0259st\u0259kl\u0259m\u0259k \u00fc\u00e7\u00fcn t\u00f6vsiy\u0259 olunur. Reseptd\u0259 heyvan m\u0259n\u015f\u0259li y\u00fcks\u0259k keyfiyy\u0259tli protein (toyuq v\u0259 mal \u0259ti), asanl\u0131qla h\u0259zm olunan d\u00fcy\u00fc v\u0259 Omega-3 tur\u015fular\u0131n\u0131n (q\u0131z\u0131lbal\u0131q ya\u011f\u0131) \u0259lav\u0259 edilm\u0259si var ki, bu da m\u0259hdud miqdarda fosfor v\u0259 natriumla birlikd\u0259 x\u0259st\u0259liyin ir\u0259lil\u0259m\u0259sini yava\u015flatma\u011f\u0131 h\u0259d\u0259fl\u0259yir. P\u0259hriz g\u00f6st\u0259ricil\u0259ri: Xroniki b\u00f6yr\u0259k \u00e7at\u0131\u015fmazl\u0131\u011f\u0131.<\/p>\n<p><strong>Y\u00dcKS\u018fK KALORI V\u018f YA\u011e<\/strong> \u2013 \u0259t v\u0259 q\u0131z\u0131lbal\u0131q ya\u011f\u0131nda olan ya\u011fdan \u0259ld\u0259 edil\u0259n p\u0259hrizin y\u00fcks\u0259k kalorili t\u0259rkibi rasionda konsentrat miqdarda enerji t\u0259min edir. Bu, x\u00fcsusil\u0259 i\u015ftah\u0131 azalm\u0131\u015f xroniki x\u0259st\u0259 pi\u015fikl\u0259rd\u0259 vacibdir.<\/p>\n<p><strong>AZALDILMI\u015e Z\u00dcLAL M\u018fZMUNU<\/strong> \u2013 y\u00fcks\u0259k keyfiyy\u0259tli heyvan z\u00fclal\u0131n\u0131n (toyuq, mal \u0259ti) m\u0259hdud t\u0259rkibi amin tur\u015fular\u0131n\u0131n optimal \u015f\u0259kild\u0259 m\u0259nims\u0259nilm\u0259sin\u0259 v\u0259 b\u00f6yr\u0259kl\u0259ri azot m\u00fcbadil\u0259si m\u0259hsullar\u0131 il\u0259 h\u0259ddind\u0259n art\u0131q y\u00fckl\u0259m\u0259d\u0259n pi\u015fik orqanizmi t\u0259r\u0259find\u0259n effektiv istifad\u0259sin\u0259 imkan verir.<\/p>\n<p><strong>A\u015eA\u011eI FOSFOR<\/strong> \u2013 d\u00fczg\u00fcn kalsium-fosfat m\u00fcbadil\u0259sini qoruma\u011fa imkan verir. Bu, ikincili qida hiperparatiroidizmi, h\u00fcceyr\u0259l\u0259rd\u0259 kalsium \u00e7\u00f6k\u00fcnt\u00fcl\u0259ri v\u0259 m\u00fcmk\u00fcn x\u0259st\u0259liyin ir\u0259lil\u0259m\u0259si riskini azald\u0131r.<\/p>\n<p>Q\u0131z\u0131lbal\u0131q ya\u011f\u0131nda olan <strong>OMEGA<\/strong> 3 FA iltihab\u0131 t\u0259\u015fviq ed\u0259n amill\u0259rin istehsal\u0131n\u0131 v\u0259 f\u0259aliyy\u0259tini mane\u0259 t\u00f6r\u0259d\u0259n t\u0259sir\u0259 malikdir. Onlar h\u0259m\u00e7inin b\u00f6yr\u0259k qlomerullar\u0131n\u0131 \u0259lav\u0259 qoruyur, proaqreqasiya ed\u0259n v\u0259 hipertonik amill\u0259rin sintezini azald\u0131r.<\/p>\n<p><strong>D\u00fczg\u00fcn istifad\u0259 \u00fc\u00e7\u00fcn t\u0259limat:<\/strong> P\u0259hriz qidalanmas\u0131n\u0131n t\u00f6vsiy\u0259 olunan m\u00fcdd\u0259ti 6 aydan \u00e7ox olmamal\u0131d\u0131r. G\u00fcnd\u0259lik dozalar qabla\u015fd\u0131rman\u0131n \u00fcz\u0259rind\u0259ki c\u0259dv\u0259ld\u0259 g\u00f6st\u0259rilmi\u015fdir. \u0130stifad\u0259d\u0259n \u0259vv\u0259l v\u0259 qidalanma rejimind\u0259 h\u0259r d\u0259yi\u015fiklikd\u0259n \u0259vv\u0259l baytar h\u0259kiminin r\u0259yini almaq t\u00f6vsiy\u0259 olunur. Heyvan\u0131n daimi olaraq t\u0259z\u0259, t\u0259miz suya \u00e7\u0131x\u0131\u015f\u0131 olmal\u0131d\u0131r.<\/p>\n<p><strong>Qidalanma t\u0259limat\u0131:<\/strong><\/p>\n<table class=\"table\" border=\"0\">\n<tbody>\n<tr>\n<td>P\u0130\u015e\u0130K B\u018fD\u018fN \u00c7\u018fK\u0130S\u0130 (KQ)<\/td>\n<td><2<\/td>\n<td>2-4<\/td>\n<td>4-6<\/td>\n<td>6-8<\/td>\n<\/tr>\n<tr>\n<td>G\u00dcND\u018fL\u0130K PORSIYA (Q\/G\u00dcN)<\/td>\n<td>\u00bd \u2013 1<\/td>\n<td>1 \u2013 2\u00bd<\/td>\n<td>2\u00bd \u2013 3\u00bc<\/td>\n<td>3\u00bc \u2013 4<\/td>\n<\/tr>\n<\/tbody>\n<\/table>\n<p><strong>T\u0259rkibi:<\/strong> \u0259t v\u0259 m\u0259hsul \u00fczr\u0259 \u0259t (26% toyuq, 23% mal \u0259ti), d\u00fcy\u00fc (6%), minerallar (1%), ya\u011f v\u0259 ya\u011f (0,5% q\u0131z\u0131lbal\u0131q ya\u011f\u0131).<\/p>\n<p><strong>Z\u00fclal m\u0259nb\u0259yi:<\/strong> toyuq, mal \u0259ti.<\/p>\n<p><strong>Kq ba\u015f\u0131na qida \u0259lav\u0259l\u0259ri:<\/strong> Vitaminl\u0259r: A vitamini (3a372a): 3000 BV; D3 vitamini (3a671): 200 BV; \u0130z elementl\u0259ri: Sink (Sink sulfat monohidrat; 3b605): 25 mq; <strong>Manqan (Manqan sulfat monohidrat; 3b503):<\/strong> 1,4 mq; Yod (Susuz Kalsium yodat; 3b202): 0,75 mq; Mis (Mis (II) sulfat pentahidrat; 3b405): 1 mq; <strong>Provitaminl\u0259r:<\/strong> Taurin (3a370): 1500 mq.<\/p>\n<p><strong>Analitik t\u0259rkib hiss\u0259l\u0259ri:<\/strong> xam protein 8%, xam ya\u011f 7,5%, xam k\u00fcl 2%, xam lif 0,5%, n\u0259mlik 76%, Ca 0,2%, P 0,16%, Na 0,16%, K 0,29%, Omega-3 FA 0,2%, Omega-6 FA 0,8%, EM: 112,75 kkal\/100 q.<\/p>\n<p>&nbsp;<\/p>\n<p>&nbsp;<\/p>\n","protected":false},"excerpt":{"rendered":"<div class=\"d-flex ft__prod--sizes fix_sizes_1\">\n<div class=\"pe-3\">Yetkin pi\u015fikl\u0259r \u00fc\u00e7\u00fcn xroniki \u00e7at\u0131\u015fmazl\u0131\u011f\u0131 hal\u0131nda b\u00f6yr\u0259k funksiyas\u0131n\u0131 d\u0259st\u0259kl\u0259m\u0259k \u00fc\u00e7\u00fcn tam v\u0259 balansla\u015fd\u0131r\u0131lm\u0131\u015f p\u0259hriz yemi t\u00f6vsiy\u0259 olunur.<\/div>\n<\/div>\n","protected":false},"featured_media":1029,"comment_status":"open","ping_status":"closed","template":"","meta":[],"product_brand":[],"product_cat":[18],"product_tag":[],"class_list":{"0":"post-867","1":"product","2":"type-product","3":"status-publish","4":"has-post-thumbnail","6":"product_cat-products","8":"first","9":"instock","10":"shipping-taxable","11":"product-type-simple"},"_links":{"self":[{"href":"https:\/\/vetexpert.az\/az\/index.php\/wp-json\/wp\/v2\/product\/867","targetHints":{"allow":["GET"]}}],"collection":[{"href":"https:\/\/vetexpert.az\/az\/index.php\/wp-json\/wp\/v2\/product"}],"about":[{"href":"https:\/\/vetexpert.az\/az\/index.php\/wp-json\/wp\/v2\/types\/product"}],"replies":[{"embeddable":true,"href":"https:\/\/vetexpert.az\/az\/index.php\/wp-json\/wp\/v2\/comments?post=867"}],"wp:featuredmedia":[{"embeddable":true,"href":"https:\/\/vetexpert.az\/az\/index.php\/wp-json\/wp\/v2\/media\/1029"}],"wp:attachment":[{"href":"https:\/\/vetexpert.az\/az\/index.php\/wp-json\/wp\/v2\/media?parent=867"}],"wp:term":[{"taxonomy":"product_brand","embeddable":true,"href":"https:\/\/vetexpert.az\/az\/index.php\/wp-json\/wp\/v2\/product_brand?post=867"},{"taxonomy":"product_cat","embeddable":true,"href":"https:\/\/vetexpert.az\/az\/index.php\/wp-json\/wp\/v2\/product_cat?post=867"},{"taxonomy":"product_tag","embeddable":true,"href":"https:\/\/vetexpert.az\/az\/index.php\/wp-json\/wp\/v2\/product_tag?post=867"}],"curies":[{"name":"wp","href":"https:\/\/api.w.org\/{rel}","templated":true}]}}