{"id":866,"date":"2026-04-06T10:27:19","date_gmt":"2026-04-06T10:27:19","guid":{"rendered":"https:\/\/vetexpert.az\/?post_type=product&#038;p=866"},"modified":"2026-04-09T19:18:22","modified_gmt":"2026-04-09T19:18:22","slug":"vetexpert-veterinary-diet-recovery-dog-400-g-can","status":"publish","type":"product","link":"https:\/\/vetexpert.az\/az\/index.php\/product\/vetexpert-veterinary-diet-recovery-dog-400-g-can\/","title":{"rendered":"VetExpert Veterinary Diet Recovery Dog 400 g can"},"content":{"rendered":"<p>Yetkin v\u0259 b\u00f6y\u00fcy\u0259n itl\u0259r \u00fc\u00e7\u00fcn tam v\u0259 balansla\u015fd\u0131r\u0131lm\u0131\u015f p\u0259hrizli ya\u015f yem, m\u0259qs\u0259di sa\u011falma v\u0259 qidalanman\u0131n b\u0259rpas\u0131n\u0131 d\u0259st\u0259kl\u0259m\u0259kdir. P\u0259hriz g\u00f6st\u0259ricil\u0259ri: Sa\u011falma v\u0259 qidalanman\u0131n b\u0259rpas\u0131.<\/p>\n<p><strong>MONOPROTEIN TOYUQ<\/strong> \u2013 diqq\u0259tl\u0259 se\u00e7ilmi\u015f, heyvan m\u0259n\u015f\u0259li y\u00fcks\u0259k keyfiyy\u0259tli z\u00fclal\u0131n t\u0259k m\u0259nb\u0259yi, t\u0259rkib hiss\u0259l\u0259rin\u0259 v\u0259 qida madd\u0259l\u0259rin\u0259 qar\u015f\u0131 d\u00f6z\u00fcms\u00fczl\u00fck riskini azald\u0131r.<\/p>\n<p><strong>Y\u00dcKS\u018fK ENERJ\u0130<\/strong> \u2013 sa\u011falma v\u0259 b\u0259rpa d\u00f6vr\u00fcnd\u0259 heyvanlar\u0131n artan enerji t\u0259l\u0259bat\u0131n\u0131 optimal \u015f\u0259kild\u0259 \u00f6d\u0259m\u0259y\u0259 imkan verir.<\/p>\n<p><strong>Y\u00dcKS\u018fK PROTEIN M\u018fZMUNU<\/strong> \u2013 sa\u011falma v\u0259 b\u0259rpa d\u00f6vr\u00fcnd\u0259 olan heyvanlar\u0131n artan z\u00fclal t\u0259l\u0259bat\u0131n\u0131 optimal \u015f\u0259kild\u0259 \u00f6d\u0259m\u0259y\u0259 imkan verir. Toyu\u011fun asanl\u0131qla h\u0259zm olunan z\u00fclal m\u0259nb\u0259yi kimi istifad\u0259si b\u0259d\u0259n \u00fc\u00e7\u00fcn z\u0259ruri olan \u0259sas amin tur\u015fular\u0131n\u0131n optimal \u015f\u0259kild\u0259 m\u0259nims\u0259nilm\u0259sin\u0259 v\u0259 azot balans\u0131n\u0131n balansla\u015fd\u0131r\u0131lmas\u0131na imkan verir.<\/p>\n<p><strong>FOS&#038;MOS<\/strong> \u2013 h\u0259zm sistemind\u0259ki bakteriyalar t\u0259r\u0259find\u0259n istifad\u0259 edil\u0259n prebiotikl\u0259r ba\u011f\u0131rsaq mikrofloras\u0131n\u0131n sabitl\u0259\u015fm\u0259sini t\u0259min edir, yo\u011fun ba\u011f\u0131rsa\u011f\u0131n h\u00fcceyr\u0259l\u0259ri \u00fc\u00e7\u00fcn enerji t\u0259min edir v\u0259 h\u0259zm sistemind\u0259ki immun mexanizml\u0259rini qeyri-spesifik \u015f\u0259kild\u0259 stimulla\u015fd\u0131r\u0131r.<\/p>\n<p><strong>D\u00fczg\u00fcn istifad\u0259 qaydalar\u0131:<\/strong> P\u0259hriz yetkin itl\u0259rin g\u00fcnd\u0259lik qidalanma t\u0259l\u0259bat\u0131n\u0131 \u0259hat\u0259 edir. \u0130lkin qidalanma qaydalar\u0131 qidalanma c\u0259dv\u0259lind\u0259 g\u00f6st\u0259rilib. F\u0259rdi ehtiyaclardan as\u0131l\u0131 olaraq g\u00fcnd\u0259lik rasion iki v\u0259 ya daha \u00e7ox yem\u0259y\u0259 b\u00f6l\u00fcn\u0259 bil\u0259r. Qidaland\u0131rmadan v\u0259 ya qidalanma m\u00fcdd\u0259tini uzatmadan \u0259vv\u0259l baytar h\u0259kim\u0259 m\u00fcraci\u0259t etm\u0259k laz\u0131md\u0131r. T\u00f6vsiy\u0259 olunan qidalanma m\u00fcdd\u0259ti sa\u011falana q\u0259d\u0259rdir. Heyvan\u0131n daimi t\u0259miz suya \u00e7\u0131x\u0131\u015f\u0131 olmal\u0131d\u0131r. A\u00e7\u0131ld\u0131qdan sonra soyuducuda saxlay\u0131n. P\u0259hrizinizi otaq temperaturunda verin.<\/p>\n<p><strong>Qidalanma t\u0259limat\u0131:<\/strong><\/p>\n<table class=\"table\" border=\"0\">\n<tbody>\n<tr>\n<td>\u0130T\u0130N B\u018fD\u018fN \u00c7\u018fK\u0130S\u0130 (KQ)<\/td>\n<td>5-10<\/td>\n<td>10-20<\/td>\n<td>20-30<\/td>\n<td>30-40<\/td>\n<td>40-50<\/td>\n<td>50-60<\/td>\n<\/tr>\n<tr>\n<td>G\u00dcND\u018fL\u0130K PORSIYA (QUTU\/\u0130T\/G\u00dcN)<\/td>\n<td>1\/2-1<\/td>\n<td>1-1 1\/2<\/td>\n<td>1 1\/2-2<\/td>\n<td>2-3<\/td>\n<td>3-4<\/td>\n<td>4-5<\/p>\n<p>&nbsp;<\/td>\n<\/tr>\n<\/tbody>\n<\/table>\n<p><strong>T\u0259rkibi:<\/strong> Toyuq (61%), d\u00fcy\u00fc (6%), minerallar (1%), q\u0131z\u0131lbal\u0131q ya\u011f\u0131 (0.2%), FOS (0.1%), MOS (0.1%)<\/p>\n<p><strong>T\u0259rkibind\u0259ki madd\u0259l\u0259r:<\/strong> xam protein \u2013 10.00%, xam ya\u011f \u2013 8.5%, xam k\u00fcl \u2013 2.20%, xam lif \u2013 0.4%, n\u0259mlik \u2013 73%, kalsium \u2013 0.24%, fosfor \u2013 0.18%, maqnezium \u2013 1.4%, omeqa 6 FA \u2013 1.5%, omeqa 3 FA \u2013 0.2%, sink \u2013 25 mq\/kq, metaboliz\u0259 olunur Enerji 138 kkal\/100 q.<\/p>\n","protected":false},"excerpt":{"rendered":"<div class=\"d-flex ft__prod--sizes fix_sizes_1\">\n<div class=\"pe-3\">Yetkin v\u0259 b\u00f6y\u00fcy\u0259n itl\u0259r \u00fc\u00e7\u00fcn tam v\u0259 balansla\u015fd\u0131r\u0131lm\u0131\u015f p\u0259hrizli ya\u015f yem, m\u0259qs\u0259di sa\u011falma v\u0259 qidalanman\u0131n b\u0259rpas\u0131n\u0131 d\u0259st\u0259kl\u0259m\u0259kdir.<\/div>\n<\/div>\n","protected":false},"featured_media":907,"comment_status":"open","ping_status":"closed","template":"","meta":[],"product_brand":[],"product_cat":[18],"product_tag":[],"class_list":{"0":"post-866","1":"product","2":"type-product","3":"status-publish","4":"has-post-thumbnail","6":"product_cat-products","8":"first","9":"instock","10":"shipping-taxable","11":"product-type-simple"},"_links":{"self":[{"href":"https:\/\/vetexpert.az\/az\/index.php\/wp-json\/wp\/v2\/product\/866","targetHints":{"allow":["GET"]}}],"collection":[{"href":"https:\/\/vetexpert.az\/az\/index.php\/wp-json\/wp\/v2\/product"}],"about":[{"href":"https:\/\/vetexpert.az\/az\/index.php\/wp-json\/wp\/v2\/types\/product"}],"replies":[{"embeddable":true,"href":"https:\/\/vetexpert.az\/az\/index.php\/wp-json\/wp\/v2\/comments?post=866"}],"wp:featuredmedia":[{"embeddable":true,"href":"https:\/\/vetexpert.az\/az\/index.php\/wp-json\/wp\/v2\/media\/907"}],"wp:attachment":[{"href":"https:\/\/vetexpert.az\/az\/index.php\/wp-json\/wp\/v2\/media?parent=866"}],"wp:term":[{"taxonomy":"product_brand","embeddable":true,"href":"https:\/\/vetexpert.az\/az\/index.php\/wp-json\/wp\/v2\/product_brand?post=866"},{"taxonomy":"product_cat","embeddable":true,"href":"https:\/\/vetexpert.az\/az\/index.php\/wp-json\/wp\/v2\/product_cat?post=866"},{"taxonomy":"product_tag","embeddable":true,"href":"https:\/\/vetexpert.az\/az\/index.php\/wp-json\/wp\/v2\/product_tag?post=866"}],"curies":[{"name":"wp","href":"https:\/\/api.w.org\/{rel}","templated":true}]}}