{"id":865,"date":"2026-04-06T10:27:19","date_gmt":"2026-04-06T10:27:19","guid":{"rendered":"https:\/\/vetexpert.az\/?post_type=product&#038;p=865"},"modified":"2026-04-09T19:15:24","modified_gmt":"2026-04-09T19:15:24","slug":"vetexpert-veterinary-diet-recovery-cat-100g-pouch","status":"publish","type":"product","link":"https:\/\/vetexpert.az\/az\/index.php\/product\/vetexpert-veterinary-diet-recovery-cat-100g-pouch\/","title":{"rendered":"VetExpert Veterinary Diet Recovery Cat 100g Pouch"},"content":{"rendered":"<p>Qidalanma v\u0259 sa\u011falma \u00fc\u00e7\u00fcn tam pi\u015fik yemi.<\/p>\n<p><strong>Y\u00dcKS\u018fK ENERJ\u0130 SIXLI\u011eI \u2013<\/strong> x\u00fcsusil\u0259 kaxektik heyvanlarda v\u0259 sa\u011falma d\u00f6vr\u00fcnd\u0259 b\u0259d\u0259nin g\u00fcnd\u0259lik enerji t\u0259l\u0259bat\u0131n\u0131 optimal \u015f\u0259kild\u0259 \u00f6d\u0259m\u0259y\u0259 imkan verir.<\/p>\n<p><strong>Y\u00dcKS\u018fK H\u018fZM OLUNMASI<\/strong> \u2013 y\u00fcks\u0259k heyvan z\u00fclal t\u0259rkibi b\u0259d\u0259nin t\u0259rkibind\u0259ki b\u00fct\u00fcn vacib ekzogen amin tur\u015fular\u0131ndan optimal \u015f\u0259kild\u0259 istifad\u0259 etm\u0259sin\u0259 imkan verir.<\/p>\n<p><strong>FOS v\u0259 MOS<\/strong> \u2013 prebiotik t\u0259sirl\u0259ri il\u0259 ba\u011f\u0131rsaq mikrobiotas\u0131n\u0131 sabitl\u0259\u015fdir\u0259n, yo\u011fun ba\u011f\u0131rsa\u011f\u0131n h\u00fcceyr\u0259l\u0259ri \u00fc\u00e7\u00fcn enerji t\u0259min ed\u0259n v\u0259 h\u0259zm sistemind\u0259 yerli immun mexanizml\u0259rini stimulla\u015fd\u0131ran x\u00fcsusiyy\u0259tl\u0259r\u0259 malikdir.<\/p>\n<p>P\u0259hriz yeminin t\u00f6vsiy\u0259 olunan m\u00fcdd\u0259ti b\u0259rpa olunana q\u0259d\u0259r davam etm\u0259lidir. G\u00fcnd\u0259lik porsiya c\u0259dv\u0259ld\u0259 t\u0259qdim edilmi\u015fdir. \u0130stifad\u0259d\u0259n \u0259vv\u0259l v\u0259 istifad\u0259 m\u00fcdd\u0259tini uzatmazdan \u0259vv\u0259l baytar h\u0259kiminin r\u0259yini almaq t\u00f6vsiy\u0259 olunur. Pi\u015fik t\u0259miz, t\u0259miz suya daim \u00e7\u0131x\u0131\u015f\u0131 olmal\u0131d\u0131r.<\/p>\n<table class=\"table\" border=\"0\">\n<tbody>\n<tr>\n<td>P\u0130\u015e\u0130K B\u018fD\u018fN \u00c7\u018fK\u0130S\u0130 (KQ)<\/td>\n<td><2<\/td>\n<td>2-4<\/td>\n<td>4-6<\/td>\n<td>6-8<\/td>\n<\/tr>\n<tr>\n<td>G\u00dcND\u018fL\u0130K RAS\u0130ON (K\u0130S\u018f\/G\u00dcN)<\/td>\n<td>1,5<\/td>\n<td>1,5-2,5<\/td>\n<td>2,5-3<\/td>\n<td>3-3,5<\/td>\n<\/tr>\n<tr>\n<td>G\u00dcND\u018fL\u0130K RAS\u0130ON (Q\/G\u00dcN)<\/td>\n<td>140<\/td>\n<td>140-220<\/td>\n<td>220-290<\/td>\n<td>290-350<\/td>\n<\/tr>\n<\/tbody>\n<\/table>\n<p><strong>T\u0259rkibi:<\/strong> 68% toyuq \u0259ti, 2% yulaf lopalar\u0131, 1%, minerallar, 0,2%, q\u0131z\u0131lbal\u0131q ya\u011f\u0131. Y\u00fcks\u0259k h\u0259zm olunan inqrediyentl\u0259rin m\u0259nb\u0259yi: toyuq \u0259ti, yulaf lopalar\u0131.<\/p>\n<p><strong>Analitik t\u0259rkib hiss\u0259l\u0259ri:<\/strong> 10,8% xam protein, 6,3% xam ya\u011f, 2,7% xam k\u00fcl, 0,4% xam lif, 77% n\u0259mlik. Metabolik enerji (kkal\/100 q): 114,3.<\/p>\n<p>&nbsp;<\/p>\n<p>&nbsp;<\/p>\n<p>&nbsp;<\/p>\n","protected":false},"excerpt":{"rendered":"<div class=\"d-flex ft__prod--sizes fix_sizes_1\">\n<div class=\"pe-3\">Qidalanma v\u0259 sa\u011falma \u00fc\u00e7\u00fcn tam pi\u015fik yemi. Kateqoriya: M\u0259hsullar<\/div>\n<\/div>\n","protected":false},"featured_media":943,"comment_status":"open","ping_status":"closed","template":"","meta":[],"product_brand":[],"product_cat":[18],"product_tag":[],"class_list":{"0":"post-865","1":"product","2":"type-product","3":"status-publish","4":"has-post-thumbnail","6":"product_cat-products","8":"first","9":"instock","10":"shipping-taxable","11":"product-type-simple"},"_links":{"self":[{"href":"https:\/\/vetexpert.az\/az\/index.php\/wp-json\/wp\/v2\/product\/865","targetHints":{"allow":["GET"]}}],"collection":[{"href":"https:\/\/vetexpert.az\/az\/index.php\/wp-json\/wp\/v2\/product"}],"about":[{"href":"https:\/\/vetexpert.az\/az\/index.php\/wp-json\/wp\/v2\/types\/product"}],"replies":[{"embeddable":true,"href":"https:\/\/vetexpert.az\/az\/index.php\/wp-json\/wp\/v2\/comments?post=865"}],"wp:featuredmedia":[{"embeddable":true,"href":"https:\/\/vetexpert.az\/az\/index.php\/wp-json\/wp\/v2\/media\/943"}],"wp:attachment":[{"href":"https:\/\/vetexpert.az\/az\/index.php\/wp-json\/wp\/v2\/media?parent=865"}],"wp:term":[{"taxonomy":"product_brand","embeddable":true,"href":"https:\/\/vetexpert.az\/az\/index.php\/wp-json\/wp\/v2\/product_brand?post=865"},{"taxonomy":"product_cat","embeddable":true,"href":"https:\/\/vetexpert.az\/az\/index.php\/wp-json\/wp\/v2\/product_cat?post=865"},{"taxonomy":"product_tag","embeddable":true,"href":"https:\/\/vetexpert.az\/az\/index.php\/wp-json\/wp\/v2\/product_tag?post=865"}],"curies":[{"name":"wp","href":"https:\/\/api.w.org\/{rel}","templated":true}]}}