{"id":864,"date":"2026-04-06T10:27:19","date_gmt":"2026-04-06T10:27:19","guid":{"rendered":"https:\/\/vetexpert.az\/?post_type=product&#038;p=864"},"modified":"2026-04-09T19:12:52","modified_gmt":"2026-04-09T19:12:52","slug":"vetexpert-veterinary-diet-intestinal-dog-400g-can","status":"publish","type":"product","link":"https:\/\/vetexpert.az\/az\/index.php\/product\/vetexpert-veterinary-diet-intestinal-dog-400g-can\/","title":{"rendered":"Vetexpert Veterinary Diet Intestinal Dog 400g Can"},"content":{"rendered":"<p>Yetkin v\u0259 b\u00f6y\u00fcy\u0259n itl\u0259r \u00fc\u00e7\u00fcn tam v\u0259 balansla\u015fd\u0131r\u0131lm\u0131\u015f p\u0259hriz qidas\u0131. Ba\u011f\u0131rsaq udma poz\u011funluqlar\u0131n\u0131n azald\u0131lmas\u0131 v\u0259 h\u0259zmsizlik poz\u011funluqlar\u0131n\u0131n kompensasiyas\u0131 \u00fc\u00e7\u00fcn t\u00f6vsiy\u0259 olunur. P\u0259hriz g\u00f6st\u0259ri\u015fl\u0259ri: H\u0259zmsizlik poz\u011funluqlar\u0131n\u0131n kompensasiyas\u0131, Ba\u011f\u0131rsaq udma poz\u011funluqlar\u0131n\u0131n azald\u0131lmas\u0131, Bala itl\u0259rd\u0259 istifad\u0259 edil\u0259 bil\u0259r.<\/p>\n<p><strong>MONOPROTE\u0130N QUZU<\/strong> \u2013 diqq\u0259tl\u0259 se\u00e7ilmi\u015f, heyvan m\u0259n\u015f\u0259li y\u00fcks\u0259k keyfiyy\u0259tli z\u00fclal\u0131n t\u0259k m\u0259nb\u0259yi, t\u0259rkib hiss\u0259l\u0259rin\u0259 v\u0259 qida madd\u0259l\u0259rin\u0259 qar\u015f\u0131 d\u00f6z\u00fcms\u00fczl\u00fck riskini azald\u0131r.<\/p>\n<p><strong>TAXILSIZ<\/strong> \u2013 yegan\u0259 karbohidrat m\u0259nb\u0259yi kartofdur, bu da d\u00f6z\u00fcms\u00fczl\u00fck v\u0259 allergiya riskini azalda bil\u0259r.<\/p>\n<p><strong>FOS&#038;MOS<\/strong> \u2013 h\u0259zm sistemind\u0259 bakteriyalar t\u0259r\u0259find\u0259n istifad\u0259 edil\u0259n prebiotikl\u0259r ba\u011f\u0131rsaq mikrofloras\u0131n\u0131n sabitl\u0259\u015fm\u0259sini t\u0259min edir, yo\u011fun ba\u011f\u0131rsa\u011f\u0131n h\u00fcceyr\u0259l\u0259ri \u00fc\u00e7\u00fcn enerji t\u0259min edir v\u0259 h\u0259zm sistemind\u0259 immun mexanizml\u0259rini qeyri-spesifik \u015f\u0259kild\u0259 stimulla\u015fd\u0131r\u0131r.<\/p>\n<p><strong>D\u00fczg\u00fcn istifad\u0259 qaydalar\u0131:<\/strong> T\u00f6vsiy\u0259 olunan miqdarda q\u0259bul edildikd\u0259, p\u0259hriz bala itl\u0259rin v\u0259 yetkin itl\u0259rin g\u00fcnd\u0259lik qida ehtiyaclar\u0131n\u0131 \u00f6d\u0259yir. \u0130lkin dozalar qidalanma c\u0259dv\u0259lind\u0259 t\u0259qdim olunur. G\u00fcnd\u0259lik miqdar iki v\u0259 ya daha \u00e7ox yem\u0259y\u0259 b\u00f6l\u00fcn\u0259 bil\u0259r. Qidalanma m\u00fcdd\u0259tinin h\u0259r bir t\u0259tbiqi v\u0259 uzad\u0131lmas\u0131 baytarla m\u0259sl\u0259h\u0259tl\u0259\u015fm\u0259d\u0259n ke\u00e7irilm\u0259lidir. H\u0259zmsizlik v\u0259 ba\u011f\u0131rsaq udma poz\u011funluqlar\u0131n\u0131n kompensasiyas\u0131 \u00fc\u00e7\u00fcn t\u00f6vsiy\u0259 olunan qidalanma m\u00fcdd\u0259ti 12 h\u0259ft\u0259y\u0259 q\u0259d\u0259rdir; xroniki m\u0259d\u0259alt\u0131 v\u0259zi \u00e7at\u0131\u015fmazl\u0131\u011f\u0131 hal\u0131nda &#8211; heyvan\u0131n h\u0259yat\u0131 boyu. Heyvanlar\u0131n h\u0259mi\u015f\u0259 t\u0259miz, t\u0259miz suya \u00e7\u0131x\u0131\u015f\u0131 olmal\u0131d\u0131r.<\/p>\n<p><strong>Qidalanma t\u0259limat\u0131:<\/strong><\/p>\n<table class=\"table\" style=\"height: 56px;\" border=\"0\" width=\"418\">\n<tbody>\n<tr>\n<td>T\u0130N B\u018fD\u018fN \u00c7\u018fK\u0130S\u0130 (KQ)<\/td>\n<td><5<\/td>\n<td>>10<\/td>\n<td>>30<\/td>\n<\/tr>\n<tr>\n<td>DAILY PORTION (G\/DAY)<\/td>\n<td>200<\/td>\n<td>400<\/td>\n<td>800<\/td>\n<\/tr>\n<\/tbody>\n<\/table>\n<p><strong>T\u0259rkibi:<\/strong> Quzu \u0259ti (50%), kartof (10%), minerallar (1%), FOS (0.1%), MOS (0.1%), Yucca schidigera (0.1%), q\u0131z\u0131lbal\u0131q ya\u011f\u0131 (0.1%).<\/p>\n<p><strong>T\u0259rkib hiss\u0259l\u0259ri:<\/strong> Xam z\u00fclal \u2013 8,60%, Xam ya\u011f \u2013 5,20%, Xam k\u00fcl \u2013 1,90%, Xam lif \u2013 0,50%, N\u0259mlik \u2013 80,00%, Kalsium \u2013 0,18%, Fosfor \u2013 0,15%, Natrium \u2013 0,14%, Kalium \u2013 0,27%, Omeqa-3-ya\u011f tur\u015fular\u0131 \u2013 0,10%, Omeqa-6-ya\u011f tur\u015fular\u0131 \u2013 0,40%, Metabolik enerji \u2013 92 kkal\/100 q<\/p>\n","protected":false},"excerpt":{"rendered":"<div class=\"d-flex ft__prod--sizes fix_sizes_1\">\n<div class=\"pe-3\">Yetkin v\u0259 b\u00f6y\u00fcy\u0259n itl\u0259r \u00fc\u00e7\u00fcn tam v\u0259 balansla\u015fd\u0131r\u0131lm\u0131\u015f p\u0259hriz qidas\u0131<\/div>\n<\/div>\n","protected":false},"featured_media":941,"comment_status":"open","ping_status":"closed","template":"","meta":[],"product_brand":[],"product_cat":[18],"product_tag":[],"class_list":{"0":"post-864","1":"product","2":"type-product","3":"status-publish","4":"has-post-thumbnail","6":"product_cat-products","8":"first","9":"instock","10":"shipping-taxable","11":"product-type-simple"},"_links":{"self":[{"href":"https:\/\/vetexpert.az\/az\/index.php\/wp-json\/wp\/v2\/product\/864","targetHints":{"allow":["GET"]}}],"collection":[{"href":"https:\/\/vetexpert.az\/az\/index.php\/wp-json\/wp\/v2\/product"}],"about":[{"href":"https:\/\/vetexpert.az\/az\/index.php\/wp-json\/wp\/v2\/types\/product"}],"replies":[{"embeddable":true,"href":"https:\/\/vetexpert.az\/az\/index.php\/wp-json\/wp\/v2\/comments?post=864"}],"wp:featuredmedia":[{"embeddable":true,"href":"https:\/\/vetexpert.az\/az\/index.php\/wp-json\/wp\/v2\/media\/941"}],"wp:attachment":[{"href":"https:\/\/vetexpert.az\/az\/index.php\/wp-json\/wp\/v2\/media?parent=864"}],"wp:term":[{"taxonomy":"product_brand","embeddable":true,"href":"https:\/\/vetexpert.az\/az\/index.php\/wp-json\/wp\/v2\/product_brand?post=864"},{"taxonomy":"product_cat","embeddable":true,"href":"https:\/\/vetexpert.az\/az\/index.php\/wp-json\/wp\/v2\/product_cat?post=864"},{"taxonomy":"product_tag","embeddable":true,"href":"https:\/\/vetexpert.az\/az\/index.php\/wp-json\/wp\/v2\/product_tag?post=864"}],"curies":[{"name":"wp","href":"https:\/\/api.w.org\/{rel}","templated":true}]}}