{"id":863,"date":"2026-04-06T10:27:19","date_gmt":"2026-04-06T10:27:19","guid":{"rendered":"https:\/\/vetexpert.az\/?post_type=product&#038;p=863"},"modified":"2026-04-09T19:10:03","modified_gmt":"2026-04-09T19:10:03","slug":"vetexpert-veterinary-diet-intestinal-cat-100g-pouch","status":"publish","type":"product","link":"https:\/\/vetexpert.az\/az\/index.php\/product\/vetexpert-veterinary-diet-intestinal-cat-100g-pouch\/","title":{"rendered":"Vetexpert Veterinary Diet Intestinal Cat 100g Pouch"},"content":{"rendered":"<p>Pi\u015fikl\u0259r \u00fc\u00e7\u00fcn tam v\u0259 balansl\u0131 p\u0259hriz qidas\u0131 ba\u011f\u0131rsaq udma poz\u011funluqlar\u0131n\u0131n azald\u0131lmas\u0131n\u0131 d\u0259st\u0259kl\u0259m\u0259k v\u0259 h\u0259zm poz\u011funlu\u011funu kompensasiya etm\u0259k \u00fc\u00e7\u00fcn t\u00f6vsiy\u0259 olunur. P\u0259hriz reseptind\u0259 asanl\u0131qla h\u0259zm olunan z\u00fclal m\u0259nb\u0259l\u0259ri hindu\u015fka v\u0259 toyuqdur. Yem pi\u015fik balalar\u0131nda istifad\u0259 edil\u0259 bil\u0259r.<\/p>\n<p><strong>P\u0259hriz g\u00f6st\u0259ri\u015fl\u0259ri:<\/strong> Ba\u011f\u0131rsaq udma poz\u011funluqlar\u0131n\u0131n azald\u0131lmas\u0131. H\u0259zm poz\u011funlu\u011funu kompensasiya etm\u0259k. Pi\u015fik balalar\u0131nda istifad\u0259 edil\u0259 bil\u0259r.<\/p>\n<p><strong>Asanl\u0131qla h\u0259zm olunan z\u00fclal \u2013<\/strong> Z\u00fclal m\u0259nb\u0259yi asanl\u0131qla h\u0259zm olunan hindu\u015fka v\u0259 toyuqdur. Bu, metabolik prosesl\u0259rin d\u00fczg\u00fcn gedi\u015fi v\u0259 sabit \u0259z\u0259l\u0259 k\u00fctl\u0259sinin qorunmas\u0131 \u00fc\u00e7\u00fcn vacib amin tur\u015fular\u0131n\u0131n v\u0259 azotun optimal \u015f\u0259kild\u0259 m\u0259nims\u0259nilm\u0259sini t\u0259min edir.<\/p>\n<p><strong>FOS v\u0259 MOS \u2013 FOS<\/strong> faydal\u0131 bakteriyalar t\u0259r\u0259find\u0259n b\u00f6y\u00fcm\u0259si \u00fc\u00e7\u00fcn bir vasit\u0259 kimi istifad\u0259 olunur ki, bu da h\u0259zm sistemind\u0259ki mikrofloran\u0131n balansla\u015fd\u0131r\u0131lmas\u0131na k\u00f6m\u0259k edir. Dolay\u0131 yolla, m\u0259d\u0259-ba\u011f\u0131rsaq mikrofloras\u0131n\u0131n metabolitl\u0259ri vasit\u0259sil\u0259 yerli immuniteti stimulla\u015fd\u0131r\u0131r. MOS m\u0259d\u0259-ba\u011f\u0131rsaq trakt\u0131nda qeyri-spesifik immunitetin t\u0259bii mexanizml\u0259rini stimulla\u015fd\u0131rmaq \u00fc\u00e7\u00fcn unikal qabiliyy\u0259t\u0259 malikdir.<\/p>\n<p><strong>ARTIM NATR\u0130UM V\u018f KALIUM \u2013<\/strong> qusma v\u0259 ya ishal n\u0259tic\u0259sind\u0259 yaranan itkil\u0259rin kompensasiyas\u0131na imkan verir.<\/p>\n<p><strong>D\u00fczg\u00fcn istifad\u0259 \u00fc\u00e7\u00fcn t\u0259limat:<\/strong> H\u0259zmsizlik v\u0259 ba\u011f\u0131rsaq udma poz\u011funluqlar\u0131n\u0131n kompensasiyas\u0131 \u00fc\u00e7\u00fcn t\u00f6vsiy\u0259 olunan p\u0259hriz qidalanma m\u00fcdd\u0259ti xroniki m\u0259d\u0259alt\u0131 v\u0259zi \u00e7at\u0131\u015fmazl\u0131\u011f\u0131 hal\u0131nda 12 h\u0259ft\u0259y\u0259 q\u0259d\u0259r v\u0259 \u00f6m\u00fcr boyudur. \u0130stifad\u0259d\u0259n \u0259vv\u0259l v\u0259 p\u0259hriz rejimind\u0259 h\u0259r d\u0259yi\u015fiklikd\u0259n \u0259vv\u0259l baytar h\u0259kiminin r\u0259yini almaq t\u00f6vsiy\u0259 olunur. Yem\u0259k otaq temperaturunda verilm\u0259lidir. A\u00e7\u0131ld\u0131qdan sonra paket soyuducuda saxlan\u0131lmal\u0131d\u0131r. Heyvan\u0131n daimi olaraq t\u0259z\u0259, t\u0259miz suya \u00e7\u0131x\u0131\u015f\u0131 olmal\u0131d\u0131r.<\/p>\n<p><strong>Qidalanma t\u0259limat\u0131:<\/strong><\/p>\n<table class=\"table\" border=\"0\">\n<tbody>\n<tr>\n<td>YETK\u0130N P\u0130\u015e\u0130K B\u018fD\u018fN \u00c7\u018fK\u0130S\u0130 (KQ)<\/td>\n<td><2<\/td>\n<td>2-4<\/td>\n<td>4-6<\/td>\n<td>6-8<\/td>\n<\/tr>\n<tr>\n<td>G\u00dcND\u018fL\u0130K PORSIYA (K\u0130S\u018f\/G\u00dcN)<\/td>\n<td><1<\/td>\n<td>1-1\u00be<\/td>\n<td>1\u00be \u2013 2\u00bc<\/td>\n<td>2\u00bc \u2013 2\u00be<\/td>\n<\/tr>\n<tr>\n<td>G\u00dcND\u018fL\u0130K PORSIYA G\/G\u00dcN<\/td>\n<td><100<\/td>\n<td>100-175<\/td>\n<td>175-225<\/td>\n<td>225-275<\/td>\n<\/tr>\n<\/tbody>\n<\/table>\n<p><strong>T\u0259rkibi:<\/strong> hindu\u015fka 37%, toyuq 31%, kartof 2%, minerallar 1%, q\u0131z\u0131lbal\u0131q ya\u011f\u0131 0,2%, MOS 0,1%, FOS 0,1%, mayalar 0,1%.<\/p>\n<p><strong>T\u0259rkib hiss\u0259l\u0259ri:<\/strong> xam protein 10,3%; xam ya\u011f 5,4%; xam k\u00fcl 2,5%; xam lif 0,5%; n\u0259mlik 80%; Na 0,24%; K 0,28%; EM 92,2kkal\/100q.<\/p>\n<p>&nbsp;<\/p>\n<p>&nbsp;<\/p>\n<p>&nbsp;<\/p>\n","protected":false},"excerpt":{"rendered":"<div class=\"d-flex ft__prod--sizes fix_sizes_1\">\n<div class=\"pe-3\">Ba\u011f\u0131rsaq udma poz\u011funluqlar\u0131n\u0131n azald\u0131lmas\u0131n\u0131 d\u0259st\u0259kl\u0259m\u0259k v\u0259 h\u0259zmsizlik problemini kompensasiya etm\u0259k \u00fc\u00e7\u00fcn pi\u015fikl\u0259r \u00fc\u00e7\u00fcn tam v\u0259 balansl\u0131 p\u0259hriz qidas\u0131 t\u00f6vsiy\u0259 olunur.<\/div>\n<\/div>\n","protected":false},"featured_media":880,"comment_status":"open","ping_status":"closed","template":"","meta":[],"product_brand":[],"product_cat":[18],"product_tag":[],"class_list":{"0":"post-863","1":"product","2":"type-product","3":"status-publish","4":"has-post-thumbnail","6":"product_cat-products","8":"first","9":"instock","10":"shipping-taxable","11":"product-type-simple"},"_links":{"self":[{"href":"https:\/\/vetexpert.az\/az\/index.php\/wp-json\/wp\/v2\/product\/863","targetHints":{"allow":["GET"]}}],"collection":[{"href":"https:\/\/vetexpert.az\/az\/index.php\/wp-json\/wp\/v2\/product"}],"about":[{"href":"https:\/\/vetexpert.az\/az\/index.php\/wp-json\/wp\/v2\/types\/product"}],"replies":[{"embeddable":true,"href":"https:\/\/vetexpert.az\/az\/index.php\/wp-json\/wp\/v2\/comments?post=863"}],"wp:featuredmedia":[{"embeddable":true,"href":"https:\/\/vetexpert.az\/az\/index.php\/wp-json\/wp\/v2\/media\/880"}],"wp:attachment":[{"href":"https:\/\/vetexpert.az\/az\/index.php\/wp-json\/wp\/v2\/media?parent=863"}],"wp:term":[{"taxonomy":"product_brand","embeddable":true,"href":"https:\/\/vetexpert.az\/az\/index.php\/wp-json\/wp\/v2\/product_brand?post=863"},{"taxonomy":"product_cat","embeddable":true,"href":"https:\/\/vetexpert.az\/az\/index.php\/wp-json\/wp\/v2\/product_cat?post=863"},{"taxonomy":"product_tag","embeddable":true,"href":"https:\/\/vetexpert.az\/az\/index.php\/wp-json\/wp\/v2\/product_tag?post=863"}],"curies":[{"name":"wp","href":"https:\/\/api.w.org\/{rel}","templated":true}]}}