{"id":862,"date":"2026-04-06T10:27:19","date_gmt":"2026-04-06T10:27:19","guid":{"rendered":"https:\/\/vetexpert.az\/?post_type=product&#038;p=862"},"modified":"2026-04-09T19:07:00","modified_gmt":"2026-04-09T19:07:00","slug":"vetexpert-veterinary-diet-hepatic-dog-400g-can","status":"publish","type":"product","link":"https:\/\/vetexpert.az\/az\/index.php\/product\/vetexpert-veterinary-diet-hepatic-dog-400g-can\/","title":{"rendered":"Vetexpert Veterinary Diet Hepatic Dog 400g Can"},"content":{"rendered":"<p>Yetkin itl\u0259r \u00fc\u00e7\u00fcn tam v\u0259 balansla\u015fd\u0131r\u0131lm\u0131\u015f p\u0259hriz qidas\u0131, xroniki qaraciy\u0259r \u00e7at\u0131\u015fmazl\u0131\u011f\u0131 zaman\u0131 qaraciy\u0259rin funksiyas\u0131n\u0131 d\u0259st\u0259kl\u0259m\u0259k v\u0259 qaraciy\u0259rd\u0259 mis s\u0259viyy\u0259sini azaltmaq \u00fc\u00e7\u00fcn t\u00f6vsiy\u0259 olunur. P\u0259hriz g\u00f6st\u0259ri\u015fl\u0259ri: Xroniki qaraciy\u0259r \u00e7at\u0131\u015fmazl\u0131\u011f\u0131 zaman\u0131 qaraciy\u0259r funksiyas\u0131n\u0131n d\u0259st\u0259kl\u0259nm\u0259si.<\/p>\n<p><strong>MONOPROTE\u0130N TOYUQ<\/strong> \u2013 diqq\u0259tl\u0259 se\u00e7ilmi\u015f, heyvan m\u0259n\u015f\u0259li y\u00fcks\u0259k keyfiyy\u0259tli z\u00fclal\u0131n t\u0259k m\u0259nb\u0259yi, t\u0259rkib hiss\u0259l\u0259rin\u0259 v\u0259 qida madd\u0259l\u0259rin\u0259 qar\u015f\u0131 d\u00f6z\u00fcms\u00fczl\u00fck riskini azald\u0131r.<\/p>\n<p><strong>T\u018fRK\u0130B\u0130<\/strong> \u2013 t\u0259rkib hiss\u0259l\u0259rinin keyfiyy\u0259ti y\u00fcks\u0259k s\u0259viyy\u0259d\u0259 h\u0259zm olunma v\u0259 kifay\u0259t q\u0259d\u0259r enerji s\u0259viyy\u0259sini t\u0259min edir.<\/p>\n<p><strong>AZ M\u0130S<\/strong> \u2013 m\u0259d\u0259-ba\u011f\u0131rsaq trakt\u0131ndan sorulma ehtimal\u0131n\u0131 m\u0259hdudla\u015fd\u0131r\u0131r v\u0259 hepatositl\u0259r\u0259 z\u0259r\u0259r verm\u0259 riskini azald\u0131r.<\/p>\n<p><strong>FOS&#038;MOS<\/strong> \u2013 h\u0259zm trakt\u0131nda bakteriyalar t\u0259r\u0259find\u0259n istifad\u0259 edil\u0259n prebiotikl\u0259r ba\u011f\u0131rsaq mikrofloras\u0131n\u0131n sabitl\u0259\u015fm\u0259sini t\u0259min edir, yo\u011fun ba\u011f\u0131rsa\u011f\u0131n h\u00fcceyr\u0259l\u0259ri \u00fc\u00e7\u00fcn enerji t\u0259min edir v\u0259<br \/>\nh\u0259zm trakt\u0131nda immun mexanizml\u0259rini qeyri-spesifik \u015f\u0259kild\u0259 stimulla\u015fd\u0131r\u0131r.<\/p>\n<p><strong>DL-METION\u0130N<\/strong> \u2013 qaraciy\u0259r h\u00fcceyr\u0259l\u0259rinin f\u0259aliyy\u0259tini d\u0259st\u0259kl\u0259yir.<\/p>\n<p><strong>D\u00fczg\u00fcn istifad\u0259 qaydalar\u0131:<\/strong> \u0130tinizin ideal \u00e7\u0259kisin\u0259 \u0259sas\u0259n veril\u0259n miqdarda yem onun g\u00fcnd\u0259lik qidalanma t\u0259l\u0259bat\u0131n\u0131 \u00f6d\u0259yir. \u0130lkin miqdarlar c\u0259dv\u0259ld\u0259 g\u00f6st\u0259rilib. Dozalar iki v\u0259 ya daha \u00e7ox yem\u0259y\u0259 b\u00f6l\u00fcn\u0259 bil\u0259r. M\u0259hsulu ilk d\u0259f\u0259 istifad\u0259 etm\u0259zd\u0259n v\u0259 ya yeml\u0259m\u0259 m\u00fcdd\u0259tini uzatmazdan \u0259vv\u0259l baytarla m\u0259sl\u0259h\u0259tl\u0259\u015fm\u0259k t\u00f6vsiy\u0259 olunur. P\u0259hriz, heyvan\u0131n ya\u015f\u0131na, cinsin\u0259 v\u0259 f\u0259aliyy\u0259t s\u0259viyy\u0259sin\u0259 uy\u011fun olaraq yegan\u0259 qidalanma t\u00f6vsiy\u0259l\u0259rin\u0259 uy\u011fun olaraq verilm\u0259lidir. T\u00f6vsiy\u0259 olunan q\u0259bul m\u00fcdd\u0259ti, \u0259vv\u0259lc\u0259 4 aya q\u0259d\u0259r. T\u0259miz suyu h\u0259mi\u015f\u0259 \u0259l\u00e7atan saxlay\u0131n.<\/p>\n<p><strong>Qidalanma t\u0259limat\u0131:<\/strong><\/p>\n<table class=\"table\" border=\"0\">\n<tbody>\n<tr>\n<td>\u0130T\u0130N B\u018fD\u018fN \u00c7\u018fK\u0130S\u0130 (KQ)<\/td>\n<td><5<\/td>\n<td>>10<\/td>\n<td>>30<\/td>\n<\/tr>\n<tr>\n<td>G\u00dcND\u018fL\u0130K PORSIYA (Q\/G\u00dcN)<\/td>\n<td>200<\/td>\n<td>400<\/td>\n<td>800<\/td>\n<\/tr>\n<\/tbody>\n<\/table>\n<p><strong>T\u0259rkibi:<\/strong> \u018ft v\u0259 \u0259t m\u0259hsullar\u0131 (41% toyuq), tax\u0131l (6% d\u00fcy\u00fc), minerallar (1,2%), t\u0259r\u0259v\u0259z m\u0259hsullar\u0131 (0,1% Yucca Shidigera, 0,1% MOS, 0,1% FOS), ya\u011f v\u0259 ya\u011f (0,5% q\u0131z\u0131lbal\u0131q ya\u011f\u0131, 0,5% k\u0259tan ya\u011f\u0131).<\/p>\n<p><strong>Qida \u0259lav\u0259l\u0259ri:<\/strong> D3 vitamini (3a671) 200 I.E., Sink sink sulfat kimi, monohidrat (3b605) 25 mq, Manqan manqan-II-sulfat kimi, monohidrat (3b503) 1.4 mq, Kalsium yodat kimi yod, susuz (3b202) 0.75 mq, DL-Metionin 200 mq, Mis mis sulfat kimi, Pentahidrat (3b405) 1 mq.<\/p>\n<p><strong>Analitik t\u0259rkib hiss\u0259l\u0259ri:<\/strong> Xam z\u00fclal 6.70%, Xam ya\u011f 6.30%, Xam k\u00fcl 2.00%, Xam lif 0.30%, Kalsium 0.21%, Fosfor 0.14%, Natrium 0.10%, Omeqa-3-ya\u011f tur\u015fular\u0131 0.60%, Omeqa-6-ya\u011f tur\u015fular\u0131 1.20%, Mis (tam): 1,7 mq\/kq, N\u0259mlik 73.00%.<\/p>\n","protected":false},"excerpt":{"rendered":"<div class=\"d-flex ft__prod--sizes fix_sizes_1\">\n<div class=\"pe-3\"><span style=\"font-size: 1rem;\">Complete and balanced dietary food for adult dogs, the administration of which is recommended to support the function of the liver in case of chronic liver insufficiency and to reduce the level of copper in the liver.<\/span><\/div>\n<\/div>\n","protected":false},"featured_media":879,"comment_status":"open","ping_status":"closed","template":"","meta":[],"product_brand":[],"product_cat":[18],"product_tag":[],"class_list":{"0":"post-862","1":"product","2":"type-product","3":"status-publish","4":"has-post-thumbnail","6":"product_cat-products","8":"first","9":"instock","10":"shipping-taxable","11":"product-type-simple"},"_links":{"self":[{"href":"https:\/\/vetexpert.az\/az\/index.php\/wp-json\/wp\/v2\/product\/862","targetHints":{"allow":["GET"]}}],"collection":[{"href":"https:\/\/vetexpert.az\/az\/index.php\/wp-json\/wp\/v2\/product"}],"about":[{"href":"https:\/\/vetexpert.az\/az\/index.php\/wp-json\/wp\/v2\/types\/product"}],"replies":[{"embeddable":true,"href":"https:\/\/vetexpert.az\/az\/index.php\/wp-json\/wp\/v2\/comments?post=862"}],"wp:featuredmedia":[{"embeddable":true,"href":"https:\/\/vetexpert.az\/az\/index.php\/wp-json\/wp\/v2\/media\/879"}],"wp:attachment":[{"href":"https:\/\/vetexpert.az\/az\/index.php\/wp-json\/wp\/v2\/media?parent=862"}],"wp:term":[{"taxonomy":"product_brand","embeddable":true,"href":"https:\/\/vetexpert.az\/az\/index.php\/wp-json\/wp\/v2\/product_brand?post=862"},{"taxonomy":"product_cat","embeddable":true,"href":"https:\/\/vetexpert.az\/az\/index.php\/wp-json\/wp\/v2\/product_cat?post=862"},{"taxonomy":"product_tag","embeddable":true,"href":"https:\/\/vetexpert.az\/az\/index.php\/wp-json\/wp\/v2\/product_tag?post=862"}],"curies":[{"name":"wp","href":"https:\/\/api.w.org\/{rel}","templated":true}]}}