{"id":861,"date":"2026-04-06T10:27:19","date_gmt":"2026-04-06T10:27:19","guid":{"rendered":"https:\/\/vetexpert.az\/?post_type=product&#038;p=861"},"modified":"2026-04-09T19:04:11","modified_gmt":"2026-04-09T19:04:11","slug":"vetexpert-veterinary-diet-hepatic-cat-100g-pouch","status":"publish","type":"product","link":"https:\/\/vetexpert.az\/az\/index.php\/product\/vetexpert-veterinary-diet-hepatic-cat-100g-pouch\/","title":{"rendered":"VetExpert Veterinary Diet Hepatic cat 100g pouch"},"content":{"rendered":"<p>Xroniki qaraciy\u0259r \u00e7at\u0131\u015fmazl\u0131\u011f\u0131 hal\u0131nda qaraciy\u0259r funksiyas\u0131n\u0131 d\u0259st\u0259kl\u0259m\u0259k \u00fc\u00e7\u00fcn n\u0259z\u0259rd\u0259 tutulmu\u015f yetkin pi\u015fikl\u0259r \u00fc\u00e7\u00fcn tam v\u0259 balansla\u015fd\u0131r\u0131lm\u0131\u015f p\u0259hriz yemi.<\/p>\n<p>N\u0259zar\u0259t olunan mis s\u0259viyy\u0259sin\u0259 g\u00f6r\u0259, yem qaraciy\u0259rd\u0259 mis s\u0259viyy\u0259sini azaltmaq \u00fc\u00e7\u00fcn istifad\u0259 edil\u0259 bil\u0259r.<\/p>\n<p>Yemin formulu monoproteindir, y\u0259ni heyvan z\u00fclal\u0131n\u0131n yegan\u0259 m\u0259nb\u0259yi asanl\u0131qla h\u0259zm olunan toyuqdur. Reseptd\u0259 ql\u00fcten yoxdur v\u0259 karbohidratlar\u0131n yegan\u0259 m\u0259nb\u0259yi asanl\u0131qla h\u0259zm olunan d\u00fcy\u00fcd\u00fcr.<\/p>\n<p><strong>P\u0259hriz g\u00f6st\u0259ri\u015fl\u0259ri:<\/strong> Xroniki qaraciy\u0259r \u00e7at\u0131\u015fmazl\u0131\u011f\u0131 hal\u0131nda qaraciy\u0259r funksiyas\u0131n\u0131n d\u0259st\u0259kl\u0259nm\u0259si. Qaraciy\u0259rd\u0259 misin azald\u0131lmas\u0131.<\/p>\n<p><strong>MONOPROTEIN<\/strong> \u2013 se\u00e7ilmi\u015f v\u0259 bir m\u0259nb\u0259li heyvan m\u0259n\u015f\u0259li z\u00fclal (toyuq) il\u0259 m\u0259hdudla\u015fd\u0131r\u0131lm\u0131\u015f, t\u0259rkib hiss\u0259l\u0259rin\u0259 v\u0259 qida madd\u0259l\u0259rin\u0259 qar\u015f\u0131 d\u00f6z\u00fcms\u00fczl\u00fck riskini azald\u0131r.<\/p>\n<p><strong>ASAN H\u018fZM OLUNAN Z\u00dcLALIN ORTA S\u018fV\u0130YY\u018fS\u0130<\/strong> \u2013 Amin tur\u015fular\u0131n\u0131n v\u0259 azotun udulmas\u0131n\u0131 v\u0259 m\u0259nims\u0259nilm\u0259sini asanla\u015fd\u0131r\u0131r. Bu, qaraciy\u0259ri h\u0259ddind\u0259n art\u0131q y\u00fckl\u0259m\u0259d\u0259n metabolik prosesl\u0259ri optimal s\u0259viyy\u0259d\u0259 saxlama\u011fa imkan verir v\u0259 hepatositl\u0259rin b\u0259rpas\u0131n\u0131, el\u0259c\u0259 d\u0259 qaraciy\u0259rd\u0259 istehsal olunan albumin v\u0259 dig\u0259r b\u0259d\u0259n z\u00fclallar\u0131n\u0131n sintezini asanla\u015fd\u0131r\u0131r.<\/p>\n<p><strong>OMEQA 6 V\u018f OMEQA 3 FA<\/strong> \u2013 h\u00fcceyr\u0259l\u0259rin b\u00fct\u00fcn protein-lipid membranlar\u0131n\u0131n ayr\u0131lmaz t\u0259rkib hiss\u0259sidir. Onlar\u0131n qidadak\u0131 m\u00fcvafiq nisb\u0259ti h\u00fcceyr\u0259 membranlar\u0131n\u0131n yenid\u0259n qurulmas\u0131na v\u0259 d\u00fczg\u00fcn i\u015fl\u0259m\u0259sin\u0259 imkan verir. Bundan \u0259lav\u0259, Omeqa-3 tur\u015fular\u0131 iltihab\u0131 t\u0259\u015fviq ed\u0259n amill\u0259rin sintezini v\u0259 f\u0259aliyy\u0259tini mane\u0259 t\u00f6r\u0259dir ki, bu da h\u00fcceyr\u0259 z\u0259d\u0259l\u0259nm\u0259si riskini azald\u0131r.<\/p>\n<p><strong>AZ M\u0130S<\/strong> \u2013 P\u0259hrizd\u0259 mis miqdar\u0131n\u0131n azalmas\u0131 qaraciy\u0259rd\u0259 mis y\u0131\u011f\u0131lmas\u0131n\u0131 v\u0259 sonradan hepatositl\u0259r\u0259 z\u0259r\u0259r verm\u0259sini m\u0259hdudla\u015fd\u0131r\u0131r, x\u00fcsus\u0259n d\u0259 bu orqanda h\u0259ddind\u0259n art\u0131q mis y\u0131\u011f\u0131lmas\u0131na meylli pi\u015fikl\u0259rd\u0259.<\/p>\n<p><strong>D\u00fczg\u00fcn istifad\u0259 \u00fc\u00e7\u00fcn t\u0259limat:<\/strong> Xroniki qaraciy\u0259r \u00e7at\u0131\u015fmazl\u0131\u011f\u0131 s\u0259b\u0259bind\u0259n p\u0259hrizin ilkin t\u00f6vsiy\u0259 olunan m\u00fcdd\u0259ti 6 aydan \u00e7ox olmamal\u0131d\u0131r. \u0130stifad\u0259d\u0259n \u0259vv\u0259l v\u0259 qida rejimind\u0259 h\u0259r d\u0259yi\u015fiklik etm\u0259zd\u0259n \u0259vv\u0259l baytar h\u0259kiminin r\u0259yini almaq t\u00f6vsiy\u0259 olunur. Yem\u0259k otaq temperaturunda verilm\u0259lidir. Heyvan\u0131n daimi olaraq t\u0259z\u0259, t\u0259miz suya \u00e7\u0131x\u0131\u015f\u0131 olmal\u0131d\u0131r. \u018fks g\u00f6st\u0259ri\u015fl\u0259r: Pankreatit, xroniki b\u00f6yr\u0259k \u00e7at\u0131\u015fmazl\u0131\u011f\u0131, reproduktiv d\u00f6vrd\u0259 ana ar\u0131lar v\u0259 pi\u015fik balalar\u0131 \u00fc\u00e7\u00fcn t\u00f6vsiy\u0259 edilmir.<\/p>\n<p><strong>Qidalanma t\u0259limat\u0131:<\/strong><\/p>\n<table class=\"table\" border=\"0\">\n<tbody>\n<tr>\n<td>P\u0130\u015e\u0130K B\u018fD\u018fN \u00c7\u018fK\u0130S\u0130 (KQ)<\/td>\n<td><2<\/td>\n<td>2-4<\/td>\n<td>4-6<\/td>\n<td>6-8<\/td>\n<\/tr>\n<tr>\n<td>PAKETL\u018fR \/G\u00dcN<\/td>\n<td>\u00bd \u2013 1<\/td>\n<td>1 \u2013 2\u00bd<\/td>\n<td>2\u00bd \u2013 3\u00bc<\/td>\n<td>3\u00bc -4<\/td>\n<\/tr>\n<\/tbody>\n<\/table>\n<p><strong>T\u0259rkibi:<\/strong> \u0259t v\u0259 \u0259tin \u0259lav\u0259 m\u0259hsullar\u0131 (toyuq 46%), d\u00fcy\u00fc (3%), maya (1%), minerallar (1%), ya\u011f v\u0259 ya\u011f (0,5% q\u0131z\u0131lbal\u0131q ya\u011f\u0131, 0,5% k\u0259tan ya\u011f\u0131).<\/p>\n<p><strong>Z\u00fclal m\u0259nb\u0259yi:<\/strong> toyuq. Karbohidrat m\u0259nb\u0259yi: d\u00fcy\u00fc.<\/p>\n<p><strong>Analitik t\u0259rkib hiss\u0259l\u0259ri:<\/strong> xam protein \u2013 8%, xam ya\u011f \u2013 5,7%, xam k\u00fcl \u2013 2,6%, xam lif \u2013 0,4%, n\u0259mlik \u2013 79%, kalsium \u2013 0,3%, fosfor \u2013 0,26%, natrium \u2013 0,18%, mis \u2013 2 mq\/kq, Omega-3 ya\u011f tur\u015fular\u0131 \u2013 0,5%, Omega-6 ya\u011f tur\u015fular\u0131 \u2013 0,8%. Metaboliz\u0259 edil\u0259 bil\u0259n enerji: 95,97 kkal\/100 q.<\/p>\n<p><strong>H\u0259r kq \u00fc\u00e7\u00fcn qida \u0259lav\u0259l\u0259ri:<\/strong> vitaminl\u0259r: A vitamini (3a672a) 3000 BV, D3 vitamini (3a671) 200 BV. \u0130z elementl\u0259ri: sink (3b605) 25 mq, manqan (3b503) 1,4 mq, yod (3b202) 0,75 mq, mis (3b405) 1 mq. Amin tur\u015fular\u0131, onlar\u0131n duzlar\u0131 v\u0259 analoqlar\u0131: DL-metionin (3c304) 20 mq. Provitaminl\u0259r: taurin (3a370) 1500 mq.<\/p>\n","protected":false},"excerpt":{"rendered":"<div class=\"ft__prod--descTitle pb-2\">\n<div class=\"d-flex ft__prod--sizes fix_sizes_1\">\n<div class=\"pe-3\">Xroniki qaraciy\u0259r \u00e7at\u0131\u015fmazl\u0131\u011f\u0131 hal\u0131nda qaraciy\u0259r funksiyas\u0131n\u0131 d\u0259st\u0259kl\u0259m\u0259k \u00fc\u00e7\u00fcn n\u0259z\u0259rd\u0259 tutulmu\u015f yetkin pi\u015fikl\u0259r \u00fc\u00e7\u00fcn tam v\u0259 balansla\u015fd\u0131r\u0131lm\u0131\u015f p\u0259hriz yemi.<\/div>\n<\/div>\n<\/div>\n","protected":false},"featured_media":939,"comment_status":"open","ping_status":"closed","template":"","meta":[],"product_brand":[],"product_cat":[18],"product_tag":[],"class_list":{"0":"post-861","1":"product","2":"type-product","3":"status-publish","4":"has-post-thumbnail","6":"product_cat-products","8":"first","9":"instock","10":"shipping-taxable","11":"product-type-simple"},"_links":{"self":[{"href":"https:\/\/vetexpert.az\/az\/index.php\/wp-json\/wp\/v2\/product\/861","targetHints":{"allow":["GET"]}}],"collection":[{"href":"https:\/\/vetexpert.az\/az\/index.php\/wp-json\/wp\/v2\/product"}],"about":[{"href":"https:\/\/vetexpert.az\/az\/index.php\/wp-json\/wp\/v2\/types\/product"}],"replies":[{"embeddable":true,"href":"https:\/\/vetexpert.az\/az\/index.php\/wp-json\/wp\/v2\/comments?post=861"}],"wp:featuredmedia":[{"embeddable":true,"href":"https:\/\/vetexpert.az\/az\/index.php\/wp-json\/wp\/v2\/media\/939"}],"wp:attachment":[{"href":"https:\/\/vetexpert.az\/az\/index.php\/wp-json\/wp\/v2\/media?parent=861"}],"wp:term":[{"taxonomy":"product_brand","embeddable":true,"href":"https:\/\/vetexpert.az\/az\/index.php\/wp-json\/wp\/v2\/product_brand?post=861"},{"taxonomy":"product_cat","embeddable":true,"href":"https:\/\/vetexpert.az\/az\/index.php\/wp-json\/wp\/v2\/product_cat?post=861"},{"taxonomy":"product_tag","embeddable":true,"href":"https:\/\/vetexpert.az\/az\/index.php\/wp-json\/wp\/v2\/product_tag?post=861"}],"curies":[{"name":"wp","href":"https:\/\/api.w.org\/{rel}","templated":true}]}}