{"id":860,"date":"2026-04-06T10:27:19","date_gmt":"2026-04-06T10:27:19","guid":{"rendered":"https:\/\/vetexpert.az\/?post_type=product&#038;p=860"},"modified":"2026-04-09T18:59:57","modified_gmt":"2026-04-09T18:59:57","slug":"vetexpert-veterinary-diet-dermatosis-dog-sp-400-g-can","status":"publish","type":"product","link":"https:\/\/vetexpert.az\/az\/index.php\/product\/vetexpert-veterinary-diet-dermatosis-dog-sp-400-g-can\/","title":{"rendered":"VetExpert Veterinary Diet Dermatosis Dog S&#038;P 400 g can"},"content":{"rendered":"<p>Yetkin v\u0259 b\u00f6y\u00fcy\u0259n itl\u0259r \u00fc\u00e7\u00fcn tam v\u0259 balansl\u0131 p\u0259hriz qidas\u0131, dermatozlar v\u0259 h\u0259ddind\u0259n art\u0131q sa\u00e7 t\u00f6k\u00fclm\u0259si hal\u0131nda d\u0259rinin funksiyas\u0131n\u0131 d\u0259st\u0259kl\u0259m\u0259k \u00fc\u00e7\u00fcn t\u00f6vsiy\u0259 olunur. Qida h\u0259m\u00e7inin t\u0259rkib hiss\u0259l\u0259rin\u0259 v\u0259 qida madd\u0259l\u0259rin\u0259 qar\u015f\u0131 d\u00f6z\u00fcms\u00fczl\u00fcy\u00fc azaltmaq \u00fc\u00e7\u00fcn d\u0259 veril\u0259 bil\u0259r. P\u0259hriz g\u00f6st\u0259ri\u015fl\u0259ri: Dermatoz v\u0259 h\u0259ddind\u0259n art\u0131q sa\u00e7 t\u00f6k\u00fclm\u0259si hal\u0131nda d\u0259ri funksiyas\u0131n\u0131n d\u0259st\u0259kl\u0259nm\u0259si, t\u0259rkib hiss\u0259l\u0259rin\u0259 v\u0259 qida madd\u0259l\u0259rin\u0259 qar\u015f\u0131 d\u00f6z\u00fcms\u00fczl\u00fcy\u00fcn azald\u0131lmas\u0131, qida allergiyalar\u0131 &#8211; aradan qald\u0131r\u0131c\u0131 p\u0259hriz kimi.<\/p>\n<p><strong>MONOPROTE\u0130N QIZILBALIQ<\/strong> \u2013 heyvan z\u00fclal\u0131n\u0131n t\u0259k m\u0259nb\u0259yi \u2013 dig\u0259r heyvan z\u00fclallar\u0131n\u0131n olmas\u0131 s\u0259b\u0259bind\u0259n yaranan allergiya riskini aradan qald\u0131r\u0131r.<\/p>\n<p><strong>TAXILSIZ<\/strong> \u2013 yegan\u0259 karbohidrat m\u0259nb\u0259yi kartofdur, bu da ql\u00fcten d\u00f6z\u00fcms\u00fczl\u00fcy\u00fc v\u0259 d\u0259nli bitkil\u0259r z\u00fclallar\u0131na qar\u015f\u0131 allergiya riskini azalda bil\u0259r.<\/p>\n<p><strong>OMEQA 3 \u2013 YA\u011e TUR\u015eULARI<\/strong> \u2013 d\u0259ri funksiyalar\u0131n\u0131 d\u0259st\u0259kl\u0259yir v\u0259 t\u00fckl\u0259rin keyfiyy\u0259tini yax\u015f\u0131la\u015fd\u0131r\u0131r. Omeqa 3 FA \u0259traf m\u00fchit allergenl\u0259rinin b\u0259d\u0259n\u0259 n\u00fcfuz etm\u0259sind\u0259n qoruyan t\u0259bii d\u0259ri baryerini g\u00fccl\u0259ndirir v\u0259 allergik reaksiyan\u0131 minimuma endirir.<\/p>\n<p><strong>D\u00fczg\u00fcn istifad\u0259 \u00fc\u00e7\u00fcn t\u0259limat:<\/strong> P\u0259hriz qidas\u0131 yetkin bir itin g\u00fcnd\u0259lik qidalanma t\u0259l\u0259bat\u0131n\u0131 \u0259hat\u0259 edir. T\u00f6vsiy\u0259 olunan g\u00fcnd\u0259lik porsiya qidalanma t\u0259limat\u0131nda g\u00f6st\u0259rilib. \u0130stifad\u0259d\u0259n \u0259vv\u0259l v\u0259 istifad\u0259 m\u00fcdd\u0259tini uzatmazdan \u0259vv\u0259l baytar h\u0259kiminin r\u0259yini almaq t\u00f6vsiy\u0259 olunur. T\u00f6vsiy\u0259 olunan istifad\u0259 m\u00fcdd\u0259ti: dermatoz v\u0259 t\u00fck t\u00f6k\u00fclm\u0259si hal\u0131nda &#8211; 2 aya q\u0259d\u0259r, d\u00f6z\u00fcms\u00fczl\u00fck v\u0259 ya allergiya hal\u0131nda &#8211; 3 h\u0259ft\u0259d\u0259n 8 h\u0259ft\u0259y\u0259 q\u0259d\u0259r; d\u00f6z\u00fcms\u00fczl\u00fck \u0259lam\u0259tl\u0259ri yox olarsa, bu qidadan \u0259vv\u0259lc\u0259 bir il\u0259 q\u0259d\u0259r istifad\u0259 etm\u0259k olar. \u0130tin t\u0259miz, \u015firin suya daimi \u00e7\u0131x\u0131\u015f\u0131 olmal\u0131d\u0131r.<\/p>\n<p><strong>Qidalanma t\u0259limat\u0131:<\/strong><\/p>\n<table class=\"table\" border=\"0\">\n<tbody>\n<tr>\n<td>\u0130T\u0130N B\u018fD\u018fN \u00c7\u018fK\u0130S\u0130 (KQ)<\/td>\n<td>2,5-5<\/td>\n<td>7,5-10<\/td>\n<td>20-30<\/td>\n<td>40-50<\/td>\n<td>60-80<\/td>\n<\/tr>\n<tr>\n<td>G\u00dcND\u018fL\u0130K PORSIYA (Q\/G\u00dcN)<\/td>\n<td>160-290<\/td>\n<td>390-470<\/td>\n<td>800-1080<\/td>\n<td>1340-1580<\/td>\n<td>1820-2250<\/td>\n<\/tr>\n<\/tbody>\n<\/table>\n<p><strong>T\u0259rkibi:<\/strong> Q\u0131z\u0131lbal\u0131q (37.5%), kartof (15%), minerallar (1%), q\u0131z\u0131lbal\u0131q ya\u011f\u0131 (0,8%), g\u00fcn\u0259baxan ya\u011f\u0131 (0,8%).<\/p>\n<p><strong>T\u0259rkib hiss\u0259l\u0259ri:<\/strong> Xam z\u00fclal \u2013 6,5%, xam ya\u011f \u2013 6,30%, xam k\u00fcl \u2013 2,40%, xam lif \u2013 0,50%, n\u0259mlik \u2013 79,00%, kalsium \u2013 0,33%, fosfor \u2013 0,29%, Omeqa \u2013 3 \u2013 ya\u011f tur\u015fular\u0131 \u2013 0,30%, Omeqa -6-ya\u011f tur\u015fular\u0131 \u2013 0,70%. Metabolik enerji: 108 kkal\/100 q.<\/p>\n","protected":false},"excerpt":{"rendered":"<div class=\"d-flex ft__prod--sizes fix_sizes_1\">\n<div class=\"pe-3\">Yetkin v\u0259 b\u00f6y\u00fcy\u0259n itl\u0259r \u00fc\u00e7\u00fcn tam v\u0259 balansl\u0131 p\u0259hriz qidas\u0131, dermatozlar v\u0259 h\u0259ddind\u0259n art\u0131q sa\u00e7 t\u00f6k\u00fclm\u0259si hal\u0131nda d\u0259rinin funksiyas\u0131n\u0131 d\u0259st\u0259kl\u0259m\u0259k \u00fc\u00e7\u00fcn t\u00f6vsiy\u0259 olunur.<\/div>\n<\/div>\n","protected":false},"featured_media":938,"comment_status":"open","ping_status":"closed","template":"","meta":[],"product_brand":[],"product_cat":[18],"product_tag":[],"class_list":{"0":"post-860","1":"product","2":"type-product","3":"status-publish","4":"has-post-thumbnail","6":"product_cat-products","8":"first","9":"instock","10":"shipping-taxable","11":"product-type-simple"},"_links":{"self":[{"href":"https:\/\/vetexpert.az\/az\/index.php\/wp-json\/wp\/v2\/product\/860","targetHints":{"allow":["GET"]}}],"collection":[{"href":"https:\/\/vetexpert.az\/az\/index.php\/wp-json\/wp\/v2\/product"}],"about":[{"href":"https:\/\/vetexpert.az\/az\/index.php\/wp-json\/wp\/v2\/types\/product"}],"replies":[{"embeddable":true,"href":"https:\/\/vetexpert.az\/az\/index.php\/wp-json\/wp\/v2\/comments?post=860"}],"wp:featuredmedia":[{"embeddable":true,"href":"https:\/\/vetexpert.az\/az\/index.php\/wp-json\/wp\/v2\/media\/938"}],"wp:attachment":[{"href":"https:\/\/vetexpert.az\/az\/index.php\/wp-json\/wp\/v2\/media?parent=860"}],"wp:term":[{"taxonomy":"product_brand","embeddable":true,"href":"https:\/\/vetexpert.az\/az\/index.php\/wp-json\/wp\/v2\/product_brand?post=860"},{"taxonomy":"product_cat","embeddable":true,"href":"https:\/\/vetexpert.az\/az\/index.php\/wp-json\/wp\/v2\/product_cat?post=860"},{"taxonomy":"product_tag","embeddable":true,"href":"https:\/\/vetexpert.az\/az\/index.php\/wp-json\/wp\/v2\/product_tag?post=860"}],"curies":[{"name":"wp","href":"https:\/\/api.w.org\/{rel}","templated":true}]}}