{"id":859,"date":"2026-04-06T10:27:19","date_gmt":"2026-04-06T10:27:19","guid":{"rendered":"https:\/\/vetexpert.az\/?post_type=product&#038;p=859"},"modified":"2026-04-09T18:55:48","modified_gmt":"2026-04-09T18:55:48","slug":"vetaminex-60-twist-off","status":"publish","type":"product","link":"https:\/\/vetexpert.az\/az\/index.php\/product\/vetaminex-60-twist-off\/","title":{"rendered":"Vetaminex 60 twist off"},"content":{"rendered":"<p>G\u00fcnd\u0259lik qida q\u0259bulunu balansla\u015fd\u0131rmaq v\u0259 artan qida t\u0259l\u0259bat\u0131n\u0131 \u00f6d\u0259m\u0259k \u00fc\u00e7\u00fcn haz\u0131rlanm\u0131\u015f diqq\u0259tl\u0259 se\u00e7ilmi\u015f vitamin v\u0259 minerallarla pi\u015fikl\u0259r v\u0259 itl\u0259r \u00fc\u00e7\u00fcn \u0259lav\u0259. X\u00fcsusil\u0259 vitamin v\u0259 mineral \u0259lav\u0259si olaraq bi\u015fmi\u015f yem alan heyvanlar \u00fc\u00e7\u00fcn uy\u011fun olan bu m\u0259hsul, h\u0259m\u00e7inin vitamin \u00e7at\u0131\u015fmazl\u0131\u011f\u0131n\u0131 v\u0259 artan t\u0259l\u0259bat\u0131, m\u0259s\u0259l\u0259n, sa\u011falma v\u0259 ya f\u0259rqli bir p\u0259hriz\u0259 ke\u00e7id zaman\u0131 aradan qald\u0131rma\u011fa xidm\u0259t edir. H\u0259m bala itl\u0259r, h\u0259m d\u0259 ya\u015fl\u0131lar \u00fc\u00e7\u00fcn t\u00f6vsiy\u0259 olunur.<\/p>\n<p><strong>KALSIUM<\/strong> sa\u011flam s\u00fcm\u00fckl\u0259r v\u0259 di\u015fl\u0259r \u00fc\u00e7\u00fcn vacibdir. Sinir funksiyas\u0131n\u0131n, \u0259z\u0259l\u0259l\u0259rin daralmas\u0131n\u0131n v\u0259 qan laxtalanmas\u0131n\u0131n d\u00fczg\u00fcn saxlanmas\u0131na k\u00f6m\u0259k edir.<\/p>\n<p><strong>E V\u0130TAM\u0130N\u0130<\/strong> h\u00fcceyr\u0259l\u0259ri s\u0259rb\u0259st radikallar\u0131n yaratd\u0131\u011f\u0131 z\u0259r\u0259rd\u0259n qoruma\u011fa k\u00f6m\u0259k ed\u0259n bir antioksidand\u0131r. Sa\u011flam immun sistemini d\u0259st\u0259kl\u0259yir v\u0259 sa\u011flam d\u0259ri v\u0259 t\u00fckl\u0259rin qorunmas\u0131na t\u00f6hf\u0259 verir.<\/p>\n<p><strong>S\u0130NK<\/strong> m\u00fcxt\u0259lif fermentativ reaksiyalarda i\u015ftirak edir v\u0259 immun funksiyas\u0131nda, yaralar\u0131n sa\u011falmas\u0131nda v\u0259 z\u00fclal sintezind\u0259 rol oynay\u0131r. H\u0259m\u00e7inin sa\u011flam d\u0259rinin qorunmas\u0131na k\u00f6m\u0259k edir v\u0259 normal b\u00f6y\u00fcm\u0259 v\u0259 inki\u015faf\u0131 d\u0259st\u0259kl\u0259yir.<\/p>\n<p><strong>B V\u0130TAM\u0130N\u0130 KOMPLEKS\u0130<\/strong> z\u00fclal metabolizmas\u0131nda, q\u0131rm\u0131z\u0131 qan h\u00fcceyr\u0259l\u0259rinin istehsal\u0131nda v\u0259 neyrotransmitterl\u0259rin sintezind\u0259 i\u015ftirak edir. \u0130mmun sistemini d\u0259st\u0259kl\u0259yir v\u0259 normal beyin funksiyas\u0131n\u0131n saxlanmas\u0131na k\u00f6m\u0259k edir.<\/p>\n<p><strong>A V\u0130TAM\u0130N\u0130<\/strong> g\u00f6rm\u0259, immun funksiyas\u0131 v\u0259 d\u0259ri v\u0259 selikli qi\u015falar\u0131n sa\u011flaml\u0131\u011f\u0131 \u00fc\u00e7\u00fcn vacibdir. O, h\u0259m\u00e7inin b\u00f6y\u00fcm\u0259 v\u0259 inki\u015fafda rol oynay\u0131r.<\/p>\n<p><strong>D\u00fczg\u00fcn istifad\u0259 qaydalar\u0131:<\/strong> Pi\u015fikl\u0259r \u2013 h\u0259r iki g\u00fcnd\u0259n bir 1 kapsul. Kapsulun ucu burulmal\u0131 v\u0259 ya k\u0259silm\u0259li, s\u0131x\u0131lmal\u0131 v\u0259 qida il\u0259 qar\u0131\u015fd\u0131r\u0131lmal\u0131 v\u0259 ya birba\u015fa a\u011f\u0131za verilm\u0259lidir. Heyvanlar\u0131n h\u0259mi\u015f\u0259 t\u0259miz suya \u00e7\u0131x\u0131\u015f\u0131 olmal\u0131d\u0131r.<\/p>\n<p><strong>T\u0259rkibi:<\/strong> Kalsium fosfat, maqnezium oksidi, sink oksidi, E vitamini, B3 vitamini, d\u0259mir sulfat, B1 vitamini, B12 vitamini, B2 vitamini, B6 vitamini, mis, A vitamini,<\/p>\n","protected":false},"excerpt":{"rendered":"<div class=\"d-flex ft__prod--sizes fix_sizes_1\">\n<div class=\"pe-3\">G\u00fcnd\u0259lik qida q\u0259bulunu balansla\u015fd\u0131rmaq v\u0259 artan qida t\u0259l\u0259bat\u0131n\u0131 \u00f6d\u0259m\u0259k \u00fc\u00e7\u00fcn diqq\u0259tl\u0259 se\u00e7ilmi\u015f vitamin v\u0259 minerallarla pi\u015fikl\u0259r v\u0259 itl\u0259r \u00fc\u00e7\u00fcn \u0259lav\u0259.<\/div>\n<\/div>\n","protected":false},"featured_media":878,"comment_status":"open","ping_status":"closed","template":"","meta":[],"product_brand":[],"product_cat":[18],"product_tag":[],"class_list":{"0":"post-859","1":"product","2":"type-product","3":"status-publish","4":"has-post-thumbnail","6":"product_cat-products","8":"first","9":"instock","10":"shipping-taxable","11":"product-type-simple"},"_links":{"self":[{"href":"https:\/\/vetexpert.az\/az\/index.php\/wp-json\/wp\/v2\/product\/859","targetHints":{"allow":["GET"]}}],"collection":[{"href":"https:\/\/vetexpert.az\/az\/index.php\/wp-json\/wp\/v2\/product"}],"about":[{"href":"https:\/\/vetexpert.az\/az\/index.php\/wp-json\/wp\/v2\/types\/product"}],"replies":[{"embeddable":true,"href":"https:\/\/vetexpert.az\/az\/index.php\/wp-json\/wp\/v2\/comments?post=859"}],"wp:featuredmedia":[{"embeddable":true,"href":"https:\/\/vetexpert.az\/az\/index.php\/wp-json\/wp\/v2\/media\/878"}],"wp:attachment":[{"href":"https:\/\/vetexpert.az\/az\/index.php\/wp-json\/wp\/v2\/media?parent=859"}],"wp:term":[{"taxonomy":"product_brand","embeddable":true,"href":"https:\/\/vetexpert.az\/az\/index.php\/wp-json\/wp\/v2\/product_brand?post=859"},{"taxonomy":"product_cat","embeddable":true,"href":"https:\/\/vetexpert.az\/az\/index.php\/wp-json\/wp\/v2\/product_cat?post=859"},{"taxonomy":"product_tag","embeddable":true,"href":"https:\/\/vetexpert.az\/az\/index.php\/wp-json\/wp\/v2\/product_tag?post=859"}],"curies":[{"name":"wp","href":"https:\/\/api.w.org\/{rel}","templated":true}]}}