{"id":858,"date":"2026-04-06T10:27:19","date_gmt":"2026-04-06T10:27:19","guid":{"rendered":"https:\/\/vetexpert.az\/?post_type=product&#038;p=858"},"modified":"2026-04-09T18:53:48","modified_gmt":"2026-04-09T18:53:48","slug":"vet-expert-rapid-test-fpv-fcov-giardia-ag-5-unit-box","status":"publish","type":"product","link":"https:\/\/vetexpert.az\/az\/index.php\/product\/vet-expert-rapid-test-fpv-fcov-giardia-ag-5-unit-box\/","title":{"rendered":"Vet Expert Rapid Test FPV\/Fcov\/Giardia Ag (5 unit box)"},"content":{"rendered":"<p>Bu, n\u0259cisd\u0259 pi\u015fik panleykopeniya virusu antigeninin, pi\u015fik koronavirusunun v\u0259 Giardia protozoa-n\u0131n keyfiyy\u0259tc\u0259 a\u015fkarlanmas\u0131 \u00fc\u00e7\u00fcn istifad\u0259 olunan immunoxromatoqrafik metoda (\u0130X) \u0259saslanan \u00fc\u00e7qat testdir.<\/p>\n<p><strong>H\u0259ssasl\u0131q:<\/strong><br \/>\nFPV 97,0%, FCoV 92,8%, Giardia 99,9%<br \/>\n<strong>Spesifiklik:<\/strong><br \/>\nFPV 98,5%, FCoV 98,1%, Giardia 99,9%<\/p>\n","protected":false},"excerpt":{"rendered":"<p>Bu, n\u0259cisd\u0259 pi\u015fik panleykopeniya virusu antigeninin, pi\u015fik koronavirusunun v\u0259 Giardia protozoa-n\u0131n keyfiyy\u0259tc\u0259 a\u015fkarlanmas\u0131 \u00fc\u00e7\u00fcn istifad\u0259 olunan immunoxromatoqrafik metoda (\u0130X) \u0259saslanan \u00fc\u00e7qat testdir.<\/p>\n<p>5 \/ 10 \u0259d\u0259d qutu<\/p>\n","protected":false},"featured_media":877,"comment_status":"open","ping_status":"closed","template":"","meta":[],"product_brand":[],"product_cat":[18],"product_tag":[],"class_list":{"0":"post-858","1":"product","2":"type-product","3":"status-publish","4":"has-post-thumbnail","6":"product_cat-products","8":"first","9":"instock","10":"shipping-taxable","11":"product-type-simple"},"_links":{"self":[{"href":"https:\/\/vetexpert.az\/az\/index.php\/wp-json\/wp\/v2\/product\/858","targetHints":{"allow":["GET"]}}],"collection":[{"href":"https:\/\/vetexpert.az\/az\/index.php\/wp-json\/wp\/v2\/product"}],"about":[{"href":"https:\/\/vetexpert.az\/az\/index.php\/wp-json\/wp\/v2\/types\/product"}],"replies":[{"embeddable":true,"href":"https:\/\/vetexpert.az\/az\/index.php\/wp-json\/wp\/v2\/comments?post=858"}],"wp:featuredmedia":[{"embeddable":true,"href":"https:\/\/vetexpert.az\/az\/index.php\/wp-json\/wp\/v2\/media\/877"}],"wp:attachment":[{"href":"https:\/\/vetexpert.az\/az\/index.php\/wp-json\/wp\/v2\/media?parent=858"}],"wp:term":[{"taxonomy":"product_brand","embeddable":true,"href":"https:\/\/vetexpert.az\/az\/index.php\/wp-json\/wp\/v2\/product_brand?post=858"},{"taxonomy":"product_cat","embeddable":true,"href":"https:\/\/vetexpert.az\/az\/index.php\/wp-json\/wp\/v2\/product_cat?post=858"},{"taxonomy":"product_tag","embeddable":true,"href":"https:\/\/vetexpert.az\/az\/index.php\/wp-json\/wp\/v2\/product_tag?post=858"}],"curies":[{"name":"wp","href":"https:\/\/api.w.org\/{rel}","templated":true}]}}