{"id":857,"date":"2026-04-06T10:27:18","date_gmt":"2026-04-06T10:27:18","guid":{"rendered":"https:\/\/vetexpert.az\/?post_type=product&#038;p=857"},"modified":"2026-04-09T18:52:21","modified_gmt":"2026-04-09T18:52:21","slug":"vet-expert-rapid-test-fiv-ab-felv-ag-10-unit-box","status":"publish","type":"product","link":"https:\/\/vetexpert.az\/az\/index.php\/product\/vet-expert-rapid-test-fiv-ab-felv-ag-10-unit-box\/","title":{"rendered":"Vet Expert Rapid Test FIV Ab\/Felv Ag (10 unit box)"},"content":{"rendered":"<p>Bu, serumda, plazmada v\u0259 ya b\u00fct\u00fcn qanda pi\u015fik l\u00f6semi virusu (FeLV) antigeninin v\u0259 pi\u015fik immun \u00e7at\u0131\u015fmazl\u0131\u011f\u0131 virusuna (FIV) qar\u015f\u0131 antikorlar\u0131n keyfiyy\u0259tc\u0259 a\u015fkarlanmas\u0131 \u00fc\u00e7\u00fcn istifad\u0259 olunan immunoxromatoqrafik metoda (\u0130X) \u0259saslanan bir testdir.<\/p>\n<p>5\/10\/ 20 \u0259d\u0259d qutu<\/p>\n<p><strong>H\u0259ssasl\u0131q:<\/strong><br \/>\nFIV 96,0%, FeLV 99,9%<br \/>\n<strong>Spesifiklik:<\/strong><br \/>\nFIV 98,0%, FeLV 99,9%<\/p>\n","protected":false},"excerpt":{"rendered":"<p>Pi\u015fik immun \u00e7at\u0131\u015fmazl\u0131\u011f\u0131 virusuna (FIV) qar\u015f\u0131 antikorlar\u0131 v\u0259 pi\u015fik leykemiya virusunun (FeLV) antigenini a\u015fkar edir.<\/p>\n","protected":false},"featured_media":876,"comment_status":"open","ping_status":"closed","template":"","meta":[],"product_brand":[],"product_cat":[18],"product_tag":[],"class_list":{"0":"post-857","1":"product","2":"type-product","3":"status-publish","4":"has-post-thumbnail","6":"product_cat-products","8":"first","9":"instock","10":"shipping-taxable","11":"product-type-simple"},"_links":{"self":[{"href":"https:\/\/vetexpert.az\/az\/index.php\/wp-json\/wp\/v2\/product\/857","targetHints":{"allow":["GET"]}}],"collection":[{"href":"https:\/\/vetexpert.az\/az\/index.php\/wp-json\/wp\/v2\/product"}],"about":[{"href":"https:\/\/vetexpert.az\/az\/index.php\/wp-json\/wp\/v2\/types\/product"}],"replies":[{"embeddable":true,"href":"https:\/\/vetexpert.az\/az\/index.php\/wp-json\/wp\/v2\/comments?post=857"}],"wp:featuredmedia":[{"embeddable":true,"href":"https:\/\/vetexpert.az\/az\/index.php\/wp-json\/wp\/v2\/media\/876"}],"wp:attachment":[{"href":"https:\/\/vetexpert.az\/az\/index.php\/wp-json\/wp\/v2\/media?parent=857"}],"wp:term":[{"taxonomy":"product_brand","embeddable":true,"href":"https:\/\/vetexpert.az\/az\/index.php\/wp-json\/wp\/v2\/product_brand?post=857"},{"taxonomy":"product_cat","embeddable":true,"href":"https:\/\/vetexpert.az\/az\/index.php\/wp-json\/wp\/v2\/product_cat?post=857"},{"taxonomy":"product_tag","embeddable":true,"href":"https:\/\/vetexpert.az\/az\/index.php\/wp-json\/wp\/v2\/product_tag?post=857"}],"curies":[{"name":"wp","href":"https:\/\/api.w.org\/{rel}","templated":true}]}}