{"id":856,"date":"2026-04-06T10:27:18","date_gmt":"2026-04-06T10:27:18","guid":{"rendered":"https:\/\/vetexpert.az\/?post_type=product&#038;p=856"},"modified":"2026-04-09T18:50:58","modified_gmt":"2026-04-09T18:50:58","slug":"vet-expert-rapid-test-cpv-ccv-giardia-ag-5-unit-box","status":"publish","type":"product","link":"https:\/\/vetexpert.az\/az\/index.php\/product\/vet-expert-rapid-test-cpv-ccv-giardia-ag-5-unit-box\/","title":{"rendered":"Vet Expert Rapid Test CPV\/CCV\/Giardia Ag (5 unit box)"},"content":{"rendered":"<p>Bu, n\u0259cisd\u0259 it parvovirusunun, it koronavirusunun v\u0259 Giardia protozoa antigenl\u0259rinin keyfiyy\u0259tc\u0259 a\u015fkarlanmas\u0131 \u00fc\u00e7\u00fcn istifad\u0259 edil\u0259n immunoxromatoqrafik metoda (\u0130X) \u0259saslanan \u00fc\u00e7qat testdir.<\/p>\n<p>5 vahid \/ 10 vahid qutu<\/p>\n<p><strong>H\u0259ssasl\u0131q:<\/strong><br \/>\nCPV 99,9%, CCV 93,1%, Giardia 99,9%<br \/>\n<strong>Spesifiklik:<\/strong><br \/>\nCPV 99,9%, CCV 97,5%, Giardia 99,9%<\/p>\n","protected":false},"excerpt":{"rendered":"<p>K\u00f6p\u0259k parvovirusu, k\u00f6p\u0259k koronavirusu v\u0259 Giardia antigenl\u0259rini a\u015fkarlay\u0131r<\/p>\n","protected":false},"featured_media":875,"comment_status":"open","ping_status":"closed","template":"","meta":[],"product_brand":[],"product_cat":[18],"product_tag":[],"class_list":{"0":"post-856","1":"product","2":"type-product","3":"status-publish","4":"has-post-thumbnail","6":"product_cat-products","8":"first","9":"instock","10":"shipping-taxable","11":"product-type-simple"},"_links":{"self":[{"href":"https:\/\/vetexpert.az\/az\/index.php\/wp-json\/wp\/v2\/product\/856","targetHints":{"allow":["GET"]}}],"collection":[{"href":"https:\/\/vetexpert.az\/az\/index.php\/wp-json\/wp\/v2\/product"}],"about":[{"href":"https:\/\/vetexpert.az\/az\/index.php\/wp-json\/wp\/v2\/types\/product"}],"replies":[{"embeddable":true,"href":"https:\/\/vetexpert.az\/az\/index.php\/wp-json\/wp\/v2\/comments?post=856"}],"wp:featuredmedia":[{"embeddable":true,"href":"https:\/\/vetexpert.az\/az\/index.php\/wp-json\/wp\/v2\/media\/875"}],"wp:attachment":[{"href":"https:\/\/vetexpert.az\/az\/index.php\/wp-json\/wp\/v2\/media?parent=856"}],"wp:term":[{"taxonomy":"product_brand","embeddable":true,"href":"https:\/\/vetexpert.az\/az\/index.php\/wp-json\/wp\/v2\/product_brand?post=856"},{"taxonomy":"product_cat","embeddable":true,"href":"https:\/\/vetexpert.az\/az\/index.php\/wp-json\/wp\/v2\/product_cat?post=856"},{"taxonomy":"product_tag","embeddable":true,"href":"https:\/\/vetexpert.az\/az\/index.php\/wp-json\/wp\/v2\/product_tag?post=856"}],"curies":[{"name":"wp","href":"https:\/\/api.w.org\/{rel}","templated":true}]}}