{"id":855,"date":"2026-04-06T10:27:18","date_gmt":"2026-04-06T10:27:18","guid":{"rendered":"https:\/\/vetexpert.az\/?post_type=product&#038;p=855"},"modified":"2026-04-09T18:49:40","modified_gmt":"2026-04-09T18:49:40","slug":"vet-expert-rapid-test-canivec-4-leish-5-unit-box","status":"publish","type":"product","link":"https:\/\/vetexpert.az\/az\/index.php\/product\/vet-expert-rapid-test-canivec-4-leish-5-unit-box\/","title":{"rendered":"Vet Expert Rapid Test Canivec- 4 (Leish) (5 unit box)"},"content":{"rendered":"<p>Dirofilaria immitis antigenl\u0259rini v\u0259 Ehlichia canis, Leishmania infantum, Anaplasma phagocytophilum\/Anaplasma platys-\u0259 qar\u015f\u0131 antikorlar\u0131 a\u015fkar edir<\/p>\n<p>5\/10\/20 \u0259d\u0259d qutu<\/p>\n<p><strong>H\u0259ssasl\u0131q:<\/strong><\/p>\n<p>\u00dcr\u0259k qurdu 99,9%, E.canis 98,2%, Leishmania 97,2%, Anaplasma 96,1%<br \/>\n<strong>Spesifiklik:<\/strong><\/p>\n<p>\u00dcr\u0259k qurdu 99,9%, E.canis 99,9%, Leishmania 99,8%, Anaplasma 99,3%<\/p>\n","protected":false},"excerpt":{"rendered":"<p>Dirofilaria immitis antigenl\u0259rini v\u0259 Ehlichia canis, Leishmania infantum, Anaplasma phagocytophilum\/Anaplasma platys \u0259leyhin\u0259 antikorlar\u0131 a\u015fkarlay\u0131r.<\/p>\n","protected":false},"featured_media":874,"comment_status":"open","ping_status":"closed","template":"","meta":[],"product_brand":[],"product_cat":[18],"product_tag":[],"class_list":{"0":"post-855","1":"product","2":"type-product","3":"status-publish","4":"has-post-thumbnail","6":"product_cat-products","8":"first","9":"instock","10":"shipping-taxable","11":"product-type-simple"},"_links":{"self":[{"href":"https:\/\/vetexpert.az\/az\/index.php\/wp-json\/wp\/v2\/product\/855","targetHints":{"allow":["GET"]}}],"collection":[{"href":"https:\/\/vetexpert.az\/az\/index.php\/wp-json\/wp\/v2\/product"}],"about":[{"href":"https:\/\/vetexpert.az\/az\/index.php\/wp-json\/wp\/v2\/types\/product"}],"replies":[{"embeddable":true,"href":"https:\/\/vetexpert.az\/az\/index.php\/wp-json\/wp\/v2\/comments?post=855"}],"wp:featuredmedia":[{"embeddable":true,"href":"https:\/\/vetexpert.az\/az\/index.php\/wp-json\/wp\/v2\/media\/874"}],"wp:attachment":[{"href":"https:\/\/vetexpert.az\/az\/index.php\/wp-json\/wp\/v2\/media?parent=855"}],"wp:term":[{"taxonomy":"product_brand","embeddable":true,"href":"https:\/\/vetexpert.az\/az\/index.php\/wp-json\/wp\/v2\/product_brand?post=855"},{"taxonomy":"product_cat","embeddable":true,"href":"https:\/\/vetexpert.az\/az\/index.php\/wp-json\/wp\/v2\/product_cat?post=855"},{"taxonomy":"product_tag","embeddable":true,"href":"https:\/\/vetexpert.az\/az\/index.php\/wp-json\/wp\/v2\/product_tag?post=855"}],"curies":[{"name":"wp","href":"https:\/\/api.w.org\/{rel}","templated":true}]}}