{"id":838,"date":"2026-04-06T10:26:59","date_gmt":"2026-04-06T10:26:59","guid":{"rendered":"https:\/\/vetexpert.az\/?post_type=product&#038;p=838"},"modified":"2026-04-09T18:43:28","modified_gmt":"2026-04-09T18:43:28","slug":"trichocat-anti-bezoar-paste-50g","status":"publish","type":"product","link":"https:\/\/vetexpert.az\/az\/index.php\/product\/trichocat-anti-bezoar-paste-50g\/","title":{"rendered":"TrichoCat (anti-bezoar paste 50g)"},"content":{"rendered":"<p>M\u0259hsul pi\u015fikl\u0259rd\u0259 bezoarlar\u0131n (t\u00fck toplar\u0131n\u0131n) \u0259m\u0259l\u0259 g\u0259lm\u0259sinin qar\u015f\u0131s\u0131n\u0131 almaq v\u0259 onlar\u0131n h\u0259zm sistemind\u0259n \u00e7\u0131xar\u0131lmas\u0131n\u0131 asanla\u015fd\u0131rmaq \u00fc\u00e7\u00fcn t\u00f6vsiy\u0259 olunur.<\/p>\n<p><strong>SOYA YA\u011eI<\/strong> \u2013 h\u0259zm sistemini ya\u011flama\u011fa v\u0259 t\u00fck toplar\u0131n\u0131n \u0259m\u0259l\u0259 g\u0259lm\u0259sini azaltma\u011fa k\u00f6m\u0259k ed\u0259 bil\u0259n vacib ya\u011f tur\u015fular\u0131n\u0131n m\u0259nb\u0259yidir. Bu ya\u011f tur\u015fular\u0131 h\u0259m\u00e7inin pi\u015fiyin d\u0259risinin v\u0259 t\u00fck\u00fcn\u00fcn \u00fcmumi sa\u011flaml\u0131\u011f\u0131n\u0131 v\u0259 v\u0259ziyy\u0259tini yax\u015f\u0131la\u015fd\u0131rma\u011fa k\u00f6m\u0259k ed\u0259 bil\u0259r.<\/p>\n<p><strong>MAYALAR<\/strong> \u2013 pi\u015fikl\u0259rd\u0259 sa\u011flam h\u0259zm v\u0259 madd\u0259l\u0259r m\u00fcbadil\u0259sini d\u0259st\u0259kl\u0259m\u0259y\u0259 k\u00f6m\u0259k ed\u0259 bil\u0259n B vitaminl\u0259rinin m\u0259nb\u0259yidir. B2 vitamini v\u0259 B3 vitamini d\u0259 daxil olmaqla B vitaminl\u0259ri enerji m\u00fcbadil\u0259si \u00fc\u00e7\u00fcn vacibdir v\u0259 h\u0259m\u00e7inin pi\u015fiyin d\u0259risinin v\u0259 t\u00fck\u00fcn\u00fcn v\u0259ziyy\u0259tini yax\u015f\u0131la\u015fd\u0131rma\u011fa k\u00f6m\u0259k ed\u0259 bil\u0259r.<\/p>\n<p><strong>TAUR\u0130N<\/strong> \u2013 pi\u015fikl\u0259rin sa\u011flaml\u0131\u011f\u0131 \u00fc\u00e7\u00fcn vacib olan bir amin tur\u015fusudur. Sa\u011flam h\u0259zmi d\u0259st\u0259kl\u0259m\u0259k v\u0259 t\u00fck toplar\u0131n\u0131n \u0259m\u0259l\u0259 g\u0259lm\u0259sinin qar\u015f\u0131s\u0131n\u0131 almaq \u00fc\u00e7\u00fcn tez-tez t\u00fck topu pastas\u0131na daxil edilir.<\/p>\n<p><strong>E V\u0130TAM\u0130N\u0130<\/strong> \u2013 pi\u015fik b\u0259d\u0259nind\u0259ki h\u00fcceyr\u0259l\u0259ri s\u0259rb\u0259st radikallar\u0131n yaratd\u0131\u011f\u0131 z\u0259r\u0259rd\u0259n qoruma\u011fa k\u00f6m\u0259k ed\u0259 bil\u0259n bir antioksidantd\u0131r. H\u0259m\u00e7inin pi\u015fik d\u0259risinin v\u0259 t\u00fck\u00fcn\u00fcn v\u0259ziyy\u0259tini yax\u015f\u0131la\u015fd\u0131rma\u011fa k\u00f6m\u0259k ed\u0259 bil\u0259r.<\/p>\n<p><strong>D\u00fczg\u00fcn istifad\u0259 qaydalar\u0131:<\/strong> Profilaktik olaraq (h\u0259ft\u0259d\u0259 1-2 d\u0259f\u0259) v\u0259 ya t\u00fck topalar\u0131n\u0131 t\u0259mizl\u0259m\u0259k \u00fc\u00e7\u00fcn g\u00fcnd\u0259 1-2 d\u0259f\u0259 birba\u015fa a\u011f\u0131za v\u0259 ya qida il\u0259 birlikd\u0259 2 ml pasta vuraraq istifad\u0259 edin.<\/p>\n<p><strong>T\u0259rkibi:<\/strong> 2.20.1 T\u0259mizl\u0259nmi\u015f soya ya\u011f\u0131, maksimum qlisin (L.) Merr., 13.5.5 sorbitol, 1.1.18 malt, 12.1.5 piv\u0259 mayas\u0131.<\/p>\n<p><strong>Qida \u0259lav\u0259l\u0259ri (mq\/kq):<\/strong> 3a370 taurin 2000 mq, 3a315 niasinamid 990 mq, 3a700i vitamin E 750 mq, 3a825ii vitamin B2 400 mq.<\/p>\n<p><strong>Texnoloji \u0259lav\u0259l\u0259r (mq\/kq):<\/strong> 1E412 quar saqq\u0131z\u0131 20000 mq, konservantlar.<\/p>\n<p><strong>Hiss \u0259lav\u0259l\u0259ri:<\/strong> \u0259tirverici birl\u0259\u015fm\u0259<\/p>\n","protected":false},"excerpt":{"rendered":"<div class=\"d-flex ft__prod--sizes fix_sizes_2\">\n<div class=\"pe-3\">M\u0259hsul pi\u015fikl\u0259rd\u0259 bezoarlar\u0131n (t\u00fck toplar\u0131n\u0131n) \u0259m\u0259l\u0259 g\u0259lm\u0259sinin qar\u015f\u0131s\u0131n\u0131 almaq v\u0259 onlar\u0131n h\u0259zm sistemind\u0259n \u00e7\u0131xar\u0131lmas\u0131n\u0131 asanla\u015fd\u0131rmaq \u00fc\u00e7\u00fcn t\u00f6vsiy\u0259 olunur.<\/div>\n<\/div>\n","protected":false},"featured_media":853,"comment_status":"open","ping_status":"closed","template":"","meta":[],"product_brand":[],"product_cat":[18],"product_tag":[],"class_list":{"0":"post-838","1":"product","2":"type-product","3":"status-publish","4":"has-post-thumbnail","6":"product_cat-products","8":"first","9":"instock","10":"shipping-taxable","11":"product-type-simple"},"_links":{"self":[{"href":"https:\/\/vetexpert.az\/az\/index.php\/wp-json\/wp\/v2\/product\/838","targetHints":{"allow":["GET"]}}],"collection":[{"href":"https:\/\/vetexpert.az\/az\/index.php\/wp-json\/wp\/v2\/product"}],"about":[{"href":"https:\/\/vetexpert.az\/az\/index.php\/wp-json\/wp\/v2\/types\/product"}],"replies":[{"embeddable":true,"href":"https:\/\/vetexpert.az\/az\/index.php\/wp-json\/wp\/v2\/comments?post=838"}],"wp:featuredmedia":[{"embeddable":true,"href":"https:\/\/vetexpert.az\/az\/index.php\/wp-json\/wp\/v2\/media\/853"}],"wp:attachment":[{"href":"https:\/\/vetexpert.az\/az\/index.php\/wp-json\/wp\/v2\/media?parent=838"}],"wp:term":[{"taxonomy":"product_brand","embeddable":true,"href":"https:\/\/vetexpert.az\/az\/index.php\/wp-json\/wp\/v2\/product_brand?post=838"},{"taxonomy":"product_cat","embeddable":true,"href":"https:\/\/vetexpert.az\/az\/index.php\/wp-json\/wp\/v2\/product_cat?post=838"},{"taxonomy":"product_tag","embeddable":true,"href":"https:\/\/vetexpert.az\/az\/index.php\/wp-json\/wp\/v2\/product_tag?post=838"}],"curies":[{"name":"wp","href":"https:\/\/api.w.org\/{rel}","templated":true}]}}