{"id":835,"date":"2026-04-06T10:26:59","date_gmt":"2026-04-06T10:26:59","guid":{"rendered":"https:\/\/vetexpert.az\/?post_type=product&#038;p=835"},"modified":"2026-04-09T18:37:17","modified_gmt":"2026-04-09T18:37:17","slug":"renalvet-60-twist-off","status":"publish","type":"product","link":"https:\/\/vetexpert.az\/az\/index.php\/product\/renalvet-60-twist-off\/","title":{"rendered":"Renalvet 60 twist off"},"content":{"rendered":"<p>M\u0259hsul, b\u00f6yr\u0259kl\u0259rin d\u00fczg\u00fcn funksiyas\u0131n\u0131 d\u0259st\u0259kl\u0259m\u0259k \u00fc\u00e7\u00fcn itl\u0259r v\u0259 pi\u015fikl\u0259r \u00fc\u00e7\u00fcn t\u00f6vsiy\u0259 olunur.<\/p>\n<p><strong>D\u00fczg\u00fcn istifad\u0259 qaydalar\u0131:<\/strong><\/p>\n<p>10 kq-a q\u0259d\u0259r \u00e7\u0259kid\u0259 olan pi\u015fikl\u0259r \u2013 g\u00fcnd\u0259 1 kapsul.<\/p>\n<p>Kaps\u00fcl\u00fcn ucu burulmal\u0131 v\u0259 ya k\u0259silm\u0259li, i\u00e7ind\u0259kil\u0259r s\u0131x\u0131lmal\u0131 v\u0259 qida il\u0259 qar\u0131\u015fd\u0131r\u0131lmal\u0131 v\u0259 ya birba\u015fa a\u011f\u0131za verilm\u0259lidir. Heyvanlar\u0131n h\u0259mi\u015f\u0259 t\u0259miz suya \u00e7\u0131x\u0131\u015f\u0131 olmal\u0131d\u0131r.<\/p>\n<p><strong>Qida m\u0259lumat\u0131:<\/strong> Tam yeml\u0259 m\u00fcqayis\u0259d\u0259 D3 vitamininin daha y\u00fcks\u0259k t\u0259rkibin\u0259 g\u00f6r\u0259, RenalVet itl\u0259r\u0259 v\u0259 pi\u015fikl\u0259r\u0259 g\u00fcnd\u0259lik rasionun 2,5%-\u0259 q\u0259d\u0259r miqdarda veril\u0259 bil\u0259r.<\/p>\n<p><strong>T\u0259rkibi:<\/strong> 2.20.1 t\u0259mizl\u0259nmi\u015f soya ya\u011f\u0131, maks. Qlisin. (L.) Merr., 11.1.1 kalsium karbonat, 10.3.1 x\u0259r\u00e7\u0259ngkimi unu Chionoecetes opilio (xitozan), 2.21.1 xam lesitinl\u0259r, 9.3.1 bal mumu.<\/p>\n<p><strong>Qida \u0259lav\u0259l\u0259ri (kapsula ba\u015f\u0131na):<\/strong> 3a671 vitamin D3 80 IU.<\/p>\n","protected":false},"excerpt":{"rendered":"<div class=\"d-flex ft__prod--sizes fix_sizes_1\">\n<div class=\"pe-3\">M\u0259hsul, b\u00f6yr\u0259kl\u0259rin d\u00fczg\u00fcn funksiyas\u0131n\u0131 d\u0259st\u0259kl\u0259m\u0259k \u00fc\u00e7\u00fcn itl\u0259r v\u0259 pi\u015fikl\u0259r \u00fc\u00e7\u00fcn t\u00f6vsiy\u0259 olunur.<\/div>\n<\/div>\n","protected":false},"featured_media":852,"comment_status":"open","ping_status":"closed","template":"","meta":[],"product_brand":[],"product_cat":[18],"product_tag":[],"class_list":{"0":"post-835","1":"product","2":"type-product","3":"status-publish","4":"has-post-thumbnail","6":"product_cat-products","8":"first","9":"instock","10":"shipping-taxable","11":"product-type-simple"},"_links":{"self":[{"href":"https:\/\/vetexpert.az\/az\/index.php\/wp-json\/wp\/v2\/product\/835","targetHints":{"allow":["GET"]}}],"collection":[{"href":"https:\/\/vetexpert.az\/az\/index.php\/wp-json\/wp\/v2\/product"}],"about":[{"href":"https:\/\/vetexpert.az\/az\/index.php\/wp-json\/wp\/v2\/types\/product"}],"replies":[{"embeddable":true,"href":"https:\/\/vetexpert.az\/az\/index.php\/wp-json\/wp\/v2\/comments?post=835"}],"wp:featuredmedia":[{"embeddable":true,"href":"https:\/\/vetexpert.az\/az\/index.php\/wp-json\/wp\/v2\/media\/852"}],"wp:attachment":[{"href":"https:\/\/vetexpert.az\/az\/index.php\/wp-json\/wp\/v2\/media?parent=835"}],"wp:term":[{"taxonomy":"product_brand","embeddable":true,"href":"https:\/\/vetexpert.az\/az\/index.php\/wp-json\/wp\/v2\/product_brand?post=835"},{"taxonomy":"product_cat","embeddable":true,"href":"https:\/\/vetexpert.az\/az\/index.php\/wp-json\/wp\/v2\/product_cat?post=835"},{"taxonomy":"product_tag","embeddable":true,"href":"https:\/\/vetexpert.az\/az\/index.php\/wp-json\/wp\/v2\/product_tag?post=835"}],"curies":[{"name":"wp","href":"https:\/\/api.w.org\/{rel}","templated":true}]}}