{"id":834,"date":"2026-04-06T10:26:59","date_gmt":"2026-04-06T10:26:59","guid":{"rendered":"https:\/\/vetexpert.az\/?post_type=product&#038;p=834"},"modified":"2026-04-09T18:35:09","modified_gmt":"2026-04-09T18:35:09","slug":"prolactino-lb-40-tabl","status":"publish","type":"product","link":"https:\/\/vetexpert.az\/az\/index.php\/product\/prolactino-lb-40-tabl\/","title":{"rendered":"ProlactiNO LB 40 tabl."},"content":{"rendered":"<p>M\u0259hsul, fizioloji olaraq ba\u015f ver\u0259n yalan\u00e7\u0131 hamil\u0259lik d\u00f6vr\u00fcnd\u0259 istifad\u0259 \u00fc\u00e7\u00fcn b\u00f6y\u00fck v\u0259 n\u0259h\u0259ng cinsli di\u015fi itl\u0259r \u00fc\u00e7\u00fcn n\u0259z\u0259rd\u0259 tutulub.<\/p>\n<p><strong>VITEX<\/strong>, h\u0259m\u00e7inin \u00e7iy\u0259l\u0259k kimi d\u0259 tan\u0131n\u0131r, itl\u0259rd\u0259 hormonal balanss\u0131zl\u0131\u011f\u0131 t\u0259nziml\u0259m\u0259k \u00fc\u00e7\u00fcn tez-tez istifad\u0259 edil\u0259n t\u0259bii bir vasit\u0259dir. Laktasiya v\u0259 davran\u0131\u015fda i\u015ftirak ed\u0259n bir hormon olan prolaktinin istehsal\u0131n\u0131 azald\u0131r. Prolaktin s\u0259viyy\u0259sini azaltmaqla, Vitex, di\u015fi itl\u0259rd\u0259 x\u0259yali hamil\u0259likl\u0259rin v\u0259 dig\u0259r hormonal balanss\u0131zl\u0131qlar\u0131n idar\u0259 olunmas\u0131nda faydal\u0131 ola bil\u0259r.<\/p>\n<p>C\u0259f\u0259ri, itl\u0259rd\u0259 \u015fi\u015fkinliyi v\u0259 \u015fi\u015fkinliyi azaltma\u011fa k\u00f6m\u0259k ed\u0259 bil\u0259n t\u0259bii di\u00fcretikdir. H\u0259m\u00e7inin antioksidantlar\u0131n z\u0259ngin m\u0259nb\u0259yidir v\u0259 \u00fcmumi sa\u011flaml\u0131\u011f\u0131 v\u0259 immun funksiyas\u0131n\u0131 d\u0259st\u0259kl\u0259m\u0259y\u0259 k\u00f6m\u0259k ed\u0259 bil\u0259r.<\/p>\n<p><strong>K\u018fK\u018fK\u018fK<\/strong> itl\u0259rd\u0259 mayenin tutulmas\u0131n\u0131 v\u0259 \u015fi\u015fkinliyi azaltma\u011fa k\u00f6m\u0259k ed\u0259 bil\u0259c\u0259k ba\u015fqa bir t\u0259bii di\u00fcretikdir. H\u0259m\u00e7inin A vitamini, C vitamini v\u0259 kalium da daxil olmaqla vitamin v\u0259 minerallar\u0131n z\u0259ngin m\u0259nb\u0259yidir.<\/p>\n<p><strong>CONKER<\/strong>, h\u0259m\u00e7inin at \u015fabal\u0131d\u0131 kimi d\u0259 tan\u0131n\u0131r, itl\u0259rd\u0259 qan d\u00f6vran\u0131n\u0131 yax\u015f\u0131la\u015fd\u0131rma\u011fa v\u0259 iltihab\u0131 azaltma\u011fa k\u00f6m\u0259k ed\u0259 bil\u0259c\u0259k t\u0259bii bir vasit\u0259dir. \u015ei\u015fkinlik v\u0259 narahatl\u0131q kimi x\u0259yali hamil\u0259likl\u0259rl\u0259 \u0259laq\u0259li simptomlar\u0131n idar\u0259 olunmas\u0131nda faydal\u0131 ola bil\u0259r.<\/p>\n<p><strong>D\u00fczg\u00fcn istifad\u0259 \u00fc\u00e7\u00fcn t\u0259limat:<\/strong> 4-5-ci h\u0259ft\u0259d\u0259n 9-11-ci h\u0259ft\u0259y\u0259 q\u0259d\u0259r h\u0259r g\u00fcn 15 kq b\u0259d\u0259n \u00e7\u0259kisin\u0259 1 tabletd\u0259n d\u0259st\u0259kl\u0259yici \u015f\u0259kild\u0259 istifad\u0259 edin.<\/p>\n<p>Di\u015fi itin hamil\u0259 olmad\u0131\u011f\u0131 t\u0259sdiql\u0259nm\u0259lidir. Yem\u0259kd\u0259n \u0259vv\u0259l v\u0259 ya yem\u0259k zaman\u0131 verilir. Tabletl\u0259r \u0259zilmi\u015f \u015f\u0259kild\u0259 veril\u0259 bil\u0259r. G\u00fcnd\u0259lik miqdar bir ne\u00e7\u0259 tabletin q\u0259bulunu t\u0259min edirs\u0259, onu 2-3 porsiyaya b\u00f6lm\u0259k olar. Di\u015fi itl\u0259rin h\u0259mi\u015f\u0259 t\u0259miz suya \u00e7\u0131x\u0131\u015f\u0131 olmal\u0131d\u0131r.<\/p>\n<p><strong>T\u0259rkibi:<\/strong> 13.6.4 maqnezium stearat, 13.1.7 quru c\u0259f\u0259ri k\u00f6k\u00fc (Petroselinum sativum Hoffm.), 11.3.1 dikalsium fosfat.<\/p>\n<p><strong>Hissiyyat \u0259lav\u0259l\u0259ri (q\/kq):<\/strong> 2b yas\u0259m\u0259n a\u011fac\u0131 ekstrakt\u0131 (Vitex agnus-castus L.) 467 q, 2b z\u0259ncirotu k\u00f6k\u00fc b\u0259rk ekstrakt\u0131 (Taraxacum officinale Wiggers) 53 q, 2b \u015fabal\u0131d ekstrakt\u0131 (Castanea sativa Mill.) 53 q.<\/p>\n<p><strong>Texnoloji \u0259lav\u0259l\u0259r (q\/kq):<\/strong> E414 akasiya (\u0259r\u0259b saqq\u0131z\u0131) 144 q, E466 karboksimetilsell\u00fcloza 20 q.<\/p>\n","protected":false},"excerpt":{"rendered":"<div class=\"ft__prod--descTitle pb-2\">\n<div class=\"d-flex ft__prod--sizes fix_sizes_1\">\n<div class=\"pe-3\">M\u0259hsul, fizioloji olaraq ba\u015f ver\u0259n yalan\u00e7\u0131 hamil\u0259lik d\u00f6vr\u00fcnd\u0259 istifad\u0259 \u00fc\u00e7\u00fcn b\u00f6y\u00fck v\u0259 n\u0259h\u0259ng cinsli di\u015fi itl\u0259r \u00fc\u00e7\u00fcn n\u0259z\u0259rd\u0259 tutulub.<\/div>\n<\/div>\n<\/div>\n","protected":false},"featured_media":851,"comment_status":"open","ping_status":"closed","template":"","meta":[],"product_brand":[],"product_cat":[18],"product_tag":[],"class_list":{"0":"post-834","1":"product","2":"type-product","3":"status-publish","4":"has-post-thumbnail","6":"product_cat-products","8":"first","9":"instock","10":"shipping-taxable","11":"product-type-simple"},"_links":{"self":[{"href":"https:\/\/vetexpert.az\/az\/index.php\/wp-json\/wp\/v2\/product\/834","targetHints":{"allow":["GET"]}}],"collection":[{"href":"https:\/\/vetexpert.az\/az\/index.php\/wp-json\/wp\/v2\/product"}],"about":[{"href":"https:\/\/vetexpert.az\/az\/index.php\/wp-json\/wp\/v2\/types\/product"}],"replies":[{"embeddable":true,"href":"https:\/\/vetexpert.az\/az\/index.php\/wp-json\/wp\/v2\/comments?post=834"}],"wp:featuredmedia":[{"embeddable":true,"href":"https:\/\/vetexpert.az\/az\/index.php\/wp-json\/wp\/v2\/media\/851"}],"wp:attachment":[{"href":"https:\/\/vetexpert.az\/az\/index.php\/wp-json\/wp\/v2\/media?parent=834"}],"wp:term":[{"taxonomy":"product_brand","embeddable":true,"href":"https:\/\/vetexpert.az\/az\/index.php\/wp-json\/wp\/v2\/product_brand?post=834"},{"taxonomy":"product_cat","embeddable":true,"href":"https:\/\/vetexpert.az\/az\/index.php\/wp-json\/wp\/v2\/product_cat?post=834"},{"taxonomy":"product_tag","embeddable":true,"href":"https:\/\/vetexpert.az\/az\/index.php\/wp-json\/wp\/v2\/product_tag?post=834"}],"curies":[{"name":"wp","href":"https:\/\/api.w.org\/{rel}","templated":true}]}}