{"id":833,"date":"2026-04-06T10:26:59","date_gmt":"2026-04-06T10:26:59","guid":{"rendered":"https:\/\/vetexpert.az\/?post_type=product&#038;p=833"},"modified":"2026-04-09T18:33:08","modified_gmt":"2026-04-09T18:33:08","slug":"prolactino-30-tabl","status":"publish","type":"product","link":"https:\/\/vetexpert.az\/az\/index.php\/product\/prolactino-30-tabl\/","title":{"rendered":"ProlactiNO 30 tabl."},"content":{"rendered":"<p>X\u0259yal hamil\u0259liyinin tipik simptomlar\u0131 olan di\u015fi itl\u0259r \u00fc\u00e7\u00fcn haz\u0131rlanm\u0131\u015f, m\u00fcst\u0259qil v\u0259 ya hormonal terapiya il\u0259 birlikd\u0259 istifad\u0259 \u00fc\u00e7\u00fcn haz\u0131rlanm\u0131\u015f \u0259lav\u0259. T\u0259rkibind\u0259ki madd\u0259l\u0259r \u015fi\u015fkinliyin qar\u015f\u0131s\u0131n\u0131 al\u0131r, b\u00fcz\u00fcc\u00fc x\u00fcsusiyy\u0259tl\u0259r g\u00f6st\u0259rir v\u0259 prolaktin ifraz\u0131n\u0131 t\u0259bii olaraq mane\u0259 t\u00f6r\u0259dir. \u0130stid\u0259n sonra, simptomlar ba\u015flamazdan \u0259vv\u0259l v\u0259 ya sonra x\u0259yal hamil\u0259liyi inki\u015faf etdirm\u0259y\u0259 meylli di\u015fi itl\u0259rd\u0259 istifad\u0259 \u00fc\u00e7\u00fcn ideald\u0131r. ProlactiNO, x\u0259yal hamil\u0259liyinin simptomlar\u0131n\u0131 t\u0259hl\u00fck\u0259siz, yum\u015faq, t\u0259bii \u015f\u0259kild\u0259, m\u0259nfi yan t\u0259sirl\u0259rd\u0259n azad \u015f\u0259kild\u0259 aradan qald\u0131r\u0131r.<\/p>\n<p>Chastetree (Vitex agnus-castus L.) b\u0259d\u0259ni prolaktin s\u0259viyy\u0259sinin t\u0259nziml\u0259nm\u0259sind\u0259 d\u0259st\u0259kl\u0259yir. C\u0259f\u0259ri (Petroselium sativum Hoffm.) v\u0259 z\u0259ncirotu (Taraxacum officinale Wiggers) b\u0259d\u0259nd\u0259n su ifraz\u0131n\u0131 art\u0131r\u0131r, h\u0259m\u00e7inin sidik ifraz\u0131n\u0131 v\u0259 madd\u0259l\u0259r m\u00fcbadil\u0259sini d\u0259st\u0259kl\u0259yir. \u015eabal\u0131d (Castanea sativa Mill.) s\u00fcd v\u0259zisinin qan damarlar\u0131n\u0131 daraltma\u011fa k\u00f6m\u0259k edir.<\/p>\n<p><strong>D\u00fczg\u00fcn istifad\u0259 qaydalar\u0131:<\/strong> 4-5-ci h\u0259ft\u0259d\u0259n estrusun sonundan 9-11-ci h\u0259ft\u0259y\u0259 q\u0259d\u0259r h\u0259r g\u00fcn 5 kq b\u0259d\u0259n \u00e7\u0259kisin\u0259 1 tabletd\u0259n d\u0259st\u0259kl\u0259yici \u015f\u0259kild\u0259 istifad\u0259 edin.<\/p>\n<p>Di\u015fi itin hamil\u0259 olmad\u0131\u011f\u0131 t\u0259sdiql\u0259nm\u0259lidir. Yem\u0259kd\u0259n \u0259vv\u0259l v\u0259 ya yem\u0259k zaman\u0131 q\u0259bul edilir. Tabletl\u0259r \u0259zilmi\u015f \u015f\u0259kild\u0259 veril\u0259 bil\u0259r. G\u00fcnd\u0259lik miqdar bir ne\u00e7\u0259 tablet q\u0259bul etm\u0259yi t\u0259min edirs\u0259, onu 2-3 porsiyaya b\u00f6lm\u0259k olar. Di\u015fi itl\u0259rin h\u0259mi\u015f\u0259 t\u0259miz suya \u00e7\u0131x\u0131\u015f\u0131 olmal\u0131d\u0131r.<\/p>\n<p><strong>T\u0259rkibi:<\/strong> 13.1.7 quru c\u0259f\u0259ri k\u00f6k\u00fc (Petroselinum sativum Hoffm.), 2.21.1 xam lesitin, 13.6.4 maqnezium stearat, 11.2.1 maqnezium oksidi.<\/p>\n<p><strong>Hissiyyat \u0259lav\u0259l\u0259ri (q\/kq):<\/strong> 2b yas\u0259m\u0259n a\u011fac\u0131 ekstrakt\u0131 (Vitex agnus-castus L.) 362 q, 2b k\u0259p\u0259n\u0259k k\u00f6k\u00fc b\u0259rk ekstrakt\u0131 (Taraxacum officinale Wiggers) 45 q, 2b \u015fabal\u0131d ekstrakt\u0131 (Castanea sativa Mill.) 36 q.<\/p>\n<p><strong>Texnoloji \u0259lav\u0259l\u0259r (q\/kq):<\/strong> 1E460 mikrokristallik sell\u00fcloza 355 q.<\/p>\n","protected":false},"excerpt":{"rendered":"<div class=\"ft__prod--descTitle pb-2\">\n<div class=\"d-flex ft__prod--sizes fix_sizes_1\">\n<div class=\"pe-3\">M\u0259hsul, di\u015fi itl\u0259rin fizioloji olaraq ba\u015f ver\u0259n yalan\u00e7\u0131 hamil\u0259lik d\u00f6vr\u00fcnd\u0259 istifad\u0259 edilm\u0259si \u00fc\u00e7\u00fcn n\u0259z\u0259rd\u0259 tutulub.<\/div>\n<\/div>\n<\/div>\n","protected":false},"featured_media":850,"comment_status":"open","ping_status":"closed","template":"","meta":[],"product_brand":[],"product_cat":[18],"product_tag":[],"class_list":{"0":"post-833","1":"product","2":"type-product","3":"status-publish","4":"has-post-thumbnail","6":"product_cat-products","8":"first","9":"instock","10":"shipping-taxable","11":"product-type-simple"},"_links":{"self":[{"href":"https:\/\/vetexpert.az\/az\/index.php\/wp-json\/wp\/v2\/product\/833","targetHints":{"allow":["GET"]}}],"collection":[{"href":"https:\/\/vetexpert.az\/az\/index.php\/wp-json\/wp\/v2\/product"}],"about":[{"href":"https:\/\/vetexpert.az\/az\/index.php\/wp-json\/wp\/v2\/types\/product"}],"replies":[{"embeddable":true,"href":"https:\/\/vetexpert.az\/az\/index.php\/wp-json\/wp\/v2\/comments?post=833"}],"wp:featuredmedia":[{"embeddable":true,"href":"https:\/\/vetexpert.az\/az\/index.php\/wp-json\/wp\/v2\/media\/850"}],"wp:attachment":[{"href":"https:\/\/vetexpert.az\/az\/index.php\/wp-json\/wp\/v2\/media?parent=833"}],"wp:term":[{"taxonomy":"product_brand","embeddable":true,"href":"https:\/\/vetexpert.az\/az\/index.php\/wp-json\/wp\/v2\/product_brand?post=833"},{"taxonomy":"product_cat","embeddable":true,"href":"https:\/\/vetexpert.az\/az\/index.php\/wp-json\/wp\/v2\/product_cat?post=833"},{"taxonomy":"product_tag","embeddable":true,"href":"https:\/\/vetexpert.az\/az\/index.php\/wp-json\/wp\/v2\/product_tag?post=833"}],"curies":[{"name":"wp","href":"https:\/\/api.w.org\/{rel}","templated":true}]}}