{"id":830,"date":"2026-04-06T10:26:58","date_gmt":"2026-04-06T10:26:58","guid":{"rendered":"https:\/\/vetexpert.az\/?post_type=product&#038;p=830"},"modified":"2026-04-09T18:26:41","modified_gmt":"2026-04-09T18:26:41","slug":"kalmvet-60-kaps-toff","status":"publish","type":"product","link":"https:\/\/vetexpert.az\/az\/index.php\/product\/kalmvet-60-kaps-toff\/","title":{"rendered":"Kalmvet (60 kaps. toff)"},"content":{"rendered":"<p>M\u0259hsul stress v\u0259 narahatl\u0131\u011f\u0131 azaltmaq \u00fc\u00e7\u00fcn ki\u00e7ik cins itl\u0259r v\u0259 pi\u015fikl\u0259r \u00fc\u00e7\u00fcn t\u00f6vsiy\u0259 olunur. M\u0259hsul rahatlad\u0131c\u0131 t\u0259sir\u0259 malikdir.<\/p>\n<p><strong>D\u00fczg\u00fcn istifad\u0259 qaydalar\u0131:<\/strong><\/p>\n<p>10 kq b\u0259d\u0259n \u00e7\u0259kisin\u0259 q\u0259d\u0259r pi\u015fikl\u0259r v\u0259 itl\u0259r \u2013 g\u00fcnd\u0259 1 kapsul.<\/p>\n<p>10 kq b\u0259d\u0259n \u00e7\u0259kisind\u0259n 25 kq b\u0259d\u0259n \u00e7\u0259kisin\u0259 q\u0259d\u0259r itl\u0259r \u2013 g\u00fcnd\u0259 2 kapsul.<\/p>\n<p>25 kq b\u0259d\u0259n \u00e7\u0259kisind\u0259n yuxar\u0131 itl\u0259r \u2013 g\u00fcnd\u0259 3 kapsul.<\/p>\n<p>Kaps\u00fcl\u00fcn ucu burulmal\u0131 v\u0259 ya k\u0259silm\u0259li, i\u00e7ind\u0259kil\u0259r s\u0131x\u0131lmal\u0131 v\u0259 qida il\u0259 qar\u0131\u015fd\u0131r\u0131lmal\u0131 v\u0259 ya birba\u015fa a\u011f\u0131za verilm\u0259lidir. Heyvanlar\u0131n h\u0259mi\u015f\u0259 t\u0259miz suya \u00e7\u0131x\u0131\u015f\u0131 olmal\u0131d\u0131r.<\/p>\n<p><strong>T\u0259rkibi:<\/strong> 2.20.1 t\u0259mizl\u0259nmi\u015f soya ya\u011f\u0131 maks. Qlisin. (L.) Merr., 13.1.7 qurudulmu\u015f \u00e7obanyast\u0131\u011f\u0131 (Matricaria chamomilla L.), 13.6.3 stearin tur\u015fusu mono-, di- v\u0259 triqliseridl\u0259r, 2.21.1 xam lesitinl\u0259r.<\/p>\n<p><strong>Qida \u0259lav\u0259l\u0259ri (q\/kq):<\/strong> 3c441 L-triptofan 111.1 q.<\/p>\n<p><strong>Hiss \u0259lav\u0259l\u0259ri (q\/kq):<\/strong> 2b valerian k\u00f6k ekstrakt\u0131 (Valeriana officinalis L.) 44.4 q.<\/p>\n","protected":false},"excerpt":{"rendered":"<div class=\"d-flex ft__prod--sizes fix_sizes_1\">\n<div class=\"pe-3\"><span style=\"font-size: 1rem;\">The product is recommended for small breed dogs and cats to reduce stress and anxiety. The product has a relaxing effect.<\/span><\/div>\n<\/div>\n","protected":false},"featured_media":849,"comment_status":"open","ping_status":"closed","template":"","meta":[],"product_brand":[],"product_cat":[18],"product_tag":[],"class_list":{"0":"post-830","1":"product","2":"type-product","3":"status-publish","4":"has-post-thumbnail","6":"product_cat-products","8":"first","9":"instock","10":"shipping-taxable","11":"product-type-simple"},"_links":{"self":[{"href":"https:\/\/vetexpert.az\/az\/index.php\/wp-json\/wp\/v2\/product\/830","targetHints":{"allow":["GET"]}}],"collection":[{"href":"https:\/\/vetexpert.az\/az\/index.php\/wp-json\/wp\/v2\/product"}],"about":[{"href":"https:\/\/vetexpert.az\/az\/index.php\/wp-json\/wp\/v2\/types\/product"}],"replies":[{"embeddable":true,"href":"https:\/\/vetexpert.az\/az\/index.php\/wp-json\/wp\/v2\/comments?post=830"}],"wp:featuredmedia":[{"embeddable":true,"href":"https:\/\/vetexpert.az\/az\/index.php\/wp-json\/wp\/v2\/media\/849"}],"wp:attachment":[{"href":"https:\/\/vetexpert.az\/az\/index.php\/wp-json\/wp\/v2\/media?parent=830"}],"wp:term":[{"taxonomy":"product_brand","embeddable":true,"href":"https:\/\/vetexpert.az\/az\/index.php\/wp-json\/wp\/v2\/product_brand?post=830"},{"taxonomy":"product_cat","embeddable":true,"href":"https:\/\/vetexpert.az\/az\/index.php\/wp-json\/wp\/v2\/product_cat?post=830"},{"taxonomy":"product_tag","embeddable":true,"href":"https:\/\/vetexpert.az\/az\/index.php\/wp-json\/wp\/v2\/product_tag?post=830"}],"curies":[{"name":"wp","href":"https:\/\/api.w.org\/{rel}","templated":true}]}}