{"id":824,"date":"2026-04-06T10:26:58","date_gmt":"2026-04-06T10:26:58","guid":{"rendered":"https:\/\/vetexpert.az\/?post_type=product&#038;p=824"},"modified":"2026-04-09T18:12:51","modified_gmt":"2026-04-09T18:12:51","slug":"geriativet-cat-60-twist-off","status":"publish","type":"product","link":"https:\/\/vetexpert.az\/az\/index.php\/product\/geriativet-cat-60-twist-off\/","title":{"rendered":"GeriatiVet Cat 60 twist off"},"content":{"rendered":"<p>M\u0259hsul 8 ya\u015fdan yuxar\u0131 pi\u015fikl\u0259r \u00fc\u00e7\u00fcn t\u00f6vsiy\u0259 olunur.<\/p>\n<p>M\u0259hsulun t\u0259rkibind\u0259ki madd\u0259l\u0259r kompleksi ya\u015fl\u0131 pi\u015fikl\u0259rin madd\u0259l\u0259r m\u00fcbadil\u0259sini, b\u0259d\u0259nin fiziki f\u0259aliyy\u0259tini v\u0259 canl\u0131l\u0131\u011f\u0131n\u0131, sinir sisteminin d\u00fczg\u00fcn i\u015fl\u0259m\u0259sini d\u0259st\u0259kl\u0259yir, h\u00fcceyr\u0259l\u0259rd\u0259 oksidl\u0259\u015fdirici stressi azald\u0131r, enerji m\u00fcbadil\u0259sini d\u0259st\u0259kl\u0259yir. E vitamininin \u0259lav\u0259 edilm\u0259si d\u0259ri v\u0259 t\u00fckl\u0259rin v\u0259ziyy\u0259tin\u0259 m\u00fcsb\u0259t t\u0259sir g\u00f6st\u0259rir. DL-metionin qatq\u0131s\u0131 sidiyin optimal pH s\u0259viyy\u0259sini d\u0259st\u0259kl\u0259yir.<\/p>\n<p><strong>D\u00fczg\u00fcn istifad\u0259 \u00fc\u00e7\u00fcn t\u0259limat:<\/strong><\/p>\n<p>5 kq b\u0259d\u0259n \u00e7\u0259kisin\u0259 q\u0259d\u0259r pi\u015fikl\u0259r \u2013 g\u00fcnd\u0259 1 kapsul.<\/p>\n<p>5 kq b\u0259d\u0259n \u00e7\u0259kisin\u0259 q\u0259d\u0259r pi\u015fikl\u0259r \u2013 g\u00fcnd\u0259 2 kapsul.<\/p>\n<p>Kaps\u00fcl\u00fcn ucu burulmal\u0131 v\u0259 ya k\u0259silm\u0259li, i\u00e7ind\u0259kil\u0259r s\u0131x\u0131lmal\u0131 v\u0259 qida il\u0259 qar\u0131\u015fd\u0131r\u0131lmal\u0131 v\u0259 ya birba\u015fa a\u011f\u0131za verilm\u0259lidir. Pi\u015fik h\u0259mi\u015f\u0259 t\u0259miz suya \u00e7\u0131x\u0131\u015f\u0131 olmal\u0131d\u0131r.<\/p>\n<p><strong>T\u0259rkibi:<\/strong> 2.20.1 t\u0259mizl\u0259nmi\u015f qara qara\u011fat toxumu ya\u011f\u0131 (Ribes nigrum L.), 13.2.8 heyvan toxumalar\u0131ndan ql\u00fckozamin, 2.21.1 xam lesitinl\u0259r, 13.6.2 qliserin monostearat.<\/p>\n<p><strong>Qida \u0259lav\u0259l\u0259ri (q\/kq):<\/strong> 3a370 taurin 63.8 q, 3c301 DL-metionin 42.6 q, 3a700 E vitamini 5.5 BV, 3a835 B12 vitamini 10.6 mq, 3a880 biotin 2.1 q, 3a825ii vitamini B2 1.10 q, 3a820 vitamini B1 0.4 q, 3a831 vitamini B6 0.4 q.<\/p>\n<p><strong>Hiss \u0259lav\u0259l\u0259ri (q\/kq):<\/strong> 2b adi gicitk\u0259n ekstrakt\u0131 (Urtica dioica L.) 21.3 q.<\/p>\n<p><strong>Texnoloji \u0259lav\u0259l\u0259r (q\/kq):<\/strong> 1E551b kolloid silisium 11.7 q<\/p>\n","protected":false},"excerpt":{"rendered":"<div class=\"d-flex ft__prod--sizes fix_sizes_1\">\n<div class=\"pe-3\">M\u0259hsul 8 ya\u015fdan yuxar\u0131 pi\u015fikl\u0259r \u00fc\u00e7\u00fcn t\u00f6vsiy\u0259 olunur.<\/div>\n<\/div>\n","protected":false},"featured_media":936,"comment_status":"open","ping_status":"closed","template":"","meta":[],"product_brand":[],"product_cat":[18],"product_tag":[],"class_list":{"0":"post-824","1":"product","2":"type-product","3":"status-publish","4":"has-post-thumbnail","6":"product_cat-products","8":"first","9":"instock","10":"shipping-taxable","11":"product-type-simple"},"_links":{"self":[{"href":"https:\/\/vetexpert.az\/az\/index.php\/wp-json\/wp\/v2\/product\/824","targetHints":{"allow":["GET"]}}],"collection":[{"href":"https:\/\/vetexpert.az\/az\/index.php\/wp-json\/wp\/v2\/product"}],"about":[{"href":"https:\/\/vetexpert.az\/az\/index.php\/wp-json\/wp\/v2\/types\/product"}],"replies":[{"embeddable":true,"href":"https:\/\/vetexpert.az\/az\/index.php\/wp-json\/wp\/v2\/comments?post=824"}],"wp:featuredmedia":[{"embeddable":true,"href":"https:\/\/vetexpert.az\/az\/index.php\/wp-json\/wp\/v2\/media\/936"}],"wp:attachment":[{"href":"https:\/\/vetexpert.az\/az\/index.php\/wp-json\/wp\/v2\/media?parent=824"}],"wp:term":[{"taxonomy":"product_brand","embeddable":true,"href":"https:\/\/vetexpert.az\/az\/index.php\/wp-json\/wp\/v2\/product_brand?post=824"},{"taxonomy":"product_cat","embeddable":true,"href":"https:\/\/vetexpert.az\/az\/index.php\/wp-json\/wp\/v2\/product_cat?post=824"},{"taxonomy":"product_tag","embeddable":true,"href":"https:\/\/vetexpert.az\/az\/index.php\/wp-json\/wp\/v2\/product_tag?post=824"}],"curies":[{"name":"wp","href":"https:\/\/api.w.org\/{rel}","templated":true}]}}