{"id":822,"date":"2026-04-06T10:26:58","date_gmt":"2026-04-06T10:26:58","guid":{"rendered":"https:\/\/vetexpert.az\/?post_type=product&#038;p=822"},"modified":"2026-04-09T18:10:44","modified_gmt":"2026-04-09T18:10:44","slug":"eye-cleanser-100-ml","status":"publish","type":"product","link":"https:\/\/vetexpert.az\/az\/index.php\/product\/eye-cleanser-100-ml\/","title":{"rendered":"Eye Cleanser 100 ml"},"content":{"rendered":"<p>H\u0259ddind\u0259n art\u0131q g\u00f6z ya\u015f\u0131 problemi il\u0259 m\u00fcbariz\u0259 aparan itl\u0259rin v\u0259 pi\u015fikl\u0259rin g\u00f6z \u0259traf\u0131ndak\u0131 b\u00f6lg\u0259y\u0259 qulluq \u00fc\u00e7\u00fcn x\u00fcsusi g\u00f6z tonikas\u0131.<br \/>\nM\u0259hsul <strong>F\u0130Z\u0130OLOJ\u0130 DUZ M\u018fHSULUNA<\/strong> \u0259saslan\u0131r v\u0259 t\u0259rkibind\u0259:<\/p>\n<p>N\u0259ml\u0259ndirici t\u0259sir\u0259 malik <strong>H\u0130ALURON TUR\u015eUSU V\u018f S\u00dcD TUR\u015eUS<\/strong>U,<\/p>\n<p><strong>AYI\u011eI MEYV\u018fS\u0130 EKSTRAKTI<\/strong> \u2013 parlaqla\u015fd\u0131r\u0131c\u0131 x\u00fcsusiyy\u0259tl\u0259r\u0259 malik arbutinl\u0259 z\u0259ngindir,<\/p>\n<p>G\u00f6z \u0259traf\u0131ndak\u0131 gigiyenan\u0131 d\u0259st\u0259kl\u0259y\u0259n <strong>BOR TUR\u015eUSU<\/strong> v\u0259 <strong>TR\u0130KLOSAN<\/strong>-\u0131n t\u0259bii ekvivalenti.<\/p>\n<p>T\u0259rkibi prebiotik t\u0259sir\u0259 malik <strong>FRUKTAN<\/strong> ekvivalenti il\u0259 tamamlan\u0131r.<\/p>\n<p>Tonik formulu neytral pH-a \u0259saslan\u0131r, buna g\u00f6r\u0259 d\u0259 h\u0259ssas g\u00f6z b\u00f6lg\u0259l\u0259rini q\u0131c\u0131qland\u0131rm\u0131r. M\u0259hsulda he\u00e7 bir boya yoxdur v\u0259 r\u0259ngi yaln\u0131z t\u0259bii m\u0259n\u015f\u0259li madd\u0259l\u0259rin olmas\u0131 il\u0259 ba\u011fl\u0131d\u0131r v\u0259 bu, m\u0259hsulun keyfiyy\u0259tin\u0259 v\u0259 t\u0259tbiq x\u00fcsusiyy\u0259tl\u0259rin\u0259 t\u0259sir etmir.<\/p>\n<p><strong>D\u00fczg\u00fcn istifad\u0259 qaydalar\u0131:<\/strong> Kosmetik yast\u0131\u011fa az miqdarda maye \u00e7\u0259kin v\u0259 g\u00f6z \u0259traf\u0131ndak\u0131 d\u0259rini yum\u015faq bir \u015f\u0259kild\u0259 silin. G\u00fcnd\u0259 bir, iki d\u0259f\u0259 istifad\u0259 edin. \u0130stifad\u0259 zaman\u0131 preparat\u0131n birba\u015fa g\u00f6zl\u0259r\u0259 d\u00fc\u015fm\u0259sinin qar\u015f\u0131s\u0131n\u0131 almaq \u00fc\u00e7\u00fcn x\u00fcsusi diqq\u0259t yetirilm\u0259lidir.<\/p>\n<p><strong>T\u0259rkibi:<\/strong> Su, Qliserin, Bor tur\u015fusu, Triethanolamine, Natrium Kaproil\/Lauroil Laktilat, Pantenol, Natrium Xlorid, Hidroliz olunmu\u015f Hialuron tur\u015fusu, Trietil Sitrat, Arctostaphylos Uva Ursi Yarpaq Ekstrakt\u0131, Fenoksietanol, Etilheksilqliserin, Fruktan, Butilen Qlikol, S\u00fcd tur\u015fusu.<\/p>\n","protected":false},"excerpt":{"rendered":"<div class=\"d-flex ft__prod--sizes fix_sizes_1\">\n<div class=\"pe-3\">Pi\u015fikl\u0259r v\u0259 itl\u0259r \u00fc\u00e7\u00fcn g\u00f6z tonikas\u0131<\/div>\n<\/div>\n","protected":false},"featured_media":847,"comment_status":"open","ping_status":"closed","template":"","meta":[],"product_brand":[],"product_cat":[18],"product_tag":[],"class_list":{"0":"post-822","1":"product","2":"type-product","3":"status-publish","4":"has-post-thumbnail","6":"product_cat-products","8":"first","9":"instock","10":"shipping-taxable","11":"product-type-simple"},"_links":{"self":[{"href":"https:\/\/vetexpert.az\/az\/index.php\/wp-json\/wp\/v2\/product\/822","targetHints":{"allow":["GET"]}}],"collection":[{"href":"https:\/\/vetexpert.az\/az\/index.php\/wp-json\/wp\/v2\/product"}],"about":[{"href":"https:\/\/vetexpert.az\/az\/index.php\/wp-json\/wp\/v2\/types\/product"}],"replies":[{"embeddable":true,"href":"https:\/\/vetexpert.az\/az\/index.php\/wp-json\/wp\/v2\/comments?post=822"}],"wp:featuredmedia":[{"embeddable":true,"href":"https:\/\/vetexpert.az\/az\/index.php\/wp-json\/wp\/v2\/media\/847"}],"wp:attachment":[{"href":"https:\/\/vetexpert.az\/az\/index.php\/wp-json\/wp\/v2\/media?parent=822"}],"wp:term":[{"taxonomy":"product_brand","embeddable":true,"href":"https:\/\/vetexpert.az\/az\/index.php\/wp-json\/wp\/v2\/product_brand?post=822"},{"taxonomy":"product_cat","embeddable":true,"href":"https:\/\/vetexpert.az\/az\/index.php\/wp-json\/wp\/v2\/product_cat?post=822"},{"taxonomy":"product_tag","embeddable":true,"href":"https:\/\/vetexpert.az\/az\/index.php\/wp-json\/wp\/v2\/product_tag?post=822"}],"curies":[{"name":"wp","href":"https:\/\/api.w.org\/{rel}","templated":true}]}}