{"id":821,"date":"2026-04-06T10:26:58","date_gmt":"2026-04-06T10:26:58","guid":{"rendered":"https:\/\/vetexpert.az\/?post_type=product&#038;p=821"},"modified":"2026-04-09T18:08:32","modified_gmt":"2026-04-09T18:08:32","slug":"diarvet-small-breed-and-cats-6-caps-toff","status":"publish","type":"product","link":"https:\/\/vetexpert.az\/az\/index.php\/product\/diarvet-small-breed-and-cats-6-caps-toff\/","title":{"rendered":"Diarvet Small Breed and Cats (6 caps.toff)"},"content":{"rendered":"<p>Preparat ishalla m\u00fcbariz\u0259ni effektiv v\u0259 d\u0259rhal d\u0259st\u0259kl\u0259yir: ba\u011f\u0131rsaqda suyu ba\u011flay\u0131r v\u0259 n\u0259cisi qat\u0131la\u015fd\u0131r\u0131r, h\u0259zm sistemind\u0259 m\u00f6vcud olan toksinl\u0259ri udur v\u0259 faydal\u0131 probiotik bakteriyalar \u00fc\u00e7\u00fcn qida madd\u0259l\u0259ri t\u0259min edir, mikrobiomu sabitl\u0259\u015fdirir.<\/p>\n<p><strong>BENTON\u0130T<\/strong> \u2013 t\u0259bii t\u0259rkib hiss\u0259si; ba\u011f\u0131rsaq pH-n\u0131 sabitl\u0259\u015fdirir, suyu udur v\u0259 detoksifikasiyaedici x\u00fcsusiyy\u0259tl\u0259r\u0259 malikdir.<\/p>\n<p><strong>K\u0130ND\u0130S \u0130NUL\u0130N\u0130<\/strong> \u2013 prebiotik; ba\u011f\u0131rsaq mikrobiomunu tarazla\u015fd\u0131r\u0131r v\u0259 ba\u011f\u0131rsaq h\u0259r\u0259k\u0259tliliyini t\u0259nziml\u0259m\u0259y\u0259 k\u00f6m\u0259k edir.<\/p>\n<p><strong>ALMA PEKT\u0130N\u0130<\/strong> \u2013 suda h\u0259ll olan lif, suda h\u0259ll olan lif.<\/p>\n<p><strong>TANN\u0130NL\u018fR<\/strong> \u2013 b\u00fcz\u00fcc\u00fc x\u00fcsusiyy\u0259tl\u0259r\u0259 malikdir, n\u0259cisin mayeliyini azald\u0131r.<\/p>\n<p><strong>A V\u0130TAM\u0130N\u0130<\/strong> \u2013 ba\u011f\u0131rsaq epitel h\u00fcceyr\u0259l\u0259rinin b\u0259rpas\u0131n\u0131 d\u0259st\u0259kl\u0259yir.<\/p>\n<p><strong>S\u0130NK OKS\u0130D<\/strong> \u2013 b\u00fcz\u00fcc\u00fc x\u00fcsusiyy\u0259tl\u0259r\u0259 malikdir v\u0259 ba\u011f\u0131rsaq epitel h\u00fcceyr\u0259l\u0259rinin b\u0259rpas\u0131na k\u00f6m\u0259k edir.<\/p>\n<p><strong>D\u00fczg\u00fcn istifad\u0259 qaydalar\u0131:<\/strong><\/p>\n<p>Pi\u015fikl\u0259r \u2013 g\u00fcnd\u0259 1 kapsul.<br \/>\nK\u00f6p\u0259kl\u0259r \u2013 g\u00fcnd\u0259 5 kq b\u0259d\u0259n \u00e7\u0259kisi \u00fc\u00e7\u00fcn 1 kapsul.<\/p>\n<p><strong>T\u0259rkibi:<\/strong> t\u0259mizl\u0259nmi\u015f soya ya\u011f\u0131 (Glycine max (L.) Merr.), hindibadan inulin (Cichorium intybus L.), xam lesitin, qliseril monostearat, qurudulmu\u015f amla meyv\u0259si (Emblica officinalis), alma pektin.<\/p>\n<p><strong>P\u0259hriz \u0259lav\u0259l\u0259ri (kq \u00fc\u00e7\u00fcn):<\/strong> A vitamini 94,250 BV, sink oksidi 1,4 q.<\/p>\n<p><strong>Texnoloji \u0259lav\u0259l\u0259r (ba\u011flay\u0131c\u0131 madd\u0259l\u0259r) (kq \u00fc\u00e7\u00fcn):<\/strong> bentonit 120,5 q<\/p>\n","protected":false},"excerpt":{"rendered":"<div class=\"d-flex ft__prod--sizes fix_sizes_1\">\n<div class=\"pe-3\">Preparat davaml\u0131 v\u0259 ya a\u011f\u0131r ishal olan pi\u015fikl\u0259r v\u0259 ki\u00e7ik it cinsl\u0259ri \u00fc\u00e7\u00fcn n\u0259z\u0259rd\u0259 tutulub.<\/div>\n<\/div>\n","protected":false},"featured_media":1030,"comment_status":"open","ping_status":"closed","template":"","meta":[],"product_brand":[],"product_cat":[18],"product_tag":[],"class_list":{"0":"post-821","1":"product","2":"type-product","3":"status-publish","4":"has-post-thumbnail","6":"product_cat-products","8":"first","9":"instock","10":"shipping-taxable","11":"product-type-simple"},"_links":{"self":[{"href":"https:\/\/vetexpert.az\/az\/index.php\/wp-json\/wp\/v2\/product\/821","targetHints":{"allow":["GET"]}}],"collection":[{"href":"https:\/\/vetexpert.az\/az\/index.php\/wp-json\/wp\/v2\/product"}],"about":[{"href":"https:\/\/vetexpert.az\/az\/index.php\/wp-json\/wp\/v2\/types\/product"}],"replies":[{"embeddable":true,"href":"https:\/\/vetexpert.az\/az\/index.php\/wp-json\/wp\/v2\/comments?post=821"}],"wp:featuredmedia":[{"embeddable":true,"href":"https:\/\/vetexpert.az\/az\/index.php\/wp-json\/wp\/v2\/media\/1030"}],"wp:attachment":[{"href":"https:\/\/vetexpert.az\/az\/index.php\/wp-json\/wp\/v2\/media?parent=821"}],"wp:term":[{"taxonomy":"product_brand","embeddable":true,"href":"https:\/\/vetexpert.az\/az\/index.php\/wp-json\/wp\/v2\/product_brand?post=821"},{"taxonomy":"product_cat","embeddable":true,"href":"https:\/\/vetexpert.az\/az\/index.php\/wp-json\/wp\/v2\/product_cat?post=821"},{"taxonomy":"product_tag","embeddable":true,"href":"https:\/\/vetexpert.az\/az\/index.php\/wp-json\/wp\/v2\/product_tag?post=821"}],"curies":[{"name":"wp","href":"https:\/\/api.w.org\/{rel}","templated":true}]}}