{"id":818,"date":"2026-04-06T10:26:58","date_gmt":"2026-04-06T10:26:58","guid":{"rendered":"https:\/\/vetexpert.az\/?post_type=product&#038;p=818"},"modified":"2026-04-09T18:01:33","modified_gmt":"2026-04-09T18:01:33","slug":"cardiovet-90-tabl","status":"publish","type":"product","link":"https:\/\/vetexpert.az\/az\/index.php\/product\/cardiovet-90-tabl\/","title":{"rendered":"Cardiovet 90 tabl"},"content":{"rendered":"<p>M\u0259hsul itl\u0259rin \u00fcr\u0259yin v\u0259 \u00fcr\u0259k-damar sisteminin d\u00fczg\u00fcn funksiyas\u0131n\u0131 d\u0259st\u0259kl\u0259m\u0259si \u00fc\u00e7\u00fcn t\u00f6vsiy\u0259 olunur. \u00dcr\u0259k \u0259z\u0259l\u0259sinin funksiyas\u0131n\u0131 art\u0131ran y\u00fcks\u0259k konsentrasiyal\u0131 madd\u0259l\u0259r ehtiva edir. CardioVet \u00fcr\u0259k d\u0259rmanlar\u0131 il\u0259 birlikd\u0259 v\u0259 ya y\u00fcng\u00fcl poz\u011funluqlar hal\u0131nda \u00fcr\u0259k funksiyas\u0131n\u0131 d\u0259st\u0259kl\u0259m\u0259k \u00fc\u00e7\u00fcn t\u0259bii \u0259lav\u0259 kimi q\u0259bul edil\u0259 bil\u0259r.<\/p>\n<p><strong>L-KARNIT\u0130N<\/strong> ya\u011flar\u0131n metabolizmas\u0131 \u00fc\u00e7\u00fcn vacib olan bir amin tur\u015fusudur. Enerji istehsal\u0131nda m\u00fch\u00fcm rol oynay\u0131r v\u0259 \u00fcr\u0259k \u0259z\u0259l\u0259sinin funksiyas\u0131n\u0131 yax\u015f\u0131la\u015fd\u0131rma\u011fa k\u00f6m\u0259k ed\u0259 bil\u0259r. \u00dcr\u0259k x\u0259st\u0259liyi olan itl\u0259rd\u0259 L-karnitin \u0259lav\u0259sinin m\u0259\u015fq tolerantl\u0131\u011f\u0131n\u0131 v\u0259 \u00fcr\u0259k funksiyas\u0131n\u0131 yax\u015f\u0131la\u015fd\u0131rd\u0131\u011f\u0131 g\u00f6st\u0259rilmi\u015fdir.<\/p>\n<p><strong>TAUR\u0130N<\/strong> \u00fcr\u0259yin v\u0259 g\u00f6zl\u0259rin sa\u011flaml\u0131\u011f\u0131 \u00fc\u00e7\u00fcn vacib olan bir amin tur\u015fusudur. X\u00fcsusil\u0259 itl\u0259r \u00fc\u00e7\u00fcn vacibdir, \u00e7\u00fcnki onlar taurini sintez ed\u0259 bilmirl\u0259r. \u018flav\u0259nin \u00fcr\u0259k funksiyas\u0131n\u0131 yax\u015f\u0131la\u015fd\u0131rd\u0131\u011f\u0131 v\u0259 itl\u0259rd\u0259 \u00fcr\u0259k x\u0259st\u0259liyi riskini azaltd\u0131\u011f\u0131 g\u00f6st\u0259rilmi\u015fdir.<\/p>\n<p><strong>E V\u0130TAM\u0130N\u0130,<\/strong> \u00fcr\u0259k h\u00fcceyr\u0259l\u0259ri d\u0259 daxil olmaqla, b\u0259d\u0259nd\u0259ki h\u00fcceyr\u0259l\u0259ri s\u0259rb\u0259st radikallar\u0131n yaratd\u0131\u011f\u0131 z\u0259r\u0259rd\u0259n qoruma\u011fa k\u00f6m\u0259k ed\u0259n bir antioksidantd\u0131r. O, h\u0259m\u00e7inin immun sisteminin funksiyas\u0131n\u0131 yax\u015f\u0131la\u015fd\u0131rma\u011fa v\u0259 \u00fcmumi sa\u011flaml\u0131\u011f\u0131 d\u0259st\u0259kl\u0259m\u0259y\u0259 k\u00f6m\u0259k ed\u0259 bil\u0259r.<\/p>\n<p><strong>D\u00fczg\u00fcn istifad\u0259 qaydalar\u0131:<\/strong> G\u00fcnd\u0259 iki d\u0259f\u0259 15 kq b\u0259d\u0259n \u00e7\u0259kisin\u0259 1 tablet.<\/p>\n<p>Yem\u0259kd\u0259n \u0259vv\u0259l v\u0259 ya yem\u0259k zaman\u0131 q\u0259bul edilir. Tabletl\u0259r \u0259zilmi\u015f \u015f\u0259kild\u0259 q\u0259bul edil\u0259 bil\u0259r. G\u00fcnd\u0259lik doza bir ne\u00e7\u0259 tabletin q\u0259bulunu t\u0259min edirs\u0259, onu 2-3 porsiyaya b\u00f6lm\u0259k olar.<\/p>\n<p><strong>T\u0259rkibi:<\/strong> 13.6.4 maqnezium stearat, 12.1.5 selenium mayas\u0131.<\/p>\n<p><strong>Qida \u0259lav\u0259l\u0259ri (q\/kq):<\/strong> 3a911 L-karnitin L-tartrat 428.6 q, 3a370 taurin 158.7 q, 3a700 E vitamini 47.600 BV.<\/p>\n<p><strong>Texnoloji \u0259lav\u0259l\u0259r (q\/kq):<\/strong> 1E460 mikrokristal sell\u00fcloza 285.7 q<\/p>\n","protected":false},"excerpt":{"rendered":"<div class=\"d-flex ft__prod--sizes fix_sizes_1\">\n<div class=\"pe-3\">M\u0259hsul itl\u0259rin \u00fcr\u0259yin v\u0259 \u00fcr\u0259k-damar sisteminin d\u00fczg\u00fcn funksiyas\u0131n\u0131 d\u0259st\u0259kl\u0259m\u0259si \u00fc\u00e7\u00fcn t\u00f6vsiy\u0259 olunur.<\/div>\n<\/div>\n","protected":false},"featured_media":844,"comment_status":"open","ping_status":"closed","template":"","meta":[],"product_brand":[],"product_cat":[18],"product_tag":[],"class_list":{"0":"post-818","1":"product","2":"type-product","3":"status-publish","4":"has-post-thumbnail","6":"product_cat-products","8":"first","9":"instock","10":"shipping-taxable","11":"product-type-simple"},"_links":{"self":[{"href":"https:\/\/vetexpert.az\/az\/index.php\/wp-json\/wp\/v2\/product\/818","targetHints":{"allow":["GET"]}}],"collection":[{"href":"https:\/\/vetexpert.az\/az\/index.php\/wp-json\/wp\/v2\/product"}],"about":[{"href":"https:\/\/vetexpert.az\/az\/index.php\/wp-json\/wp\/v2\/types\/product"}],"replies":[{"embeddable":true,"href":"https:\/\/vetexpert.az\/az\/index.php\/wp-json\/wp\/v2\/comments?post=818"}],"wp:featuredmedia":[{"embeddable":true,"href":"https:\/\/vetexpert.az\/az\/index.php\/wp-json\/wp\/v2\/media\/844"}],"wp:attachment":[{"href":"https:\/\/vetexpert.az\/az\/index.php\/wp-json\/wp\/v2\/media?parent=818"}],"wp:term":[{"taxonomy":"product_brand","embeddable":true,"href":"https:\/\/vetexpert.az\/az\/index.php\/wp-json\/wp\/v2\/product_brand?post=818"},{"taxonomy":"product_cat","embeddable":true,"href":"https:\/\/vetexpert.az\/az\/index.php\/wp-json\/wp\/v2\/product_cat?post=818"},{"taxonomy":"product_tag","embeddable":true,"href":"https:\/\/vetexpert.az\/az\/index.php\/wp-json\/wp\/v2\/product_tag?post=818"}],"curies":[{"name":"wp","href":"https:\/\/api.w.org\/{rel}","templated":true}]}}