{"id":817,"date":"2026-04-06T10:26:58","date_gmt":"2026-04-06T10:26:58","guid":{"rendered":"https:\/\/vetexpert.az\/?post_type=product&#038;p=817"},"modified":"2026-04-09T17:59:31","modified_gmt":"2026-04-09T17:59:31","slug":"cardioone-90tbl","status":"publish","type":"product","link":"https:\/\/vetexpert.az\/az\/index.php\/product\/cardioone-90tbl\/","title":{"rendered":"Cardioone 90TBL."},"content":{"rendered":"<p>Pi\u015fikl\u0259rin v\u0259 itl\u0259rin qida balans\u0131n\u0131 yax\u015f\u0131la\u015fd\u0131rmaq v\u0259 x\u0259st\u0259lik v\u0259 ya \u0259m\u0259liyyatdan sonra onlar\u0131n sa\u011falmas\u0131na k\u00f6m\u0259k etm\u0259k \u00fc\u00e7\u00fcn haz\u0131rlanm\u0131\u015f yem \u0259lav\u0259si. Bu yem y\u00fcks\u0259k enerji s\u0131xl\u0131\u011f\u0131na, \u0259sas qida madd\u0259l\u0259rinin y\u00fcks\u0259k konsentrasiyas\u0131na v\u0259 y\u00fcks\u0259k h\u0259zm qabiliyy\u0259tin\u0259 malikdir. T\u0259rkibi: Koenzim Q10, Kartof, Dekstroza, \u0130\u015fl\u0259nmi\u015f heyvan z\u00fclal\u0131, Maqnezium Stearat, Karbohidratlar (Y\u00fcks\u0259k h\u0259zm olunur). \u018flav\u0259l\u0259r\/kq: Vitaminl\u0259r v\u0259 provitaminl\u0259r \u2013 3a911 L-karnitin L-tartrat 559,230 mq, 3a370 Taurin 172,700 mq, 3a700 Vitamin E 58,500 mq, Texnoloji \u018flav\u0259l\u0259r \u2013 E460 Mikrokristalin mq0.0.0. Analitik komponentl\u0259r (%): Xam protein 39,71%, xam k\u00fcl 1,20%, xam ya\u011f 2,20%, xam lif 15,78%, n\u0259mlik 1,29%, Enerji d\u0259y\u0259ri: ME 2184 kkal\/kq. Qidalanma qaydalar\u0131: \u0130stifad\u0259d\u0259n \u0259vv\u0259l v\u0259 istifad\u0259 m\u00fcdd\u0259tini uzatmazdan \u0259vv\u0259l baytarla m\u0259sl\u0259h\u0259tl\u0259\u015fm\u0259k m\u0259sl\u0259h\u0259tdir. T\u00f6vsiy\u0259 olunan istifad\u0259 m\u00fcdd\u0259ti: 15 kq-a q\u0259d\u0259r \u00e7\u0259kisi olan itl\u0259r \u00fc\u00e7\u00fcn tam sa\u011falana q\u0259d\u0259r g\u00fcnd\u0259 2 d\u0259f\u0259 2 tablet verin. 40 kq-dan \u00e7ox \u00e7\u0259kisi olan itl\u0259r \u00fc\u00e7\u00fcn baytar h\u0259kim dozan\u0131 art\u0131ra bil\u0259r. Pi\u015fikl\u0259r \u00fc\u00e7\u00fcn g\u00fcnd\u0259 iki d\u0259f\u0259 pi\u015fik ba\u015f\u0131na yar\u0131m v\u0259 ya d\u00f6rdd\u0259 bir tablet verin. Heyvan \u00fc\u00e7\u00fcn h\u0259mi\u015f\u0259 t\u0259miz su olmal\u0131d\u0131r. Saxlama \u015f\u0259raiti: Quru yerd\u0259 otaq temperaturunda saxlay\u0131n. Birba\u015fa g\u00fcn\u0259\u015f i\u015f\u0131\u011f\u0131ndan v\u0259 n\u0259md\u0259n qoruyun. U\u015faqlar\u0131n v\u0259 heyvanlar\u0131n \u0259li \u00e7atmayan yerd\u0259 saxlay\u0131n.<\/p>\n","protected":false},"excerpt":{"rendered":"<div class=\"ft__prod--descTitle pb-2\">\n<div class=\"woocommerce-product-details__short-description\">\n<div class=\"ft__prod--descTitle pb-2\"><\/div>\n<div class=\"ft__prod--desc pt-4\">\n<div class=\"ft__prod--desc pt-4\"><\/div>\n<\/div>\n<\/div>\n<\/div>\n","protected":false},"featured_media":946,"comment_status":"open","ping_status":"closed","template":"","meta":[],"product_brand":[],"product_cat":[18],"product_tag":[],"class_list":{"0":"post-817","1":"product","2":"type-product","3":"status-publish","4":"has-post-thumbnail","6":"product_cat-products","8":"first","9":"instock","10":"shipping-taxable","11":"product-type-simple"},"_links":{"self":[{"href":"https:\/\/vetexpert.az\/az\/index.php\/wp-json\/wp\/v2\/product\/817","targetHints":{"allow":["GET"]}}],"collection":[{"href":"https:\/\/vetexpert.az\/az\/index.php\/wp-json\/wp\/v2\/product"}],"about":[{"href":"https:\/\/vetexpert.az\/az\/index.php\/wp-json\/wp\/v2\/types\/product"}],"replies":[{"embeddable":true,"href":"https:\/\/vetexpert.az\/az\/index.php\/wp-json\/wp\/v2\/comments?post=817"}],"wp:featuredmedia":[{"embeddable":true,"href":"https:\/\/vetexpert.az\/az\/index.php\/wp-json\/wp\/v2\/media\/946"}],"wp:attachment":[{"href":"https:\/\/vetexpert.az\/az\/index.php\/wp-json\/wp\/v2\/media?parent=817"}],"wp:term":[{"taxonomy":"product_brand","embeddable":true,"href":"https:\/\/vetexpert.az\/az\/index.php\/wp-json\/wp\/v2\/product_brand?post=817"},{"taxonomy":"product_cat","embeddable":true,"href":"https:\/\/vetexpert.az\/az\/index.php\/wp-json\/wp\/v2\/product_cat?post=817"},{"taxonomy":"product_tag","embeddable":true,"href":"https:\/\/vetexpert.az\/az\/index.php\/wp-json\/wp\/v2\/product_tag?post=817"}],"curies":[{"name":"wp","href":"https:\/\/api.w.org\/{rel}","templated":true}]}}