{"id":816,"date":"2026-04-06T10:26:58","date_gmt":"2026-04-06T10:26:58","guid":{"rendered":"https:\/\/vetexpert.az\/?post_type=product&#038;p=816"},"modified":"2026-04-09T17:58:04","modified_gmt":"2026-04-09T17:58:04","slug":"bioprotect-60-kaps","status":"publish","type":"product","link":"https:\/\/vetexpert.az\/az\/index.php\/product\/bioprotect-60-kaps\/","title":{"rendered":"Bioprotect (60 kaps.)"},"content":{"rendered":"<p>M\u0259hsul, m\u0259d\u0259-ba\u011f\u0131rsaq mikrobiotas\u0131n\u0131n d\u00fczg\u00fcn funksiyas\u0131n\u0131 d\u0259st\u0259kl\u0259m\u0259k \u00fc\u00e7\u00fcn itl\u0259r v\u0259 pi\u015fikl\u0259r \u00fc\u00e7\u00fcn t\u00f6vsiy\u0259 olunur.<\/p>\n<p><strong>ENTEROCOCCUS FAECIUM, LACTOBACILLUS ACIDOPHILUS<\/strong> \u2013 h\u0259zm sistemind\u0259 ya\u015fayan mikrofloran\u0131n optimalla\u015fd\u0131r\u0131lmas\u0131na birba\u015fa v\u0259 dolay\u0131 yolla t\u0259sir g\u00f6st\u0259rir. Birba\u015fa \u2013 faydal\u0131 bakteriyalar\u0131n \u00fcst\u00fcnl\u00fck t\u0259\u015fkil ed\u0259n b\u00f6y\u00fcm\u0259si v\u0259 patogen bakteriyalar\u0131n b\u00f6y\u00fcm\u0259sini m\u0259hdudla\u015fd\u0131rmas\u0131 n\u0259tic\u0259sind\u0259 v\u0259 dolay\u0131 yolla \u2013 ba\u011f\u0131rsaq epitel h\u00fcceyr\u0259l\u0259ri il\u0259 qar\u015f\u0131l\u0131ql\u0131 t\u0259sir v\u0259 ba\u011f\u0131rsaq epitel immun sistemi vasit\u0259sil\u0259.<\/p>\n<p><strong>FRUKTOOL\u0130QOSAKHARIDL\u018fR (FOS) E.<\/strong> faecium, L. acidophilus-un b\u00f6y\u00fcm\u0259sini stimulla\u015fd\u0131r\u0131r v\u0259 ba\u011f\u0131rsaq pH-\u0131na t\u0259sir g\u00f6st\u0259rir, Clostridium perfringens, Escherichia coli, Salmonella enterica \u00fc\u00e7\u00fcn \u0259lveri\u015fsiz \u015f\u0259rait yarad\u0131r.<\/p>\n<p><strong>MANNANOLIGOSAKHARIDL\u018fR (MOS):<\/strong> patogen bakteriyalar\u0131n kolonizasiyas\u0131n\u0131 azald\u0131r, Escherichia coli populyasiyas\u0131n\u0131 azald\u0131r v\u0259 Lactobacillus sp.-nin b\u00f6y\u00fcm\u0259sini stimulla\u015fd\u0131r\u0131r. v\u0259 Bifidobacterium sp. spesifik v\u0259 qeyri-spesifik immunitet mexanizml\u0259rini stimulla\u015fd\u0131r\u0131r.<\/p>\n<p>D\u00fczg\u00fcn istifad\u0259 \u00fc\u00e7\u00fcn t\u0259limat: g\u00fcnd\u0259 1-2 kapsul.<\/p>\n<p>Kaps\u00fcll\u0259r birba\u015fa a\u011f\u0131za v\u0259 ya t\u0259rkibind\u0259ki madd\u0259l\u0259r qida il\u0259 qar\u0131\u015fd\u0131r\u0131laraq q\u0259bul edil\u0259 bil\u0259r. Heyvanlar\u0131n h\u0259mi\u015f\u0259 t\u0259miz suya \u00e7\u0131x\u0131\u015f\u0131 olmal\u0131d\u0131r.<\/p>\n<p><strong>T\u0259rkibi:<\/strong> 12.1.5 maya (MOS), 13.2.11 frukto-oliqosaxaridl\u0259r (FOS), 13.6.4 maqnezium stearat.<\/p>\n<p><strong>Zootexniki \u0259lav\u0259l\u0259r (kapsul ba\u015f\u0131na):<\/strong> 4b1707 Enterococcus faecium 25 mq (2.5 x 109 CFU), 4b1715 Lactobacillus acidophilus 25 mq (2.5 x 109 CFU).<\/p>\n<p><strong>Texnoloji \u0259lav\u0259l\u0259r (kapsul ba\u015f\u0131na):<\/strong> 1E460 mikrokristal sell\u00fcloza 138 mq, 1E551b kolloid silisium 4 mq.<\/p>\n","protected":false},"excerpt":{"rendered":"<div class=\"d-flex ft__prod--sizes fix_sizes_1\">\n<div class=\"pe-3\">\n<p>M\u0259hsul, m\u0259d\u0259-ba\u011f\u0131rsaq mikrobiotafloras\u0131n\u0131n d\u00fczg\u00fcn funksiyas\u0131n\u0131 d\u0259st\u0259kl\u0259m\u0259k \u00fc\u00e7\u00fcn itl\u0259r v\u0259 pi\u015fikl\u0259r \u00fc\u00e7\u00fcn t\u00f6vsiy\u0259 olunur.<\/p>\n<\/div>\n<\/div>\n","protected":false},"featured_media":843,"comment_status":"open","ping_status":"closed","template":"","meta":[],"product_brand":[],"product_cat":[18],"product_tag":[],"class_list":{"0":"post-816","1":"product","2":"type-product","3":"status-publish","4":"has-post-thumbnail","6":"product_cat-products","8":"first","9":"instock","10":"shipping-taxable","11":"product-type-simple"},"_links":{"self":[{"href":"https:\/\/vetexpert.az\/az\/index.php\/wp-json\/wp\/v2\/product\/816","targetHints":{"allow":["GET"]}}],"collection":[{"href":"https:\/\/vetexpert.az\/az\/index.php\/wp-json\/wp\/v2\/product"}],"about":[{"href":"https:\/\/vetexpert.az\/az\/index.php\/wp-json\/wp\/v2\/types\/product"}],"replies":[{"embeddable":true,"href":"https:\/\/vetexpert.az\/az\/index.php\/wp-json\/wp\/v2\/comments?post=816"}],"wp:featuredmedia":[{"embeddable":true,"href":"https:\/\/vetexpert.az\/az\/index.php\/wp-json\/wp\/v2\/media\/843"}],"wp:attachment":[{"href":"https:\/\/vetexpert.az\/az\/index.php\/wp-json\/wp\/v2\/media?parent=816"}],"wp:term":[{"taxonomy":"product_brand","embeddable":true,"href":"https:\/\/vetexpert.az\/az\/index.php\/wp-json\/wp\/v2\/product_brand?post=816"},{"taxonomy":"product_cat","embeddable":true,"href":"https:\/\/vetexpert.az\/az\/index.php\/wp-json\/wp\/v2\/product_cat?post=816"},{"taxonomy":"product_tag","embeddable":true,"href":"https:\/\/vetexpert.az\/az\/index.php\/wp-json\/wp\/v2\/product_tag?post=816"}],"curies":[{"name":"wp","href":"https:\/\/api.w.org\/{rel}","templated":true}]}}