{"id":815,"date":"2026-04-06T10:26:57","date_gmt":"2026-04-06T10:26:57","guid":{"rendered":"https:\/\/vetexpert.az\/?post_type=product&#038;p=815"},"modified":"2026-04-09T17:55:48","modified_gmt":"2026-04-09T17:55:48","slug":"benzoic-shampoo-250-ml","status":"publish","type":"product","link":"https:\/\/vetexpert.az\/az\/index.php\/product\/benzoic-shampoo-250-ml\/","title":{"rendered":"Benzoic Shampoo 250 ml"},"content":{"rendered":"<p>\u015eampun q\u0131c\u0131qlanmaya, allergiyaya, h\u0259ddind\u0259n art\u0131q qurulu\u011fa v\u0259 ya dig\u0259r \u015fampunlara qar\u015f\u0131 d\u00f6z\u00fcms\u00fczl\u00fcy\u0259 meylli d\u0259ri \u00fc\u00e7\u00fcn n\u0259z\u0259rd\u0259 tutulub (bakterial infeksiyalar\u0131n olmas\u0131).<\/p>\n<p>T\u0259rkibind\u0259 \u00e7ox <strong>YUM\u015eAQ S\u00dcRFAKTANLAR V\u018f YUM\u015eALDICILAR,<\/strong> el\u0259c\u0259 d\u0259 d\u0259rinin elastikliyini art\u0131ran v\u0259 h\u0259ddind\u0259n art\u0131q qurulu\u011fun qar\u015f\u0131s\u0131n\u0131 alan bir s\u0131ra <strong>YUM\u015eALDICI V\u018f N\u018fML\u018fND\u0130R\u0130C\u0130 VAS\u0130T\u018fL\u018fR<\/strong> var.<\/p>\n<p>ALLANTOIN \u00f6l\u00fc epidermal h\u00fcceyr\u0259l\u0259ri yum\u015faq bir \u015f\u0259kild\u0259 a\u015f\u0131nd\u0131raraq d\u0259rinin \u00f6z\u00fcn\u00fc t\u0259mizl\u0259m\u0259 x\u00fcsusiyy\u0259tl\u0259rini art\u0131ran keratolitik v\u0259 b\u0259rpaedici t\u0259sirl\u0259r\u0259 malikdir.<\/p>\n<p><strong>PANTENOL<\/strong> regenerasiyan\u0131 s\u00fcr\u0259tl\u0259ndirir v\u0259 z\u0259d\u0259l\u0259nm\u0259nin b\u0259rpas\u0131n\u0131 d\u0259st\u0259kl\u0259yir.<\/p>\n<p><strong>BENZOIL PEROKS\u0130D<\/strong> \u2013 oksidl\u0259\u015fdirici x\u00fcsusiyy\u0259tl\u0259r\u0259 malik bir madd\u0259dir v\u0259 bel\u0259likl\u0259, iltihab \u0259leyhin\u0259 v\u0259 antibakterial (\u0259sas\u0259n anaerob bakteriyalar) v\u0259 keratolitik t\u0259sir g\u00f6st\u0259rir, y\u0259ni \u00f6l\u00fc d\u0259ri h\u00fcceyr\u0259l\u0259rinin a\u015f\u0131nmas\u0131na s\u0259b\u0259b olur. Eyni zamanda qa\u015f\u0131nman\u0131 azald\u0131r, t\u0259tbiq sah\u0259sini qurudur, kollagen v\u0259 qranulyasiya sintezini stimulla\u015fd\u0131r\u0131r ki, bu da yaralar\u0131n sa\u011falmas\u0131n\u0131 s\u00fcr\u0259tl\u0259ndirir.<\/p>\n<p><strong>D\u00fczg\u00fcn istifad\u0259 qaydalar\u0131:<\/strong> Sa\u00e7\u0131n\u0131z\u0131 il\u0131q su il\u0259 islad\u0131n, sa\u00e7\u0131n\u0131za az miqdarda \u015fampun \u00e7\u0259kin, k\u00f6p\u00fcy\u00fc haz\u0131rlay\u0131n, t\u0259xmin\u0259n 5 d\u0259qiq\u0259 masaj edin. G\u00f6zl\u0259ri v\u0259 qulaqlar\u0131 m\u0259hsuldan qoruyun; diqq\u0259tl\u0259 yuyun. Laz\u0131m g\u0259l\u0259rs\u0259, m\u00fcalic\u0259ni t\u0259krarlay\u0131n.<\/p>\n<p><strong>T\u0259rkibi:<\/strong> Su, Natrium Lauroil Sarkozinat, Qliserin, Kokamidopropil Betain, PEG-8, Ksantan Saqq\u0131z\u0131, Benzoil Peroksid, Polisorbat 20, Natrium Xlorid, Pantenol, Natrium Nitrat, Metilxloroizotiazolinon, Metilizotiazolinon, Stirol\/VP Kopolimeri, Sorbin Tur\u015fusu, Natrium Dodoksinol-40 Sulfat, Limon Tur\u015fusu, \u018ftir.<\/p>\n","protected":false},"excerpt":{"rendered":"<div class=\"ft__prod--descTitle pb-2\">\u015eampun q\u0131c\u0131qlanmaya, allergiyaya, h\u0259ddind\u0259n art\u0131q qurulu\u011fa v\u0259 ya dig\u0259r \u015fampunlara qar\u015f\u0131 d\u00f6z\u00fcms\u00fczl\u00fcy\u0259 meylli d\u0259ri \u00fc\u00e7\u00fcn n\u0259z\u0259rd\u0259 tutulub.<br \/>\nKateqoriya: M\u0259hsullar<\/div>\n","protected":false},"featured_media":1026,"comment_status":"open","ping_status":"closed","template":"","meta":[],"product_brand":[],"product_cat":[18],"product_tag":[],"class_list":{"0":"post-815","1":"product","2":"type-product","3":"status-publish","4":"has-post-thumbnail","6":"product_cat-products","8":"first","9":"instock","10":"shipping-taxable","11":"product-type-simple"},"_links":{"self":[{"href":"https:\/\/vetexpert.az\/az\/index.php\/wp-json\/wp\/v2\/product\/815","targetHints":{"allow":["GET"]}}],"collection":[{"href":"https:\/\/vetexpert.az\/az\/index.php\/wp-json\/wp\/v2\/product"}],"about":[{"href":"https:\/\/vetexpert.az\/az\/index.php\/wp-json\/wp\/v2\/types\/product"}],"replies":[{"embeddable":true,"href":"https:\/\/vetexpert.az\/az\/index.php\/wp-json\/wp\/v2\/comments?post=815"}],"wp:featuredmedia":[{"embeddable":true,"href":"https:\/\/vetexpert.az\/az\/index.php\/wp-json\/wp\/v2\/media\/1026"}],"wp:attachment":[{"href":"https:\/\/vetexpert.az\/az\/index.php\/wp-json\/wp\/v2\/media?parent=815"}],"wp:term":[{"taxonomy":"product_brand","embeddable":true,"href":"https:\/\/vetexpert.az\/az\/index.php\/wp-json\/wp\/v2\/product_brand?post=815"},{"taxonomy":"product_cat","embeddable":true,"href":"https:\/\/vetexpert.az\/az\/index.php\/wp-json\/wp\/v2\/product_cat?post=815"},{"taxonomy":"product_tag","embeddable":true,"href":"https:\/\/vetexpert.az\/az\/index.php\/wp-json\/wp\/v2\/product_tag?post=815"}],"curies":[{"name":"wp","href":"https:\/\/api.w.org\/{rel}","templated":true}]}}