{"id":814,"date":"2026-04-06T10:26:57","date_gmt":"2026-04-06T10:26:57","guid":{"rendered":"https:\/\/vetexpert.az\/?post_type=product&#038;p=814"},"modified":"2026-04-09T17:53:47","modified_gmt":"2026-04-09T17:53:47","slug":"arthrovet-large-breed-90-tabl","status":"publish","type":"product","link":"https:\/\/vetexpert.az\/az\/index.php\/product\/arthrovet-large-breed-90-tabl\/","title":{"rendered":"ArthroVet Large breed (90 tabl.)"},"content":{"rendered":"<p>M\u0259hsul itl\u0259r v\u0259 pi\u015fikl\u0259r \u00fc\u00e7\u00fcn oynaq q\u0131\u011f\u0131rdaqlar\u0131n\u0131n v\u0259 oynaqlar\u0131n\u0131n d\u00fczg\u00fcn funksiyas\u0131n\u0131 qorumaq \u00fc\u00e7\u00fcn n\u0259z\u0259rd\u0259 tutulub. H\u0259m intensiv b\u00f6y\u00fcm\u0259 d\u00f6vr\u00fcnd\u0259 olan g\u0259nc heyvanlar, h\u0259m d\u0259 ya\u015fl\u0131 heyvanlar \u00fc\u00e7\u00fcn t\u00f6vsiy\u0259 olunur.<\/p>\n<p><strong>QL\u00dcKOSAM\u0130N<\/strong> \u2013 Oynaq q\u0131\u011f\u0131rdaqlar\u0131n\u0131n h\u00fcceyr\u0259d\u0259nk\u0259nar matrisinin struktur \u0259sas\u0131n\u0131 t\u0259\u015fkil ed\u0259n qlikos-aminoglikanlar\u0131n istehsal\u0131 \u00fc\u00e7\u00fcn vacibdir.<\/p>\n<p><strong>XONDRO\u0130T\u0130N<\/strong> \u2013 Oynaq q\u0131\u011f\u0131rdaqlar\u0131 t\u0259r\u0259find\u0259n h\u00fcceyr\u0259d\u0259nk\u0259nar matrisin istehsal\u0131 \u00fc\u00e7\u00fcn istifad\u0259 olunur. Oynaq q\u0131\u011f\u0131rdaqlar\u0131n\u0131n d\u00fczg\u00fcn n\u0259ml\u0259ndirilm\u0259sini t\u0259min edir, onlar\u0131n m\u00f6hk\u0259mliyini v\u0259 elastikliyini t\u0259min edir.<\/p>\n<p><strong>H\u0130ALURON TUR\u015eUSU<\/strong> osteoartrit kimi oynaq v\u0259 s\u00fcm\u00fck probleml\u0259ri olan heyvanlar \u00fc\u00e7\u00fcn faydal\u0131d\u0131r. Hialuron tur\u015fusunun oynaqlarda iltihab\u0131 v\u0259 a\u011fr\u0131n\u0131 azaltma\u011fa, oynaq h\u0259r\u0259k\u0259tliliyini yax\u015f\u0131la\u015fd\u0131rma\u011fa v\u0259 oynaq degenerasiyas\u0131n\u0131n ir\u0259lil\u0259m\u0259sini yava\u015flatma\u011fa k\u00f6m\u0259k etdiyin\u0259 inan\u0131l\u0131r.<\/p>\n<p><strong>D\u00fczg\u00fcn istifad\u0259 qaydalar\u0131:<\/strong> H\u0259r 20 kq b\u0259d\u0259n \u00e7\u0259kisin\u0259 1 tablet g\u00fcnd\u0259lik.<\/p>\n<p>Yem\u0259kd\u0259n \u0259vv\u0259l v\u0259 ya yem\u0259k zaman\u0131 q\u0259bul edilir. Tabletl\u0259r \u0259zilmi\u015f \u015f\u0259kild\u0259 q\u0259bul edil\u0259 bil\u0259r. G\u00fcnd\u0259lik doza bir ne\u00e7\u0259 tabletin q\u0259bulunu t\u0259min edirs\u0259, onu 2-3 porsiyaya b\u00f6lm\u0259k olar. Heyvanlar\u0131n h\u0259mi\u015f\u0259 t\u0259miz suya \u00e7\u0131x\u0131\u015f\u0131 olmal\u0131d\u0131r.<\/p>\n<p><strong>T\u0259rkibi:<\/strong> Heyvan toxumalar\u0131ndan 13.2.8 ql\u00fckozamin, 13.12.2 xondroitin sulfat, 11.4.7 natrium hialuronat, 13.6.4 maqnezium stearat, 13.6.6 stearin tur\u015fusu, 11.2.1 maqnezium oksidi.<\/p>\n<p><strong>Qida \u0259lav\u0259l\u0259ri (q\/kq):<\/strong> 3a300 askorbin tur\u015fusu 30.1 q.<\/p>\n<p><strong>Texnoloji \u0259lav\u0259l\u0259r (q\/kq):<\/strong> 1E460 mikrokristallik sell\u00fcloza 398.7 q, 1E551b kolloid silisium 6 q.<\/p>\n","protected":false},"excerpt":{"rendered":"<div class=\"ft__prod--descTitle pb-2\">M\u0259hsul itl\u0259r v\u0259 pi\u015fikl\u0259r \u00fc\u00e7\u00fcn oynaq q\u0131\u011f\u0131rdaqlar\u0131n\u0131n v\u0259 oynaqlar\u0131n d\u00fczg\u00fcn funksiyas\u0131n\u0131 qorumaq \u00fc\u00e7\u00fcn n\u0259z\u0259rd\u0259 tutulub.<\/div>\n","protected":false},"featured_media":1028,"comment_status":"open","ping_status":"closed","template":"","meta":[],"product_brand":[],"product_cat":[18],"product_tag":[],"class_list":{"0":"post-814","1":"product","2":"type-product","3":"status-publish","4":"has-post-thumbnail","6":"product_cat-products","8":"first","9":"instock","10":"shipping-taxable","11":"product-type-simple"},"_links":{"self":[{"href":"https:\/\/vetexpert.az\/az\/index.php\/wp-json\/wp\/v2\/product\/814","targetHints":{"allow":["GET"]}}],"collection":[{"href":"https:\/\/vetexpert.az\/az\/index.php\/wp-json\/wp\/v2\/product"}],"about":[{"href":"https:\/\/vetexpert.az\/az\/index.php\/wp-json\/wp\/v2\/types\/product"}],"replies":[{"embeddable":true,"href":"https:\/\/vetexpert.az\/az\/index.php\/wp-json\/wp\/v2\/comments?post=814"}],"wp:featuredmedia":[{"embeddable":true,"href":"https:\/\/vetexpert.az\/az\/index.php\/wp-json\/wp\/v2\/media\/1028"}],"wp:attachment":[{"href":"https:\/\/vetexpert.az\/az\/index.php\/wp-json\/wp\/v2\/media?parent=814"}],"wp:term":[{"taxonomy":"product_brand","embeddable":true,"href":"https:\/\/vetexpert.az\/az\/index.php\/wp-json\/wp\/v2\/product_brand?post=814"},{"taxonomy":"product_cat","embeddable":true,"href":"https:\/\/vetexpert.az\/az\/index.php\/wp-json\/wp\/v2\/product_cat?post=814"},{"taxonomy":"product_tag","embeddable":true,"href":"https:\/\/vetexpert.az\/az\/index.php\/wp-json\/wp\/v2\/product_tag?post=814"}],"curies":[{"name":"wp","href":"https:\/\/api.w.org\/{rel}","templated":true}]}}