{"id":813,"date":"2026-04-06T10:26:57","date_gmt":"2026-04-06T10:26:57","guid":{"rendered":"https:\/\/vetexpert.az\/?post_type=product&#038;p=813"},"modified":"2026-04-09T17:50:49","modified_gmt":"2026-04-09T17:50:49","slug":"arthrovet-complex-small-breed-cats-60-toff","status":"publish","type":"product","link":"https:\/\/vetexpert.az\/az\/index.php\/product\/arthrovet-complex-small-breed-cats-60-toff\/","title":{"rendered":"Arthrovet Complex Small Breed &#038; Cats 60 Toff"},"content":{"rendered":"<p>M\u0259hsul, oynaq q\u0131\u011f\u0131rda\u011f\u0131 v\u0259 oynaqlar\u0131n d\u00fczg\u00fcn funksiyas\u0131n\u0131 qorumaq \u00fc\u00e7\u00fcn pi\u015fikl\u0259r v\u0259 ki\u00e7ik cins itl\u0259r \u00fc\u00e7\u00fcn n\u0259z\u0259rd\u0259 tutulub. H\u0259m g\u0259nc, h\u0259m d\u0259 b\u00f6y\u00fcy\u0259n heyvanlar, el\u0259c\u0259 d\u0259 ya\u015fl\u0131 heyvanlar \u00fc\u00e7\u00fcn t\u00f6vsiy\u0259 olunur.<\/p>\n<p><strong>D\u00fczg\u00fcn istifad\u0259 \u00fc\u00e7\u00fcn t\u0259limat:<\/strong><\/p>\n<p>Pi\u015fikl\u0259r \u2013 g\u00fcnd\u0259 1 kapsul, itl\u0259r \u2013 g\u00fcnd\u0259 5 kq b\u0259d\u0259n \u00e7\u0259kisin\u0259 1 kapsul.<\/p>\n<p>Kaps\u00fcl\u00fcn ucu burulmal\u0131 v\u0259 ya k\u0259silm\u0259li, i\u00e7ind\u0259kil\u0259r s\u0131x\u0131lmal\u0131 v\u0259 qida il\u0259 qar\u0131\u015fd\u0131r\u0131lmal\u0131 v\u0259 ya birba\u015fa a\u011f\u0131za verilm\u0259lidir. Heyvanlar\u0131n h\u0259mi\u015f\u0259 t\u0259miz suya \u00e7\u0131x\u0131\u015f\u0131 olmal\u0131d\u0131r.<\/p>\n<p><strong>T\u0259rkibi:<\/strong> 2.20.1 t\u0259mizl\u0259nmi\u015f soya ya\u011f\u0131 maks. Qlisin. (L.) Merr., 13.2.8 heyvan toxumalar\u0131ndan ql\u00fckozamin, 13.1.7 qurudulmu\u015f avokado (Persea americana Mill.), 9.3.1 ar\u0131 mumu, 13.12.2 xondroitin sulfat, 2.21.1 xam lesitinl\u0259r, 11.4.7 natrium hialuronat.<\/p>\n<p><strong>Hiss \u0259lav\u0259l\u0259ri (q\/kq):<\/strong> 2b \u015eeytan cayna\u011f\u0131 Harpagophytum procumbens ekstrakt\u0131 36,9 q.<\/p>\n<p><strong>Qida \u0259lav\u0259l\u0259ri (q\/kq):<\/strong> 3a300 askorbin tur\u015fusu 27,7 q, 3b503 manqan sulfat monohidrat 6,8 q, 3b603 sink oksidi 1,4 q.<\/p>\n","protected":false},"excerpt":{"rendered":"<div class=\"ft__prod--descTitle pb-2\">M\u0259hsul, oynaq q\u0131\u011f\u0131rda\u011f\u0131 v\u0259 oynaqlar\u0131n d\u00fczg\u00fcn funksiyas\u0131n\u0131 qorumaq \u00fc\u00e7\u00fcn pi\u015fikl\u0259r v\u0259 ki\u00e7ik cins itl\u0259r \u00fc\u00e7\u00fcn n\u0259z\u0259rd\u0259 tutulub.<\/div>\n","protected":false},"featured_media":840,"comment_status":"open","ping_status":"closed","template":"","meta":[],"product_brand":[],"product_cat":[18],"product_tag":[],"class_list":{"0":"post-813","1":"product","2":"type-product","3":"status-publish","4":"has-post-thumbnail","6":"product_cat-products","8":"first","9":"instock","10":"shipping-taxable","11":"product-type-simple"},"_links":{"self":[{"href":"https:\/\/vetexpert.az\/az\/index.php\/wp-json\/wp\/v2\/product\/813","targetHints":{"allow":["GET"]}}],"collection":[{"href":"https:\/\/vetexpert.az\/az\/index.php\/wp-json\/wp\/v2\/product"}],"about":[{"href":"https:\/\/vetexpert.az\/az\/index.php\/wp-json\/wp\/v2\/types\/product"}],"replies":[{"embeddable":true,"href":"https:\/\/vetexpert.az\/az\/index.php\/wp-json\/wp\/v2\/comments?post=813"}],"wp:featuredmedia":[{"embeddable":true,"href":"https:\/\/vetexpert.az\/az\/index.php\/wp-json\/wp\/v2\/media\/840"}],"wp:attachment":[{"href":"https:\/\/vetexpert.az\/az\/index.php\/wp-json\/wp\/v2\/media?parent=813"}],"wp:term":[{"taxonomy":"product_brand","embeddable":true,"href":"https:\/\/vetexpert.az\/az\/index.php\/wp-json\/wp\/v2\/product_brand?post=813"},{"taxonomy":"product_cat","embeddable":true,"href":"https:\/\/vetexpert.az\/az\/index.php\/wp-json\/wp\/v2\/product_cat?post=813"},{"taxonomy":"product_tag","embeddable":true,"href":"https:\/\/vetexpert.az\/az\/index.php\/wp-json\/wp\/v2\/product_tag?post=813"}],"curies":[{"name":"wp","href":"https:\/\/api.w.org\/{rel}","templated":true}]}}