{"id":812,"date":"2026-04-06T10:26:57","date_gmt":"2026-04-06T10:26:57","guid":{"rendered":"https:\/\/vetexpert.az\/?post_type=product&#038;p=812"},"modified":"2026-04-09T17:42:08","modified_gmt":"2026-04-09T17:42:08","slug":"arthrovet-collagen-60-sach","status":"publish","type":"product","link":"https:\/\/vetexpert.az\/az\/index.php\/product\/arthrovet-collagen-60-sach\/","title":{"rendered":"Arthrovet Collagen 60 sach."},"content":{"rendered":"<p>M\u0259hsul, oynaq q\u0131\u011f\u0131rdaqlar\u0131n\u0131n v\u0259 oynaqlar\u0131n\u0131n optimal f\u0259aliyy\u0259tinin qorunmas\u0131n\u0131 d\u0259st\u0259kl\u0259m\u0259k \u00fc\u00e7\u00fcn itl\u0259r v\u0259 pi\u015fikl\u0259r \u00fc\u00e7\u00fcn t\u00f6vsiy\u0259 olunur. H\u0259m g\u0259nc, h\u0259m d\u0259 b\u00f6y\u00fcy\u0259n heyvanlar \u00fc\u00e7\u00fcn n\u0259z\u0259rd\u0259 tutulub.<\/p>\n<p>Preparat\u0131n t\u0259rkibind\u0259ki kollagen, oynaq q\u0131\u011f\u0131rdaqlar\u0131n\u0131n sa\u011flaml\u0131\u011f\u0131na v\u0259 madd\u0259l\u0259r m\u00fcbadil\u0259sin\u0259 m\u00fcsb\u0259t t\u0259sir g\u00f6st\u0259rir. Q\u0131\u011f\u0131rdaqlar\u0131n, \u0259z\u0259l\u0259l\u0259rin v\u0259 oynaqlar\u0131n b\u00f6y\u00fcm\u0259sini d\u0259st\u0259kl\u0259yir.<\/p>\n<p><strong>D\u00fczg\u00fcn istifad\u0259 qaydalar\u0131:<\/strong> G\u00fcnd\u0259lik 20 kq b\u0259d\u0259n \u00e7\u0259kisin\u0259 1 paket. M\u0259hsul ya\u015f v\u0259 ya quru yeml\u0259 qar\u0131\u015fd\u0131r\u0131la bil\u0259r. Heyvanlar\u0131n h\u0259mi\u015f\u0259 t\u0259miz suya \u00e7\u0131x\u0131\u015f\u0131 olmal\u0131d\u0131r.<\/p>\n<p><strong>T\u0259rkibi:<\/strong> 9.10.1 donuz kollageni.<\/p>\n<p><strong>Texnoloji \u0259lav\u0259l\u0259r (q\/kq):<\/strong> 1E551b kolloid silisium 10 q.<\/p>\n","protected":false},"excerpt":{"rendered":"<div class=\"ft__prod--descTitle pb-2\">M\u0259hsul, oynaq q\u0131\u011f\u0131rdaqlar\u0131n\u0131n v\u0259 oynaqlar\u0131n\u0131n optimal f\u0259aliyy\u0259tinin qorunmas\u0131n\u0131 d\u0259st\u0259kl\u0259m\u0259k \u00fc\u00e7\u00fcn itl\u0259r v\u0259 pi\u015fikl\u0259r \u00fc\u00e7\u00fcn t\u00f6vsiy\u0259 olunur.<\/div>\n","protected":false},"featured_media":933,"comment_status":"open","ping_status":"closed","template":"","meta":[],"product_brand":[],"product_cat":[18],"product_tag":[],"class_list":{"0":"post-812","1":"product","2":"type-product","3":"status-publish","4":"has-post-thumbnail","6":"product_cat-products","8":"first","9":"instock","10":"shipping-taxable","11":"product-type-simple"},"_links":{"self":[{"href":"https:\/\/vetexpert.az\/az\/index.php\/wp-json\/wp\/v2\/product\/812","targetHints":{"allow":["GET"]}}],"collection":[{"href":"https:\/\/vetexpert.az\/az\/index.php\/wp-json\/wp\/v2\/product"}],"about":[{"href":"https:\/\/vetexpert.az\/az\/index.php\/wp-json\/wp\/v2\/types\/product"}],"replies":[{"embeddable":true,"href":"https:\/\/vetexpert.az\/az\/index.php\/wp-json\/wp\/v2\/comments?post=812"}],"wp:featuredmedia":[{"embeddable":true,"href":"https:\/\/vetexpert.az\/az\/index.php\/wp-json\/wp\/v2\/media\/933"}],"wp:attachment":[{"href":"https:\/\/vetexpert.az\/az\/index.php\/wp-json\/wp\/v2\/media?parent=812"}],"wp:term":[{"taxonomy":"product_brand","embeddable":true,"href":"https:\/\/vetexpert.az\/az\/index.php\/wp-json\/wp\/v2\/product_brand?post=812"},{"taxonomy":"product_cat","embeddable":true,"href":"https:\/\/vetexpert.az\/az\/index.php\/wp-json\/wp\/v2\/product_cat?post=812"},{"taxonomy":"product_tag","embeddable":true,"href":"https:\/\/vetexpert.az\/az\/index.php\/wp-json\/wp\/v2\/product_tag?post=812"}],"curies":[{"name":"wp","href":"https:\/\/api.w.org\/{rel}","templated":true}]}}