{"id":811,"date":"2026-04-06T10:26:57","date_gmt":"2026-04-06T10:26:57","guid":{"rendered":"https:\/\/vetexpert.az\/?post_type=product&#038;p=811"},"modified":"2026-04-11T08:55:55","modified_gmt":"2026-04-11T08:55:55","slug":"antiseborrhoeic-shampoo-250-ml","status":"publish","type":"product","link":"https:\/\/vetexpert.az\/az\/index.php\/product\/antiseborrhoeic-shampoo-250-ml\/","title":{"rendered":"Antiseborrhoeic Shampoo 250 ml"},"content":{"rendered":"<p>Qur\u015fa seborreya, oleoza seborreya, k\u0259p\u0259y\u0259 meylli d\u0259riy\u0259 qulluq \u00fc\u00e7\u00fcn n\u0259z\u0259rd\u0259 tutulub (bakterial infeksiya olmadan).<\/p>\n<p><strong>SALIS\u0130L TUR\u015eUSU<\/strong> \u2013 soyulmu\u015f epidermis v\u0259 k\u0259p\u0259yi t\u0259mizl\u0259yir, qa\u015f\u0131nman\u0131 azald\u0131r v\u0259 antibakterial t\u0259sir\u0259 malikdir. Antiseboreik madd\u0259 kimi tan\u0131n\u0131r.<\/p>\n<p><strong>OCTOPIROX<\/strong> \u2013 iltihab \u0259leyhin\u0259 x\u00fcsusiyy\u0259tl\u0259r\u0259 malikdir v\u0259 k\u0259p\u0259k lezyonlar\u0131nda m\u00f6vcud olan patoloji mikrofloran\u0131 aradan qald\u0131r\u0131r, k\u0259p\u0259k simptomlar\u0131ndan m\u0259sul olan g\u00f6b\u0259l\u0259yin &#8211; Malassezia furfur-un inki\u015faf\u0131n\u0131 mane\u0259 t\u00f6r\u0259dir. Epidermal mikrofloran\u0131n balans\u0131n\u0131 normalla\u015fd\u0131r\u0131r v\u0259 b\u0259rpa edir, problemli x\u0259st\u0259likl\u0259rin tez-tez t\u0259krarlanmas\u0131n\u0131n qar\u015f\u0131s\u0131n\u0131 al\u0131r. Geni\u015f v\u0259 s\u0259n\u0259dl\u0259\u015fdirilmi\u015f faydalar\u0131 say\u0259sind\u0259 k\u0259p\u0259k \u0259leyhin\u0259 \u015fampunlarda istifad\u0259 olunur.<\/p>\n<p><strong>P\u0130ROKS\u0130D\u0130N<\/strong> \u2013 d\u0259rinin v\u0259 t\u00fckl\u0259rin v\u0259ziyy\u0259tini yax\u015f\u0131la\u015fd\u0131r\u0131r, antistatik x\u00fcsusiyy\u0259tl\u0259r\u0259 malikdir.<\/p>\n<p><strong>D\u00fczg\u00fcn istifad\u0259 qaydalar\u0131:<\/strong> Sa\u00e7lar\u0131 il\u0131q su il\u0259 islad\u0131n, sa\u00e7lara az miqdarda \u015fampun \u00e7\u0259kin, k\u00f6p\u00fckl\u0259ndirin, t\u0259xmin\u0259n 5 d\u0259qiq\u0259 masaj edin. \u00c7im\u0259rk\u0259n ev heyvan\u0131n\u0131z\u0131n g\u00f6zl\u0259rini v\u0259 qulaqlar\u0131n\u0131 qoruyun. Yax\u015f\u0131ca yuyun. Laz\u0131m g\u0259l\u0259rs\u0259, proseduru t\u0259krarlay\u0131n.<\/p>\n<p><strong>T\u0259rkibi:<\/strong> Su, Natrium Lauroil Sarkozinat, Kokamidopropil Betain, PEG-90 Qliseril \u0130zostearat, Qliserin, Polisorbat 20, Salisilik Tur\u015fusu, Pantenol, Pro-pilen Qlikol, Allantoin, Sink Ql\u00fckonat, Piridoksin HCL, Pirokton Olamin, Linum Usitatissimum Toxum Ya\u011f\u0131, Laureth-2, Natrium Xlorid, Trietanolamin, \u018ftir, Maqnezium Xlorid, Maqnezium Nitrat, Metilxloroizotiazolinon, Metilizotiazolinon<\/p>\n","protected":false},"excerpt":{"rendered":"<div class=\"ft__prod--descTitle pb-2\">\u015eampun quru seborreya, oleoza seborreya, k\u0259p\u0259y\u0259 meylli d\u0259riy\u0259 qulluq \u00fc\u00e7\u00fcn n\u0259z\u0259rd\u0259 tutulub (bakterial infeksiya olmadan).<\/div>\n","protected":false},"featured_media":805,"comment_status":"open","ping_status":"closed","template":"","meta":[],"product_brand":[],"product_cat":[18],"product_tag":[],"class_list":{"0":"post-811","1":"product","2":"type-product","3":"status-publish","4":"has-post-thumbnail","6":"product_cat-products","8":"first","9":"instock","10":"shipping-taxable","11":"product-type-simple"},"_links":{"self":[{"href":"https:\/\/vetexpert.az\/az\/index.php\/wp-json\/wp\/v2\/product\/811","targetHints":{"allow":["GET"]}}],"collection":[{"href":"https:\/\/vetexpert.az\/az\/index.php\/wp-json\/wp\/v2\/product"}],"about":[{"href":"https:\/\/vetexpert.az\/az\/index.php\/wp-json\/wp\/v2\/types\/product"}],"replies":[{"embeddable":true,"href":"https:\/\/vetexpert.az\/az\/index.php\/wp-json\/wp\/v2\/comments?post=811"}],"wp:featuredmedia":[{"embeddable":true,"href":"https:\/\/vetexpert.az\/az\/index.php\/wp-json\/wp\/v2\/media\/805"}],"wp:attachment":[{"href":"https:\/\/vetexpert.az\/az\/index.php\/wp-json\/wp\/v2\/media?parent=811"}],"wp:term":[{"taxonomy":"product_brand","embeddable":true,"href":"https:\/\/vetexpert.az\/az\/index.php\/wp-json\/wp\/v2\/product_brand?post=811"},{"taxonomy":"product_cat","embeddable":true,"href":"https:\/\/vetexpert.az\/az\/index.php\/wp-json\/wp\/v2\/product_cat?post=811"},{"taxonomy":"product_tag","embeddable":true,"href":"https:\/\/vetexpert.az\/az\/index.php\/wp-json\/wp\/v2\/product_tag?post=811"}],"curies":[{"name":"wp","href":"https:\/\/api.w.org\/{rel}","templated":true}]}}