{"id":45,"date":"2026-02-26T11:12:27","date_gmt":"2026-02-26T11:12:27","guid":{"rendered":"https:\/\/vetexpert.az\/index.php\/your-one-stop-pet-shop\/"},"modified":"2026-04-11T07:53:27","modified_gmt":"2026-04-11T07:53:27","slug":"your-one-stop-pet-shop","status":"publish","type":"page","link":"https:\/\/vetexpert.az\/az\/index.php\/your-one-stop-pet-shop\/","title":{"rendered":"HEYVANLARINIZ \u00dc\u00c7\u00dcN T\u018fK \u00dcNVAN"},"content":{"rendered":"<p>Evcil heyvanlar\u0131n\u0131z \u00fc\u00e7\u00fcn ehtiyac duydu\u011funuz h\u0259r \u015feyi bir \u00fcnvanda tap\u0131n.<\/p>\n\n\n<p><\/p>\n","protected":false},"excerpt":{"rendered":"<p>Evcil heyvanlar\u0131n\u0131z \u00fc\u00e7\u00fcn ehtiyac duydu\u011funuz h\u0259r \u015feyi bir \u00fcnvanda tap\u0131n.<\/p>\n","protected":false},"author":1,"featured_media":1094,"parent":0,"menu_order":0,"comment_status":"closed","ping_status":"closed","template":"","meta":{"footnotes":""},"class_list":["post-45","page","type-page","status-publish","has-post-thumbnail","hentry"],"_links":{"self":[{"href":"https:\/\/vetexpert.az\/az\/index.php\/wp-json\/wp\/v2\/pages\/45","targetHints":{"allow":["GET"]}}],"collection":[{"href":"https:\/\/vetexpert.az\/az\/index.php\/wp-json\/wp\/v2\/pages"}],"about":[{"href":"https:\/\/vetexpert.az\/az\/index.php\/wp-json\/wp\/v2\/types\/page"}],"author":[{"embeddable":true,"href":"https:\/\/vetexpert.az\/az\/index.php\/wp-json\/wp\/v2\/users\/1"}],"replies":[{"embeddable":true,"href":"https:\/\/vetexpert.az\/az\/index.php\/wp-json\/wp\/v2\/comments?post=45"}],"version-history":[{"count":2,"href":"https:\/\/vetexpert.az\/az\/index.php\/wp-json\/wp\/v2\/pages\/45\/revisions"}],"predecessor-version":[{"id":1050,"href":"https:\/\/vetexpert.az\/az\/index.php\/wp-json\/wp\/v2\/pages\/45\/revisions\/1050"}],"wp:featuredmedia":[{"embeddable":true,"href":"https:\/\/vetexpert.az\/az\/index.php\/wp-json\/wp\/v2\/media\/1094"}],"wp:attachment":[{"href":"https:\/\/vetexpert.az\/az\/index.php\/wp-json\/wp\/v2\/media?parent=45"}],"curies":[{"name":"wp","href":"https:\/\/api.w.org\/{rel}","templated":true}]}}