{"id":43,"date":"2026-02-26T11:12:26","date_gmt":"2026-02-26T11:12:26","guid":{"rendered":"https:\/\/vetexpert.az\/index.php\/quality-care-for-happy-pets\/"},"modified":"2026-04-11T07:43:20","modified_gmt":"2026-04-11T07:43:20","slug":"quality-care-for-happy-pets","status":"publish","type":"page","link":"https:\/\/vetexpert.az\/az\/index.php\/quality-care-for-happy-pets\/","title":{"rendered":"XO\u015eB\u018fXT HEYVANLAR \u00dc\u00c7\u00dcN KEYF\u0130YY\u018fTL\u0130 QAYGI"},"content":{"rendered":"<p>Etibarl\u0131 brendl\u0259rin v\u0259 keyfiyy\u0259tli m\u0259hsullar\u0131n sat\u0131\u015f\u0131 \u2014 ev heyvanlar\u0131n\u0131za layiq olduqlar\u0131 qay\u011f\u0131n\u0131 g\u00f6st\u0259rin.<\/p>\n","protected":false},"excerpt":{"rendered":"<p>Etibarl\u0131 brendl\u0259rin v\u0259 keyfiyy\u0259tli m\u0259hsullar\u0131n sat\u0131\u015f\u0131 \u2014 ev heyvanlar\u0131n\u0131za layiq olduqlar\u0131 qay\u011f\u0131n\u0131 g\u00f6st\u0259rin.<\/p>\n","protected":false},"author":1,"featured_media":1091,"parent":0,"menu_order":0,"comment_status":"closed","ping_status":"closed","template":"","meta":{"footnotes":""},"class_list":["post-43","page","type-page","status-publish","has-post-thumbnail","hentry"],"_links":{"self":[{"href":"https:\/\/vetexpert.az\/az\/index.php\/wp-json\/wp\/v2\/pages\/43","targetHints":{"allow":["GET"]}}],"collection":[{"href":"https:\/\/vetexpert.az\/az\/index.php\/wp-json\/wp\/v2\/pages"}],"about":[{"href":"https:\/\/vetexpert.az\/az\/index.php\/wp-json\/wp\/v2\/types\/page"}],"author":[{"embeddable":true,"href":"https:\/\/vetexpert.az\/az\/index.php\/wp-json\/wp\/v2\/users\/1"}],"replies":[{"embeddable":true,"href":"https:\/\/vetexpert.az\/az\/index.php\/wp-json\/wp\/v2\/comments?post=43"}],"version-history":[{"count":2,"href":"https:\/\/vetexpert.az\/az\/index.php\/wp-json\/wp\/v2\/pages\/43\/revisions"}],"predecessor-version":[{"id":1049,"href":"https:\/\/vetexpert.az\/az\/index.php\/wp-json\/wp\/v2\/pages\/43\/revisions\/1049"}],"wp:featuredmedia":[{"embeddable":true,"href":"https:\/\/vetexpert.az\/az\/index.php\/wp-json\/wp\/v2\/media\/1091"}],"wp:attachment":[{"href":"https:\/\/vetexpert.az\/az\/index.php\/wp-json\/wp\/v2\/media?parent=43"}],"curies":[{"name":"wp","href":"https:\/\/api.w.org\/{rel}","templated":true}]}}