{"id":39,"date":"2026-02-26T11:12:24","date_gmt":"2026-02-26T11:12:24","guid":{"rendered":"https:\/\/vetexpert.az\/index.php\/love-your-pets-we-do-too\/"},"modified":"2026-04-11T07:14:05","modified_gmt":"2026-04-11T07:14:05","slug":"love-your-pets-we-do-too","status":"publish","type":"page","link":"https:\/\/vetexpert.az\/az\/index.php\/love-your-pets-we-do-too\/","title":{"rendered":"HEYVANLARINIZI SEV\u0130N, B\u0130Z D\u018f SEV\u0130R\u0130K"},"content":{"rendered":"<p>Dostlar\u0131n\u0131z\u0131n xo\u015fb\u0259xtliyi bizim \u00fc\u00e7\u00fcn \u00f6n\u0259mlidir. Geni\u015f m\u0259hsul \u00e7e\u015fidimizl\u0259 tan\u0131\u015f olun.<\/p>\n\n\n<p><\/p>\n","protected":false},"excerpt":{"rendered":"<p>Dostlar\u0131n\u0131z\u0131n xo\u015fb\u0259xtliyi bizim \u00fc\u00e7\u00fcn \u00f6n\u0259mlidir. Geni\u015f m\u0259hsul \u00e7e\u015fidimizl\u0259 tan\u0131\u015f olun.<\/p>\n","protected":false},"author":1,"featured_media":1086,"parent":0,"menu_order":0,"comment_status":"closed","ping_status":"closed","template":"","meta":{"footnotes":""},"class_list":["post-39","page","type-page","status-publish","has-post-thumbnail","hentry"],"_links":{"self":[{"href":"https:\/\/vetexpert.az\/az\/index.php\/wp-json\/wp\/v2\/pages\/39","targetHints":{"allow":["GET"]}}],"collection":[{"href":"https:\/\/vetexpert.az\/az\/index.php\/wp-json\/wp\/v2\/pages"}],"about":[{"href":"https:\/\/vetexpert.az\/az\/index.php\/wp-json\/wp\/v2\/types\/page"}],"author":[{"embeddable":true,"href":"https:\/\/vetexpert.az\/az\/index.php\/wp-json\/wp\/v2\/users\/1"}],"replies":[{"embeddable":true,"href":"https:\/\/vetexpert.az\/az\/index.php\/wp-json\/wp\/v2\/comments?post=39"}],"version-history":[{"count":6,"href":"https:\/\/vetexpert.az\/az\/index.php\/wp-json\/wp\/v2\/pages\/39\/revisions"}],"predecessor-version":[{"id":1044,"href":"https:\/\/vetexpert.az\/az\/index.php\/wp-json\/wp\/v2\/pages\/39\/revisions\/1044"}],"wp:featuredmedia":[{"embeddable":true,"href":"https:\/\/vetexpert.az\/az\/index.php\/wp-json\/wp\/v2\/media\/1086"}],"wp:attachment":[{"href":"https:\/\/vetexpert.az\/az\/index.php\/wp-json\/wp\/v2\/media?parent=39"}],"curies":[{"name":"wp","href":"https:\/\/api.w.org\/{rel}","templated":true}]}}