{"id":362,"date":"2026-03-14T15:39:25","date_gmt":"2026-03-14T15:39:25","guid":{"rendered":"https:\/\/vetexpert.az\/?page_id=362"},"modified":"2026-04-09T17:18:49","modified_gmt":"2026-04-09T17:18:49","slug":"partnership","status":"publish","type":"page","link":"https:\/\/vetexpert.az\/az\/index.php\/partnership\/","title":{"rendered":"Partnyorlar\u0131m\u0131z"},"content":{"rendered":"\n<div class=\"wp-block-cover alignfull is-light\" style=\"min-height:504px;aspect-ratio:unset;\"><img loading=\"lazy\" decoding=\"async\" width=\"1024\" height=\"703\" class=\"wp-block-cover__image-background wp-image-715 size-full\" alt=\"\" src=\"https:\/\/vetexpert.az\/wp-content\/uploads\/2026\/03\/1v8sqkwakm3osgmxi74-5g-b.jpg?wsr\" data-object-fit=\"cover\" srcset=\"https:\/\/vetexpert.az\/wp-content\/uploads\/2026\/03\/1v8sqkwakm3osgmxi74-5g-b.jpg 1024w, https:\/\/vetexpert.az\/wp-content\/uploads\/2026\/03\/1v8sqkwakm3osgmxi74-5g-b-1x1.jpg 1w, https:\/\/vetexpert.az\/wp-content\/uploads\/2026\/03\/1v8sqkwakm3osgmxi74-5g-b-768x527.jpg 768w, https:\/\/vetexpert.az\/wp-content\/uploads\/2026\/03\/1v8sqkwakm3osgmxi74-5g-b-482x331.jpg 482w\" sizes=\"auto, (max-width: 1024px) 100vw, 1024px\" \/><span aria-hidden=\"true\" class=\"wp-block-cover__background has-background-dim\" style=\"background-color:#bfc3c9\"><\/span><div class=\"wp-block-cover__inner-container is-layout-constrained wp-block-cover-is-layout-constrained\">\n<p class=\"has-text-align-right has-large-font-size\"><\/p>\n<\/div><\/div>\n\n\n\n<figure class=\"wp-block-table\"><table class=\"has-fixed-layout\"><tbody><tr><td>AARC Baytarl\u0131q Klinikas\u0131<\/td><td>Myvet<\/td><\/tr><tr><td>Arfi Pet Comfort<\/td><td>Park Vet Klinikas\u0131<\/td><\/tr><tr><td>Auravet<\/td><td>Paws Zoovet<\/td><\/tr><tr><td>Azvet<\/td><td>Petmall<\/td><\/tr><tr><td>Bakuvet Klinikas\u0131<\/td><td>Skyvet Klinikas\u0131<\/td><\/tr><tr><td>Best Vet Klinikas\u0131<\/td><td>ST Vet Klinikas\u0131<\/td><\/tr><tr><td>Bonavet Klinikas\u0131<\/td><td>Tarvet Klinikas\u0131<\/td><\/tr><tr><td>Central Vet Klinikas\u0131<\/td><td>Vet Life X\u0259st\u0259xanas\u0131<\/td><\/tr><tr><td>Kosmo Vet Klinikas\u0131<\/td><td>Vet Zone Baytarl\u0131q Klinikas\u0131<\/td><\/tr><tr><td>Denur Baytarl\u0131q klinikas\u0131<\/td><td>Vethouse<\/td><\/tr><tr><td>Dino Zoo<\/td><td>Vetlandiya Baytarl\u0131q Klinikas\u0131<\/td><\/tr><tr><td>Groomzy Bak\u0131<\/td><td>Vet&#8217;n Roll Klinikas\u0131<\/td><\/tr><tr><td>Happyvet LLC<\/td><td>Vetzone<\/td><\/tr><tr><td>Hasvet Bak\u0131 Heyvan X\u0259st\u0259xanas\u0131<\/td><td>Zirovet Klinikas\u0131<\/td><\/tr><tr><td>Help Heyvan X\u0259st\u0259xanas\u0131 Bak\u0131<\/td><td>Zoo Butik<\/td><\/tr><tr><td>Koalavet X\u0259st\u0259xanas\u0131<\/td><td>Zoo Pati<\/td><\/tr><tr><td>Lovevet<\/td><td>Zoo Planet<\/td><\/tr><tr><td>Medvet Bak\u0131<\/td><td>Zoo Rolf<\/td><\/tr><\/tbody><\/table><\/figure>\n\n\n\n<p><\/p>\n\n\n\n<p><\/p>\n\n\n\n<p><\/p>\n\n\n\n<p><\/p>\n\n\n\n<p><\/p>\n\n\n\n<p><\/p>\n\n\n\n<p><\/p>\n\n\n\n<p><\/p>\n\n\n\n<p><\/p>\n\n\n\n<p><\/p>\n\n\n\n<p><\/p>\n\n\n\n<p><\/p>\n\n\n\n<p><\/p>\n\n\n\n<p><\/p>\n\n\n\n<p><\/p>\n\n\n\n<p><\/p>\n\n\n\n<p><\/p>\n\n\n\n<p><\/p>\n\n\n\n<p><\/p>\n\n\n\n<p><\/p>\n\n\n\n<p><\/p>\n\n\n\n<p><\/p>\n\n\n\n<p><\/p>\n\n\n\n<p><\/p>\n\n\n\n<p><\/p>\n\n\n\n<p><\/p>\n\n\n\n<p><\/p>\n\n\n\n<p><\/p>\n\n\n\n<p><\/p>\n\n\n\n<p><\/p>\n\n\n\n<p><\/p>\n\n\n\n<p><\/p>\n\n\n\n<p><\/p>\n\n\n\n<p><\/p>\n\n\n\n<p><\/p>\n\n\n\n<p><\/p>\n\n\n\n<p><\/p>\n\n\n\n<p><\/p>\n\n\n\n<p><\/p>\n\n\n\n<p><\/p>\n\n\n\n<p><\/p>\n\n\n\n<p><\/p>\n\n\n\n<p><\/p>\n\n\n\n<p><\/p>\n\n\n\n<p><\/p>\n\n\n\n<p><\/p>\n\n\n\n<p><\/p>\n\n\n\n<p><\/p>\n\n\n\n<p><\/p>\n\n\n\n<p><\/p>\n\n\n\n<p><\/p>\n\n\n\n<p><\/p>\n\n\n\n<p><\/p>\n\n\n\n<p><\/p>\n\n\n\n<p><\/p>\n\n\n\n<p><\/p>\n\n\n\n<p><\/p>\n\n\n\n<p><\/p>\n\n\n\n<p><\/p>\n\n\n\n<p><\/p>\n\n\n\n<p><\/p>\n\n\n\n<p><\/p>\n\n\n\n<p><\/p>\n\n\n\n<p><\/p>\n\n\n\n<p><\/p>\n\n\n\n<p><\/p>\n\n\n\n<p><\/p>\n\n\n\n<p><\/p>\n\n\n\n<p><\/p>\n\n\n\n<p><\/p>\n\n\n\n<p><\/p>\n\n\n\n<p><\/p>\n\n\n\n<p><\/p>\n\n\n\n<p><\/p>\n\n\n\n<p><\/p>\n\n\n\n<p><\/p>\n\n\n\n<p><\/p>\n\n\n\n<p><\/p>\n\n\n\n<p><\/p>\n\n\n\n<p><\/p>\n\n\n\n<p><\/p>\n\n\n\n<p><\/p>\n\n\n\n<p><\/p>\n\n\n\n<p><\/p>\n\n\n\n<p><\/p>\n\n\n\n<p><\/p>\n\n\n\n<p><\/p>\n\n\n\n<p><\/p>\n\n\n\n<p><\/p>\n\n\n\n<p><\/p>\n\n\n\n<p><\/p>\n\n\n\n<p><\/p>\n\n\n\n<p><\/p>\n\n\n\n<p><\/p>\n\n\n\n<p><\/p>\n\n\n\n<p><\/p>\n\n\n\n<p><\/p>\n\n\n\n<p><\/p>\n\n\n\n<p><\/p>\n\n\n\n<p><\/p>\n\n\n\n<p><\/p>\n\n\n\n<p><\/p>\n\n\n\n<p><\/p>\n\n\n\n<p><\/p>\n\n\n\n<p><\/p>\n\n\n\n<p><\/p>\n\n\n\n<p><\/p>\n\n\n\n<p><\/p>\n\n\n\n<p><\/p>\n\n\n\n<p><\/p>\n\n\n\n<p><\/p>\n\n\n\n<p><\/p>\n\n\n\n<p><\/p>\n\n\n\n<p><\/p>\n\n\n\n<p><\/p>\n\n\n\n<p><\/p>\n\n\n\n<p><\/p>\n\n\n\n<p><\/p>\n\n\n\n<p><\/p>\n","protected":false},"excerpt":{"rendered":"<p>AARC Baytarl\u0131q Klinikas\u0131 Myvet Arfi Pet Comfort Park Vet Klinikas\u0131 Auravet Paws Zoovet Azvet Petmall Bakuvet Klinikas\u0131 Skyvet Klinikas\u0131 Best Vet Klinikas\u0131 ST Vet Klinikas\u0131 Bonavet Klinikas\u0131 Tarvet Klinikas\u0131 Central Vet Klinikas\u0131 Vet Life X\u0259st\u0259xanas\u0131 Kosmo Vet Klinikas\u0131 Vet Zone Baytarl\u0131q Klinikas\u0131 Denur Baytarl\u0131q klinikas\u0131 Vethouse Dino Zoo Vetlandiya Baytarl\u0131q Klinikas\u0131 Groomzy Bak\u0131 Vet&#8217;n Roll [&hellip;]<\/p>\n","protected":false},"author":1,"featured_media":0,"parent":0,"menu_order":0,"comment_status":"closed","ping_status":"closed","template":"","meta":{"footnotes":""},"class_list":["post-362","page","type-page","status-publish","hentry"],"_links":{"self":[{"href":"https:\/\/vetexpert.az\/az\/index.php\/wp-json\/wp\/v2\/pages\/362","targetHints":{"allow":["GET"]}}],"collection":[{"href":"https:\/\/vetexpert.az\/az\/index.php\/wp-json\/wp\/v2\/pages"}],"about":[{"href":"https:\/\/vetexpert.az\/az\/index.php\/wp-json\/wp\/v2\/types\/page"}],"author":[{"embeddable":true,"href":"https:\/\/vetexpert.az\/az\/index.php\/wp-json\/wp\/v2\/users\/1"}],"replies":[{"embeddable":true,"href":"https:\/\/vetexpert.az\/az\/index.php\/wp-json\/wp\/v2\/comments?post=362"}],"version-history":[{"count":38,"href":"https:\/\/vetexpert.az\/az\/index.php\/wp-json\/wp\/v2\/pages\/362\/revisions"}],"predecessor-version":[{"id":1060,"href":"https:\/\/vetexpert.az\/az\/index.php\/wp-json\/wp\/v2\/pages\/362\/revisions\/1060"}],"wp:attachment":[{"href":"https:\/\/vetexpert.az\/az\/index.php\/wp-json\/wp\/v2\/media?parent=362"}],"curies":[{"name":"wp","href":"https:\/\/api.w.org\/{rel}","templated":true}]}}