{"id":345,"date":"2026-03-14T14:37:31","date_gmt":"2026-03-14T14:37:31","guid":{"rendered":"https:\/\/vetexpert.az\/?page_id=345"},"modified":"2026-04-09T16:39:20","modified_gmt":"2026-04-09T16:39:20","slug":"about","status":"publish","type":"page","link":"https:\/\/vetexpert.az\/az\/index.php\/about\/","title":{"rendered":"Haqq\u0131m\u0131zda"},"content":{"rendered":"\n<div class=\"wp-block-cover alignfull is-light\" style=\"min-height:480px;aspect-ratio:unset;\"><img decoding=\"async\" class=\"wp-block-cover__image-background wp-image-359 size-large\" alt=\"\" src=\"https:\/\/vetexpert.az\/wp-content\/uploads\/2026\/03\/testimonial-bg-1024x361.png\" data-object-fit=\"cover\"\/><span aria-hidden=\"true\" class=\"wp-block-cover__background has-background-dim\" style=\"background-color:#9f9b7a\"><\/span><div class=\"wp-block-cover__inner-container is-layout-constrained wp-block-cover-is-layout-constrained\">\n<p class=\"has-text-align-left has-large-font-size\"><strong>Heyvanlara sevgi<\/strong><\/p>\n\n\n\n<p class=\"has-text-align-left\"><br>H\u0259r bir heyvan\u0131n sa\u011flam, xo\u015fb\u0259xt v\u0259 g\u00f6z\u0259l ya\u015famas\u0131 \u00fc\u00e7\u00fcn <br>ev heyvanlar\u0131 sahibl\u0259rin\u0259 v\u0259 baytar h\u0259kiml\u0259rin\u0259 d\u0259st\u0259k oluruq.<\/p>\n<\/div><\/div>\n\n\n\n<div class=\"wp-block-cover alignfull is-light\" style=\"min-height:498px;aspect-ratio:unset;\"><img loading=\"lazy\" decoding=\"async\" width=\"1600\" height=\"634\" class=\"wp-block-cover__image-background wp-image-358 size-full\" alt=\"\" src=\"https:\/\/vetexpert.az\/wp-content\/uploads\/2026\/03\/why-choose-us.png\" data-object-fit=\"cover\" srcset=\"https:\/\/vetexpert.az\/wp-content\/uploads\/2026\/03\/why-choose-us.png 1600w, https:\/\/vetexpert.az\/wp-content\/uploads\/2026\/03\/why-choose-us-482x191.png 482w, https:\/\/vetexpert.az\/wp-content\/uploads\/2026\/03\/why-choose-us-1x1.png 1w, https:\/\/vetexpert.az\/wp-content\/uploads\/2026\/03\/why-choose-us-768x304.png 768w, https:\/\/vetexpert.az\/wp-content\/uploads\/2026\/03\/why-choose-us-1536x609.png 1536w, https:\/\/vetexpert.az\/wp-content\/uploads\/2026\/03\/why-choose-us-300x119.png 300w\" sizes=\"auto, (max-width: 1600px) 100vw, 1600px\" \/><span aria-hidden=\"true\" class=\"wp-block-cover__background has-background-dim\" style=\"background-color:#f6f4f1\"><\/span><div class=\"wp-block-cover__inner-container is-layout-constrained wp-block-cover-is-layout-constrained\">\n<p class=\"has-text-align-right has-large-font-size\"><strong>Pe\u015f\u0259kar komanda<\/strong><\/p>\n\n\n\n<p class=\"has-text-align-right\">Keyfiyy\u0259t i\u015f\u0259 planla\u015fd\u0131rmadan ba\u015flay\u0131r. Qida \u0259lav\u0259l\u0259rimiz, p\u0259hrizl\u0259rimiz v\u0259 yeml\u0259rimiz <br>heyvan qidalanmas\u0131 \u00fczr\u0259 t\u0259cr\u00fcb\u0259li m\u00fct\u0259x\u0259ssisl\u0259r t\u0259r\u0259find\u0259n haz\u0131rlan\u0131r. <br> \u018fn yax\u015f\u0131 m\u0259hsullar yaratmaq \u00fc\u00e7\u00fcn d\u00fcnya ekspertl\u0259ri il\u0259 i\u015fl\u0259yirik<br> <\/p>\n<\/div><\/div>\n\n\n\n<p><\/p>\n","protected":false},"excerpt":{"rendered":"","protected":false},"author":1,"featured_media":0,"parent":0,"menu_order":0,"comment_status":"closed","ping_status":"closed","template":"","meta":{"footnotes":""},"class_list":["post-345","page","type-page","status-publish","hentry"],"_links":{"self":[{"href":"https:\/\/vetexpert.az\/az\/index.php\/wp-json\/wp\/v2\/pages\/345","targetHints":{"allow":["GET"]}}],"collection":[{"href":"https:\/\/vetexpert.az\/az\/index.php\/wp-json\/wp\/v2\/pages"}],"about":[{"href":"https:\/\/vetexpert.az\/az\/index.php\/wp-json\/wp\/v2\/types\/page"}],"author":[{"embeddable":true,"href":"https:\/\/vetexpert.az\/az\/index.php\/wp-json\/wp\/v2\/users\/1"}],"replies":[{"embeddable":true,"href":"https:\/\/vetexpert.az\/az\/index.php\/wp-json\/wp\/v2\/comments?post=345"}],"version-history":[{"count":15,"href":"https:\/\/vetexpert.az\/az\/index.php\/wp-json\/wp\/v2\/pages\/345\/revisions"}],"predecessor-version":[{"id":1040,"href":"https:\/\/vetexpert.az\/az\/index.php\/wp-json\/wp\/v2\/pages\/345\/revisions\/1040"}],"wp:attachment":[{"href":"https:\/\/vetexpert.az\/az\/index.php\/wp-json\/wp\/v2\/media?parent=345"}],"curies":[{"name":"wp","href":"https:\/\/api.w.org\/{rel}","templated":true}]}}